{"id":6598,"date":"2023-08-13T19:02:55","date_gmt":"2023-08-13T19:02:55","guid":{"rendered":"https:\/\/lottoplay.net\/?post_type=product&#038;p=6598"},"modified":"2024-08-03T02:10:41","modified_gmt":"2024-08-03T02:10:41","slug":"wheel-of-fortune-lotto","status":"publish","type":"product","link":"https:\/\/lottoplay.net\/fr\/lottery\/wheel-of-fortune-lotto\/","title":{"rendered":"Wheel of Fortune Lotto"},"content":{"rendered":"<div data-elementor-type=\"product-post\" data-elementor-id=\"6598\" class=\"elementor elementor-6598\" data-elementor-post-type=\"product\">\n\t\t\t\t\t\t<section class=\"elementor-section elementor-top-section elementor-element elementor-element-b26f7c2 elementor-section-boxed elementor-section-height-default elementor-section-height-default\" data-id=\"b26f7c2\" data-element_type=\"section\">\n\t\t\t\t\t\t<div class=\"elementor-container elementor-column-gap-default\">\n\t\t\t\t\t<div class=\"elementor-column elementor-col-100 elementor-top-column elementor-element elementor-element-7455f2e\" data-id=\"7455f2e\" data-element_type=\"column\">\n\t\t\t<div class=\"elementor-widget-wrap elementor-element-populated\">\n\t\t\t\t\t\t<div class=\"elementor-element elementor-element-1c0715b elementor-widget__width-initial elementor-widget elementor-widget-text-editor\" data-id=\"1c0715b\" data-element_type=\"widget\" data-widget_type=\"text-editor.default\">\n\t\t\t\t<div class=\"elementor-widget-container\">\n\t\t\t\t\t\t\t\t\t<h2>A propos de Wheel of Fortune Lotto<\/h2><p><strong>Wheel of Fortune Lotto<\/strong> est un jeu de loterie captivant et innovant qui transpose l'essence du jeu t\u00e9l\u00e9vis\u00e9 embl\u00e9matique dans le domaine de l'informatique. <span style=\"text-decoration: underline;\">Loteries canadiennes<\/span>. En apportant une dose d'exaltation et d'anticipation, ce jeu r\u00e9imagine l'exp\u00e9rience traditionnelle de la loterie.<\/p><p>Au c\u0153ur du jeu, Wheel of Fortune Lotto associe les \u00e9l\u00e9ments classiques de la s\u00e9lection des num\u00e9ros \u00e0 l'excitation dynamique d'une roue qui tourne. Les joueurs s'engagent en choisissant leurs num\u00e9ros pr\u00e9f\u00e9r\u00e9s, et le tirage prend une tournure palpitante lorsqu'une roue vibrante entre en jeu. Cette roue ajoute une touche \u00e9lectrisante, d\u00e9voilant les num\u00e9ros gagnants avec une rotation qui amplifie l'excitation de la possibilit\u00e9.<\/p><p>Le loto Wheel of Fortune se distingue par la fusion du hasard et de la strat\u00e9gie. Lorsque la roue tourne, les joueurs assistent \u00e0 la convergence des num\u00e9ros qu'ils ont choisis avec les caprices du destin, cr\u00e9ant ainsi une synergie s\u00e9duisante qui les maintient captiv\u00e9s d'un tirage \u00e0 l'autre.<\/p><p>L'attrait de Wheel of Fortune Lotto r\u00e9side dans sa capacit\u00e9 \u00e0 transformer des moments ordinaires en moments d'anticipation extraordinaires. Les joueurs deviennent des participants captiv\u00e9s dans un voyage captivant inspir\u00e9 d'un jeu t\u00e9l\u00e9vis\u00e9, o\u00f9 leurs s\u00e9lections s'harmonisent avec les torsions de la roue pour d\u00e9voiler des fortunes potentielles.<\/p><p>Pour ceux qui aiment la magie de la surprise et le frisson de l'inconnu, Wheel of Fortune Lotto promet une exp\u00e9rience immersive qui allie la familiarit\u00e9 des jeux de loterie \u00e0 l'excitation palpitante d'une roue qui tourne.<\/p>\t\t\t\t\t\t\t\t<\/div>\n\t\t\t\t<\/div>\n\t\t\t\t<div class=\"elementor-element elementor-element-7a26856 elementor-alert-warning elementor-widget elementor-widget-alert\" data-id=\"7a26856\" data-element_type=\"widget\" data-widget_type=\"alert.default\">\n\t\t\t\t<div class=\"elementor-widget-container\">\n\t\t\t\t\t\t\t<div class=\"elementor-alert\" role=\"alert\">\n\n\t\t\t\t\t\t<span class=\"elementor-alert-title\"><img decoding=\"async\" role=\"img\" class=\"emoji\" alt=\"\u26a0\ufe0f\" src=\"https:\/\/s.w.org\/images\/core\/emoji\/14.0.0\/svg\/26a0.svg\"> ENCORE et Advance Play ne sont pas disponibles<\/span>\n\t\t\t\n\t\t\t\n\t\t\t\t\t\t<button type=\"button\" class=\"elementor-alert-dismiss\" aria-label=\"Ignorer cette alerte.\">\n\t\t\t\t\t\t\t\t\t<span aria-hidden=\"true\">\u00d7<\/span>\n\t\t\t\t\t\t\t<\/button>\n\t\t\t\n\t\t<\/div>\n\t\t\t\t\t\t<\/div>\n\t\t\t\t<\/div>\n\t\t\t\t<div class=\"elementor-element elementor-element-2dfb5ed elementor-widget elementor-widget-spacer\" data-id=\"2dfb5ed\" data-element_type=\"widget\" data-widget_type=\"spacer.default\">\n\t\t\t\t<div class=\"elementor-widget-container\">\n\t\t\t\t\t\t\t<div class=\"elementor-spacer\">\n\t\t\t<div class=\"elementor-spacer-inner\"><\/div>\n\t\t<\/div>\n\t\t\t\t\t\t<\/div>\n\t\t\t\t<\/div>\n\t\t\t\t\t<\/div>\n\t\t<\/div>\n\t\t\t\t\t<\/div>\n\t\t<\/section>\n\t\t\t\t<section class=\"elementor-section elementor-top-section elementor-element elementor-element-0962454 elementor-section-boxed elementor-section-height-default elementor-section-height-default\" data-id=\"0962454\" data-element_type=\"section\">\n\t\t\t\t\t\t<div class=\"elementor-container elementor-column-gap-default\">\n\t\t\t\t\t<div class=\"elementor-column elementor-col-100 elementor-top-column elementor-element elementor-element-d575ce8\" data-id=\"d575ce8\" data-element_type=\"column\">\n\t\t\t<div class=\"elementor-widget-wrap elementor-element-populated\">\n\t\t\t\t\t\t<div class=\"elementor-element elementor-element-283309f elementor-widget elementor-widget-image\" data-id=\"283309f\" data-element_type=\"widget\" data-widget_type=\"image.default\">\n\t\t\t\t<div class=\"elementor-widget-container\">\n\t\t\t\t\t\t\t\t\t\t\t\t\t\t\t\t<a href=\"https:\/\/lottoplay.net\/lottoking.html\" target=\"_blank\" rel=\"nofollow\">\n\t\t\t\t\t\t\t<img decoding=\"async\" src=\"https:\/\/lottoplay.net\/wp-content\/uploads\/2023\/08\/lottoking.gif\" title=\"lottoking\" alt=\"lottoking\" loading=\"lazy\" \/>\t\t\t\t\t\t\t\t<\/a>\n\t\t\t\t\t\t\t\t\t\t\t\t\t\t\t<\/div>\n\t\t\t\t<\/div>\n\t\t\t\t<div class=\"elementor-element elementor-element-45ee84a elementor-widget elementor-widget-spacer\" data-id=\"45ee84a\" data-element_type=\"widget\" data-widget_type=\"spacer.default\">\n\t\t\t\t<div class=\"elementor-widget-container\">\n\t\t\t\t\t\t\t<div class=\"elementor-spacer\">\n\t\t\t<div class=\"elementor-spacer-inner\"><\/div>\n\t\t<\/div>\n\t\t\t\t\t\t<\/div>\n\t\t\t\t<\/div>\n\t\t\t\t<div class=\"elementor-element elementor-element-e3a61a7 elementor-widget elementor-widget-heading\" data-id=\"e3a61a7\" data-element_type=\"widget\" data-widget_type=\"heading.default\">\n\t\t\t\t<div class=\"elementor-widget-container\">\n\t\t\t\t\t<h2 class=\"elementor-heading-title elementor-size-default\">Qui peut jouer \u00e0 la Wheel Of Fortune Lotto ?<\/h2>\t\t\t\t<\/div>\n\t\t\t\t<\/div>\n\t\t\t\t<div class=\"elementor-element elementor-element-d027d7c elementor-widget elementor-widget-text-editor\" data-id=\"d027d7c\" data-element_type=\"widget\" data-widget_type=\"text-editor.default\">\n\t\t\t\t<div class=\"elementor-widget-container\">\n\t\t\t\t\t\t\t\t\t<p>Les crit\u00e8res d'\u00e9ligibilit\u00e9 pour jouer seraient probablement les suivants :<\/p><ul><li><strong>\u00c2ge requis<\/strong>: Le jeu est ouvert aux r\u00e9sidents de l'Ontario, Canada, qui sont <strong>18 ans ou plus<\/strong>.<\/li><li><strong>R\u00e9sidence<\/strong>: Il est important de noter que les joueurs doivent \u00eatre physiquement situ\u00e9s dans la province de l'Ontario au moment de l'achat d'un billet ou de la participation au jeu. Cela permet de respecter les r\u00e8glements \u00e9tablis par l'OLG, l'agence gouvernementale provinciale responsable de l'organisation et de l'exploitation des loteries en Ontario.<\/li><\/ul>\t\t\t\t\t\t\t\t<\/div>\n\t\t\t\t<\/div>\n\t\t\t\t<div class=\"elementor-element elementor-element-55bd18c elementor-alert-info elementor-widget elementor-widget-alert\" data-id=\"55bd18c\" data-element_type=\"widget\" data-widget_type=\"alert.default\">\n\t\t\t\t<div class=\"elementor-widget-container\">\n\t\t\t\t\t\t\t<div class=\"elementor-alert\" role=\"alert\">\n\n\t\t\t\t\t\t<span class=\"elementor-alert-title\">\u26a0\ufe0fJouer de mani\u00e8re responsable !<\/span>\n\t\t\t\n\t\t\t\t\t\t<span class=\"elementor-alert-description\">Il est essentiel que vous sachiez combien d'argent vous pouvez d\u00e9penser confortablement lorsque vous jouez. Rappelez-vous que la probabilit\u00e9 que vous <strong>de gagner est beaucoup plus faible que la probabilit\u00e9 de perdre<\/strong>. Veillez \u00e0 prendre vos responsabilit\u00e9s lorsque vous jouez et \ud83c\udf40 <strong>Que la chance soit de votre c\u00f4t\u00e9 !<\/strong><\/span>\n\t\t\t\n\t\t\t\t\t\t<button type=\"button\" class=\"elementor-alert-dismiss\" aria-label=\"Ignorer cette alerte.\">\n\t\t\t\t\t\t\t\t\t<span aria-hidden=\"true\">\u00d7<\/span>\n\t\t\t\t\t\t\t<\/button>\n\t\t\t\n\t\t<\/div>\n\t\t\t\t\t\t<\/div>\n\t\t\t\t<\/div>\n\t\t\t\t<div class=\"elementor-element elementor-element-a7e04c4 elementor-widget elementor-widget-spacer\" data-id=\"a7e04c4\" data-element_type=\"widget\" data-widget_type=\"spacer.default\">\n\t\t\t\t<div class=\"elementor-widget-container\">\n\t\t\t\t\t\t\t<div class=\"elementor-spacer\">\n\t\t\t<div class=\"elementor-spacer-inner\"><\/div>\n\t\t<\/div>\n\t\t\t\t\t\t<\/div>\n\t\t\t\t<\/div>\n\t\t\t\t<div class=\"elementor-element elementor-element-3cbf743 elementor-widget elementor-widget-spacer\" data-id=\"3cbf743\" data-element_type=\"widget\" data-widget_type=\"spacer.default\">\n\t\t\t\t<div class=\"elementor-widget-container\">\n\t\t\t\t\t\t\t<div class=\"elementor-spacer\">\n\t\t\t<div class=\"elementor-spacer-inner\"><\/div>\n\t\t<\/div>\n\t\t\t\t\t\t<\/div>\n\t\t\t\t<\/div>\n\t\t\t\t\t<\/div>\n\t\t<\/div>\n\t\t\t\t\t<\/div>\n\t\t<\/section>\n\t\t\t\t<section class=\"elementor-section elementor-top-section elementor-element elementor-element-ae30caf elementor-section-boxed elementor-section-height-default elementor-section-height-default\" data-id=\"ae30caf\" data-element_type=\"section\">\n\t\t\t\t\t\t<div class=\"elementor-container elementor-column-gap-default\">\n\t\t\t\t\t<div class=\"elementor-column elementor-col-100 elementor-top-column elementor-element elementor-element-136644d\" data-id=\"136644d\" data-element_type=\"column\">\n\t\t\t<div class=\"elementor-widget-wrap elementor-element-populated\">\n\t\t\t\t\t\t<div class=\"elementor-element elementor-element-45c097f elementor-widget elementor-widget-heading\" data-id=\"45c097f\" data-element_type=\"widget\" data-widget_type=\"heading.default\">\n\t\t\t\t<div class=\"elementor-widget-container\">\n\t\t\t\t\t<h2 class=\"elementor-heading-title elementor-size-default\">Comment jouer \u00e0 la Wheel Of Fortune Lotto ?<\/h2>\t\t\t\t<\/div>\n\t\t\t\t<\/div>\n\t\t\t\t<div class=\"elementor-element elementor-element-2aed8cf elementor-widget elementor-widget-text-editor\" data-id=\"2aed8cf\" data-element_type=\"widget\" data-widget_type=\"text-editor.default\">\n\t\t\t\t<div class=\"elementor-widget-container\">\n\t\t\t\t\t\t\t\t\t<p>Pour jouer au Wheel Of Fortune Lotto, suivez les \u00e9tapes suivantes :<\/p>\t\t\t\t\t\t\t\t<\/div>\n\t\t\t\t<\/div>\n\t\t\t\t\t<\/div>\n\t\t<\/div>\n\t\t\t\t\t<\/div>\n\t\t<\/section>\n\t\t\t\t<section class=\"elementor-section elementor-top-section elementor-element elementor-element-9303646 elementor-section-boxed elementor-section-height-default elementor-section-height-default\" data-id=\"9303646\" data-element_type=\"section\">\n\t\t\t\t\t\t<div class=\"elementor-container elementor-column-gap-default\">\n\t\t\t\t\t<div class=\"elementor-column elementor-col-100 elementor-top-column elementor-element elementor-element-d9bbced\" data-id=\"d9bbced\" data-element_type=\"column\">\n\t\t\t<div class=\"elementor-widget-wrap elementor-element-populated\">\n\t\t\t\t\t\t<div class=\"elementor-element elementor-element-dcd8bd2 elementor-widget elementor-widget-spacer\" data-id=\"dcd8bd2\" data-element_type=\"widget\" data-widget_type=\"spacer.default\">\n\t\t\t\t<div class=\"elementor-widget-container\">\n\t\t\t\t\t\t\t<div class=\"elementor-spacer\">\n\t\t\t<div class=\"elementor-spacer-inner\"><\/div>\n\t\t<\/div>\n\t\t\t\t\t\t<\/div>\n\t\t\t\t<\/div>\n\t\t\t\t<section class=\"elementor-section elementor-inner-section elementor-element elementor-element-769240e elementor-section-boxed elementor-section-height-default elementor-section-height-default\" data-id=\"769240e\" data-element_type=\"section\">\n\t\t\t\t\t\t<div class=\"elementor-container elementor-column-gap-default\">\n\t\t\t\t\t<div class=\"elementor-column elementor-col-50 elementor-inner-column elementor-element elementor-element-131e9f7\" data-id=\"131e9f7\" data-element_type=\"column\">\n\t\t\t<div class=\"elementor-widget-wrap elementor-element-populated\">\n\t\t\t\t\t\t<div class=\"elementor-element elementor-element-cd2cad5 elementor-widget elementor-widget-image\" data-id=\"cd2cad5\" data-element_type=\"widget\" data-widget_type=\"image.default\">\n\t\t\t\t<div class=\"elementor-widget-container\">\n\t\t\t\t\t\t\t\t\t\t\t\t\t\t\t<img decoding=\"async\" src=\"https:\/\/lottoplay.net\/wp-content\/uploads\/2023\/08\/play-wheel-of-fortune.png\" title=\"jeu-roue-de-la-fortune\" alt=\"Jouer \u00e0 la Roue de la Fortune Lotto\" loading=\"lazy\" \/>\t\t\t\t\t\t\t\t\t\t\t\t\t\t\t<\/div>\n\t\t\t\t<\/div>\n\t\t\t\t\t<\/div>\n\t\t<\/div>\n\t\t\t\t<div class=\"elementor-column elementor-col-50 elementor-inner-column elementor-element elementor-element-7da87d4\" data-id=\"7da87d4\" data-element_type=\"column\">\n\t\t\t<div class=\"elementor-widget-wrap\">\n\t\t\t\t\t\t\t<\/div>\n\t\t<\/div>\n\t\t\t\t\t<\/div>\n\t\t<\/section>\n\t\t\t\t<div class=\"elementor-element elementor-element-9657c1c elementor-widget elementor-widget-text-editor\" data-id=\"9657c1c\" data-element_type=\"widget\" data-widget_type=\"text-editor.default\">\n\t\t\t\t<div class=\"elementor-widget-container\">\n\t\t\t\t\t\t\t\t\t<p>N'oubliez pas de jouer de mani\u00e8re responsable et de vous amuser en jouant au Wheel Of Fortune Lotto. Bonne chance !<\/p>\t\t\t\t\t\t\t\t<\/div>\n\t\t\t\t<\/div>\n\t\t\t\t<div class=\"elementor-element elementor-element-a339207 elementor-widget elementor-widget-spacer\" data-id=\"a339207\" data-element_type=\"widget\" data-widget_type=\"spacer.default\">\n\t\t\t\t<div class=\"elementor-widget-container\">\n\t\t\t\t\t\t\t<div class=\"elementor-spacer\">\n\t\t\t<div class=\"elementor-spacer-inner\"><\/div>\n\t\t<\/div>\n\t\t\t\t\t\t<\/div>\n\t\t\t\t<\/div>\n\t\t\t\t<div class=\"elementor-element elementor-element-56ca116 elementor-alert-info elementor-widget elementor-widget-alert\" data-id=\"56ca116\" data-element_type=\"widget\" data-widget_type=\"alert.default\">\n\t\t\t\t<div class=\"elementor-widget-container\">\n\t\t\t\t\t\t\t<div class=\"elementor-alert\" role=\"alert\">\n\n\t\t\t\t\t\t<span class=\"elementor-alert-title\">\u26a0\ufe0fJouer De mani\u00e8re responsable<\/span>\n\t\t\t\n\t\t\t\t\t\t<span class=\"elementor-alert-description\">Il est essentiel que vous sachiez combien d'argent vous pouvez confortablement d\u00e9penser en jouant. Il est important de noter que jouer \u00e0 la loterie est un jeu de hasard <a href=\"https:\/\/www.camh.ca\/en\/health-info\/mental-illness-and-addiction-index\/problem-gambling\" rel=\"nofollow noopener\" target=\"_blank\">forme de jeu de hasard et comporte des risques<\/a>. Rappelez-vous que la probabilit\u00e9 que vous <strong>de gagner est beaucoup plus faible que la probabilit\u00e9 de perdre<\/strong>. Veillez \u00e0 prendre vos responsabilit\u00e9s lorsque vous jouez et \ud83c\udf40 <strong>Que la chance soit de votre c\u00f4t\u00e9 !<\/strong><\/span>\n\t\t\t\n\t\t\t\t\t\t<button type=\"button\" class=\"elementor-alert-dismiss\" aria-label=\"Ignorer cette alerte.\">\n\t\t\t\t\t\t\t\t\t<span aria-hidden=\"true\">\u00d7<\/span>\n\t\t\t\t\t\t\t<\/button>\n\t\t\t\n\t\t<\/div>\n\t\t\t\t\t\t<\/div>\n\t\t\t\t<\/div>\n\t\t\t\t<div class=\"elementor-element elementor-element-967de44 elementor-widget elementor-widget-spacer\" data-id=\"967de44\" data-element_type=\"widget\" data-widget_type=\"spacer.default\">\n\t\t\t\t<div class=\"elementor-widget-container\">\n\t\t\t\t\t\t\t<div class=\"elementor-spacer\">\n\t\t\t<div class=\"elementor-spacer-inner\"><\/div>\n\t\t<\/div>\n\t\t\t\t\t\t<\/div>\n\t\t\t\t<\/div>\n\t\t\t\t<div class=\"elementor-element elementor-element-c097db2 elementor-widget elementor-widget-image\" data-id=\"c097db2\" data-element_type=\"widget\" data-widget_type=\"image.default\">\n\t\t\t\t<div class=\"elementor-widget-container\">\n\t\t\t\t\t\t\t\t\t\t\t\t\t\t\t\t<a href=\"https:\/\/lottoplay.net\/10betreg.html\" target=\"_blank\" rel=\"nofollow\">\n\t\t\t\t\t\t\t<img decoding=\"async\" src=\"https:\/\/lottoplay.net\/wp-content\/uploads\/2024\/04\/design_250x250.png\" title=\"design_250x250\" alt=\"10betplay\" loading=\"lazy\" \/>\t\t\t\t\t\t\t\t<\/a>\n\t\t\t\t\t\t\t\t\t\t\t\t\t\t\t<\/div>\n\t\t\t\t<\/div>\n\t\t\t\t\t<\/div>\n\t\t<\/div>\n\t\t\t\t\t<\/div>\n\t\t<\/section>\n\t\t\t\t<section class=\"elementor-section elementor-top-section elementor-element elementor-element-a78b364 elementor-section-boxed elementor-section-height-default elementor-section-height-default\" data-id=\"a78b364\" data-element_type=\"section\">\n\t\t\t\t\t\t<div class=\"elementor-container elementor-column-gap-default\">\n\t\t\t\t\t<div class=\"elementor-column elementor-col-100 elementor-top-column elementor-element elementor-element-5a99d5b\" data-id=\"5a99d5b\" data-element_type=\"column\">\n\t\t\t<div class=\"elementor-widget-wrap elementor-element-populated\">\n\t\t\t\t\t\t<div class=\"elementor-element elementor-element-ffde9fd elementor-widget elementor-widget-heading\" data-id=\"ffde9fd\" data-element_type=\"widget\" data-widget_type=\"heading.default\">\n\t\t\t\t<div class=\"elementor-widget-container\">\n\t\t\t\t\t<h2 class=\"elementor-heading-title elementor-size-default\">Wheel Of Fortune Lotto : les gains et les chances de gagner au Loto<\/h2>\t\t\t\t<\/div>\n\t\t\t\t<\/div>\n\t\t\t\t\t<\/div>\n\t\t<\/div>\n\t\t\t\t\t<\/div>\n\t\t<\/section>\n\t\t\t\t<section class=\"elementor-section elementor-top-section elementor-element elementor-element-78f4fa4 elementor-section-boxed elementor-section-height-default elementor-section-height-default\" data-id=\"78f4fa4\" data-element_type=\"section\">\n\t\t\t\t\t\t<div class=\"elementor-container elementor-column-gap-default\">\n\t\t\t\t\t<div class=\"elementor-column elementor-col-100 elementor-top-column elementor-element elementor-element-a4dc823\" data-id=\"a4dc823\" data-element_type=\"column\">\n\t\t\t<div class=\"elementor-widget-wrap elementor-element-populated\">\n\t\t\t\t\t\t<div class=\"elementor-element elementor-element-2e8b82e elementor-widget elementor-widget-text-editor\" data-id=\"2e8b82e\" data-element_type=\"widget\" data-widget_type=\"text-editor.default\">\n\t\t\t\t<div class=\"elementor-widget-container\">\n\t\t\t\t\t\t\t\t\t<p>Vous avez la possibilit\u00e9 de gagner l'un des prix suivants <strong>8 prix extraordinaires<\/strong> d'un simple coup d'\u0153il \u00e0 l'\u00e9cran du terminal. Il vous suffit de regarder o\u00f9 s'arr\u00eate la roue des prix et le prix est \u00e0 vous !<\/p>\t\t\t\t\t\t\t\t<\/div>\n\t\t\t\t<\/div>\n\t\t\t\t\t<\/div>\n\t\t<\/div>\n\t\t\t\t\t<\/div>\n\t\t<\/section>\n\t\t\t\t<section class=\"elementor-section elementor-top-section elementor-element elementor-element-1169668 elementor-section-boxed elementor-section-height-default elementor-section-height-default\" data-id=\"1169668\" data-element_type=\"section\">\n\t\t\t\t\t\t<div class=\"elementor-container elementor-column-gap-default\">\n\t\t\t\t\t<div class=\"elementor-column elementor-col-100 elementor-top-column elementor-element elementor-element-b794b0b\" data-id=\"b794b0b\" data-element_type=\"column\">\n\t\t\t<div class=\"elementor-widget-wrap elementor-element-populated\">\n\t\t\t\t\t\t<div class=\"elementor-element elementor-element-99d1f75 elementor-widget elementor-widget-text-editor\" data-id=\"99d1f75\" data-element_type=\"widget\" data-widget_type=\"text-editor.default\">\n\t\t\t\t<div class=\"elementor-widget-container\">\n\t\t\t\t\t\t\t\t\t<p style=\"font-style: normal; font-variant-ligatures: normal; font-variant-caps: normal; font-weight: 400; font-size: 16px; font-family: Poppins, arial;\"><div class=\"wpsm-table wpsm-table-main-color\"><\/p>\n\n<table style=\"font-style: normal; font-variant-ligatures: normal; font-variant-caps: normal; font-weight: 400; font-size: 16px; font-family: Poppins, arial; width: 1110px;\">\n<tbody>\n<tr>\n<th>Correspondance<\/th>\n<th>Prix***<\/th>\n<th>Les chances de gagner<\/th>\n<\/tr>\n<tr>\n<td><strong>6 \/ 6<\/strong><\/td>\n<td>CA$ 100 000<\/td>\n<td>1 sur 3 262 623<\/td>\n<\/tr>\n<tr>\n<td><strong>5 \/ 6<\/strong><\/td>\n<td>CA$500<\/td>\n<td>1 sur 16 478<\/td>\n<\/tr>\n<tr>\n<td><strong>4 \/ 6<\/strong><\/td>\n<td>CA$20<\/td>\n<td>1 sur 412<\/td>\n<\/tr>\n<tr>\n<td><strong>3 \/ 6<\/strong><\/td>\n<td>CA$3<\/td>\n<td>1 en 29.9<\/td>\n<\/tr>\n<\/tbody>\n<\/table>\n<p style=\"font-style: normal; font-variant-ligatures: normal; font-variant-caps: normal; font-weight: 400; font-size: 16px; font-family: Poppins, arial;\"><\/div><\/p>\t\t\t\t\t\t\t\t<\/div>\n\t\t\t\t<\/div>\n\t\t\t\t\t<\/div>\n\t\t<\/div>\n\t\t\t\t\t<\/div>\n\t\t<\/section>\n\t\t\t\t<\/div>","protected":false},"excerpt":{"rendered":"<p><span style=\"font-weight: 400;\"><strong>\u201cWheel of Fortune Lotto\u201d<\/strong> au Canada apporte une touche palpitante aux jeux de loterie traditionnels. Avec une touche captivante inspir\u00e9e du jeu t\u00e9l\u00e9vis\u00e9 embl\u00e9matique, les joueurs choisissent des num\u00e9ros et attendent avec impatience le tirage, o\u00f9 une roue dynamique d\u00e9termine le r\u00e9sultat final. L'\u00e9l\u00e9ment de hasard ajoute une couche suppl\u00e9mentaire d'excitation, offrant aux participants la possibilit\u00e9 de transformer les num\u00e9ros choisis en combinaisons gagnantes qui s'alignent sur la roue qui tourne. Cette approche innovante m\u00eale chance et strat\u00e9gie, cr\u00e9ant une exp\u00e9rience captivante qui tient les joueurs en haleine tandis qu'ils regardent la roue de la fortune d\u00e9voiler leurs r\u00e9compenses potentielles.<\/span><\/p>","protected":false},"featured_media":6599,"comment_status":"open","ping_status":"closed","template":"","meta":[],"store":[],"product_brand":[],"product_cat":[188],"product_tag":[],"class_list":{"0":"post-6598","1":"product","2":"type-product","3":"status-publish","4":"has-post-thumbnail","6":"product_cat-canada-lottery","8":"first","9":"instock","10":"shipping-taxable","11":"product-type-external"},"_links":{"self":[{"href":"https:\/\/lottoplay.net\/fr\/wp-json\/wp\/v2\/product\/6598","targetHints":{"allow":["GET"]}}],"collection":[{"href":"https:\/\/lottoplay.net\/fr\/wp-json\/wp\/v2\/product"}],"about":[{"href":"https:\/\/lottoplay.net\/fr\/wp-json\/wp\/v2\/types\/product"}],"replies":[{"embeddable":true,"href":"https:\/\/lottoplay.net\/fr\/wp-json\/wp\/v2\/comments?post=6598"}],"version-history":[{"count":42,"href":"https:\/\/lottoplay.net\/fr\/wp-json\/wp\/v2\/product\/6598\/revisions"}],"predecessor-version":[{"id":12868,"href":"https:\/\/lottoplay.net\/fr\/wp-json\/wp\/v2\/product\/6598\/revisions\/12868"}],"wp:featuredmedia":[{"embeddable":true,"href":"https:\/\/lottoplay.net\/fr\/wp-json\/wp\/v2\/media\/6599"}],"wp:attachment":[{"href":"https:\/\/lottoplay.net\/fr\/wp-json\/wp\/v2\/media?parent=6598"}],"wp:term":[{"taxonomy":"store","embeddable":true,"href":"https:\/\/lottoplay.net\/fr\/wp-json\/wp\/v2\/store?post=6598"},{"taxonomy":"product_brand","embeddable":true,"href":"https:\/\/lottoplay.net\/fr\/wp-json\/wp\/v2\/product_brand?post=6598"},{"taxonomy":"product_cat","embeddable":true,"href":"https:\/\/lottoplay.net\/fr\/wp-json\/wp\/v2\/product_cat?post=6598"},{"taxonomy":"product_tag","embeddable":true,"href":"https:\/\/lottoplay.net\/fr\/wp-json\/wp\/v2\/product_tag?post=6598"}],"curies":[{"name":"wp","href":"https:\/\/api.w.org\/{rel}","templated":true}]}}