{"id":6586,"date":"2023-08-13T16:21:36","date_gmt":"2023-08-13T16:21:36","guid":{"rendered":"https:\/\/lottoplay.net\/?post_type=product&#038;p=6586"},"modified":"2024-08-03T02:11:09","modified_gmt":"2024-08-03T02:11:09","slug":"lotto-d","status":"publish","type":"product","link":"https:\/\/lottoplay.net\/fr\/lottery\/lotto-d\/","title":{"rendered":"Loto D"},"content":{"rendered":"<div data-elementor-type=\"product-post\" data-elementor-id=\"6586\" class=\"elementor elementor-6586\" data-elementor-post-type=\"product\">\n\t\t\t\t\t\t<section class=\"elementor-section elementor-top-section elementor-element elementor-element-0ec6abb elementor-section-boxed elementor-section-height-default elementor-section-height-default\" data-id=\"0ec6abb\" data-element_type=\"section\">\n\t\t\t\t\t\t<div class=\"elementor-container elementor-column-gap-default\">\n\t\t\t\t\t<div class=\"elementor-column elementor-col-100 elementor-top-column elementor-element elementor-element-342f02e\" data-id=\"342f02e\" data-element_type=\"column\">\n\t\t\t<div class=\"elementor-widget-wrap elementor-element-populated\">\n\t\t\t\t\t\t<div class=\"elementor-element elementor-element-be64950 elementor-widget__width-initial elementor-widget elementor-widget-text-editor\" data-id=\"be64950\" data-element_type=\"widget\" data-widget_type=\"text-editor.default\">\n\t\t\t\t<div class=\"elementor-widget-container\">\n\t\t\t\t\t\t\t\t\t<h2>A propos de Lotto D<\/h2><p><strong>Loto D<\/strong> est un jeu de loterie intriguant et gratifiant qui a attir\u00e9 l'attention des joueurs dans toute la province du Qu\u00e9bec au Canada. Ce jeu pr\u00e9sente un format de tirage dynamique qui offre aux participants une chance de gagner des prix impressionnants, tout en profitant du frisson du hasard.<\/p><p>Dans le monde du Loto D, les joueurs sont confront\u00e9s \u00e0 une t\u00e2che passionnante : s\u00e9lectionner une s\u00e9rie de num\u00e9ros dans un \u00e9ventail pr\u00e9d\u00e9fini. Ces num\u00e9ros soigneusement choisis deviennent les cl\u00e9s qui ouvrent la porte \u00e0 des gains substantiels. L'impatience monte au fur et \u00e0 mesure que les joueurs attendent le tirage, au cours duquel les num\u00e9ros gagnants seront d\u00e9voil\u00e9s.<\/p><p>Le tirage du Lotto D a lieu tous les soirs \u00e0 <strong>22h30 heure locale<\/strong>. Les ventes de billets sont interrompues peu avant le tirage au sort et rouvrent juste apr\u00e8s.<\/p><p>Le co\u00fbt d'inscription au jeu est de <strong>CA$ 2 ou CA$ 5<\/strong>Le prix du billet et le montant du billet d\u00e9terminent l'importance des prix disponibles, mais il n'y a pas de prix \u00e0 la cl\u00e9. <span style=\"text-decoration: underline;\">cela n'affecte pas les chances de gagner<\/span> ou la fa\u00e7on dont le jeu est jou\u00e9.<\/p><p>Le jeu Lotto D exige des joueurs qu'ils fassent <strong>S\u00e9lection rapide uniquement<\/strong>, avec huit d\u00e9s blancs dont les num\u00e9ros vont de <strong>1 \u00e0 6<\/strong> pour le jeu principal et un d\u00e9 rouge dont le num\u00e9ro varie de 1 \u00e0 1 <strong>6<\/strong> pour le jeu \u00e0 gain imm\u00e9diat.<\/p>\t\t\t\t\t\t\t\t<\/div>\n\t\t\t\t<\/div>\n\t\t\t\t<div class=\"elementor-element elementor-element-2f42788 elementor-alert-info elementor-widget elementor-widget-alert\" data-id=\"2f42788\" data-element_type=\"widget\" data-widget_type=\"alert.default\">\n\t\t\t\t<div class=\"elementor-widget-container\">\n\t\t\t\t\t\t\t<div class=\"elementor-alert\" role=\"alert\">\n\n\t\t\t\t\t\t<span class=\"elementor-alert-title\">\u26a0\ufe0fJouer de mani\u00e8re responsable !<\/span>\n\t\t\t\n\t\t\t\t\t\t<span class=\"elementor-alert-description\">Il est essentiel que vous sachiez combien d'argent vous pouvez d\u00e9penser confortablement lorsque vous jouez. Rappelez-vous que la probabilit\u00e9 que vous <strong>de gagner est beaucoup plus faible que la probabilit\u00e9 de perdre<\/strong>. Veillez \u00e0 prendre vos responsabilit\u00e9s lorsque vous jouez et \ud83c\udf40 <strong>Que la chance soit de votre c\u00f4t\u00e9 !<\/strong><\/span>\n\t\t\t\n\t\t\t\t\t\t<button type=\"button\" class=\"elementor-alert-dismiss\" aria-label=\"Ignorer cette alerte.\">\n\t\t\t\t\t\t\t\t\t<span aria-hidden=\"true\">\u00d7<\/span>\n\t\t\t\t\t\t\t<\/button>\n\t\t\t\n\t\t<\/div>\n\t\t\t\t\t\t<\/div>\n\t\t\t\t<\/div>\n\t\t\t\t<div class=\"elementor-element elementor-element-436e7c7 elementor-widget elementor-widget-spacer\" data-id=\"436e7c7\" data-element_type=\"widget\" data-widget_type=\"spacer.default\">\n\t\t\t\t<div class=\"elementor-widget-container\">\n\t\t\t\t\t\t\t<div class=\"elementor-spacer\">\n\t\t\t<div class=\"elementor-spacer-inner\"><\/div>\n\t\t<\/div>\n\t\t\t\t\t\t<\/div>\n\t\t\t\t<\/div>\n\t\t\t\t<div class=\"elementor-element elementor-element-7a5af20 elementor-widget elementor-widget-image\" data-id=\"7a5af20\" data-element_type=\"widget\" data-widget_type=\"image.default\">\n\t\t\t\t<div class=\"elementor-widget-container\">\n\t\t\t\t\t\t\t\t\t\t\t\t\t\t\t\t<a href=\"https:\/\/lottoplay.net\/10betreg.html\" target=\"_blank\" rel=\"nofollow\">\n\t\t\t\t\t\t\t<img decoding=\"async\" src=\"https:\/\/lottoplay.net\/wp-content\/uploads\/2024\/04\/design_250x250.png\" title=\"design_250x250\" alt=\"10betplay\" loading=\"lazy\" \/>\t\t\t\t\t\t\t\t<\/a>\n\t\t\t\t\t\t\t\t\t\t\t\t\t\t\t<\/div>\n\t\t\t\t<\/div>\n\t\t\t\t<div class=\"elementor-element elementor-element-654ef8c elementor-widget elementor-widget-spacer\" data-id=\"654ef8c\" data-element_type=\"widget\" data-widget_type=\"spacer.default\">\n\t\t\t\t<div class=\"elementor-widget-container\">\n\t\t\t\t\t\t\t<div class=\"elementor-spacer\">\n\t\t\t<div class=\"elementor-spacer-inner\"><\/div>\n\t\t<\/div>\n\t\t\t\t\t\t<\/div>\n\t\t\t\t<\/div>\n\t\t\t\t\t<\/div>\n\t\t<\/div>\n\t\t\t\t\t<\/div>\n\t\t<\/section>\n\t\t\t\t<section class=\"elementor-section elementor-top-section elementor-element elementor-element-f0ca7cc elementor-section-boxed elementor-section-height-default elementor-section-height-default\" data-id=\"f0ca7cc\" data-element_type=\"section\">\n\t\t\t\t\t\t<div class=\"elementor-container elementor-column-gap-default\">\n\t\t\t\t\t<div class=\"elementor-column elementor-col-100 elementor-top-column elementor-element elementor-element-1e05227\" data-id=\"1e05227\" data-element_type=\"column\">\n\t\t\t<div class=\"elementor-widget-wrap elementor-element-populated\">\n\t\t\t\t\t\t<div class=\"elementor-element elementor-element-9231bcf elementor-widget elementor-widget-heading\" data-id=\"9231bcf\" data-element_type=\"widget\" data-widget_type=\"heading.default\">\n\t\t\t\t<div class=\"elementor-widget-container\">\n\t\t\t\t\t<h2 class=\"elementor-heading-title elementor-size-default\">Qui peut jouer au Lotto D ?<\/h2>\t\t\t\t<\/div>\n\t\t\t\t<\/div>\n\t\t\t\t<div class=\"elementor-element elementor-element-fea72ce elementor-widget elementor-widget-text-editor\" data-id=\"fea72ce\" data-element_type=\"widget\" data-widget_type=\"text-editor.default\">\n\t\t\t\t<div class=\"elementor-widget-container\">\n\t\t\t\t\t\t\t\t\t<p>Le loto D est ouvert aux :<\/p><ul><li>R\u00e9sidents du Qu\u00e9bec, Canada, qui sont <strong>18 ans ou plus<\/strong>.<\/li><li>En r\u00e8gle g\u00e9n\u00e9rale, un jeu de loterie est ouvert <span style=\"text-decoration: underline;\">aux r\u00e9sidents de la province<\/span> ou le territoire o\u00f9 il est offert. <strong>Les joueurs doivent \u00eatre physiquement situ\u00e9s dans les limites du Qu\u00e9bec pour acheter des billets et participer.<\/strong>.<\/li><li>Certaines personnes, telles que <span style=\"text-decoration: underline;\">les employ\u00e9s de l'op\u00e9rateur de loterie et les membres de leur famille imm\u00e9diate<\/span>Il est possible d'interdire la participation de certaines personnes afin de garantir l'\u00e9quit\u00e9 et l'int\u00e9grit\u00e9 du concours.<\/li><\/ul>\t\t\t\t\t\t\t\t<\/div>\n\t\t\t\t<\/div>\n\t\t\t\t<div class=\"elementor-element elementor-element-5caba1d elementor-alert-warning elementor-widget elementor-widget-alert\" data-id=\"5caba1d\" data-element_type=\"widget\" data-widget_type=\"alert.default\">\n\t\t\t\t<div class=\"elementor-widget-container\">\n\t\t\t\t\t\t\t<div class=\"elementor-alert\" role=\"alert\">\n\n\t\t\t\t\t\t<span class=\"elementor-alert-title\"><img decoding=\"async\" role=\"img\" class=\"emoji\" alt=\"\u26a0\ufe0f\" src=\"https:\/\/s.w.org\/images\/core\/emoji\/14.0.0\/svg\/26a0.svg\">Le Lotto D n'est actuellement disponible qu'au Qu\u00e9bec.<\/span>\n\t\t\t\n\t\t\t\n\t\t\t\t\t\t<button type=\"button\" class=\"elementor-alert-dismiss\" aria-label=\"Ignorer cette alerte.\">\n\t\t\t\t\t\t\t\t\t<span aria-hidden=\"true\">\u00d7<\/span>\n\t\t\t\t\t\t\t<\/button>\n\t\t\t\n\t\t<\/div>\n\t\t\t\t\t\t<\/div>\n\t\t\t\t<\/div>\n\t\t\t\t<div class=\"elementor-element elementor-element-37a5bfc elementor-widget elementor-widget-spacer\" data-id=\"37a5bfc\" data-element_type=\"widget\" data-widget_type=\"spacer.default\">\n\t\t\t\t<div class=\"elementor-widget-container\">\n\t\t\t\t\t\t\t<div class=\"elementor-spacer\">\n\t\t\t<div class=\"elementor-spacer-inner\"><\/div>\n\t\t<\/div>\n\t\t\t\t\t\t<\/div>\n\t\t\t\t<\/div>\n\t\t\t\t<div class=\"elementor-element elementor-element-0f11287 elementor-widget elementor-widget-spacer\" data-id=\"0f11287\" data-element_type=\"widget\" data-widget_type=\"spacer.default\">\n\t\t\t\t<div class=\"elementor-widget-container\">\n\t\t\t\t\t\t\t<div class=\"elementor-spacer\">\n\t\t\t<div class=\"elementor-spacer-inner\"><\/div>\n\t\t<\/div>\n\t\t\t\t\t\t<\/div>\n\t\t\t\t<\/div>\n\t\t\t\t\t<\/div>\n\t\t<\/div>\n\t\t\t\t\t<\/div>\n\t\t<\/section>\n\t\t\t\t<section class=\"elementor-section elementor-top-section elementor-element elementor-element-fec0dc2 elementor-section-boxed elementor-section-height-default elementor-section-height-default\" data-id=\"fec0dc2\" data-element_type=\"section\">\n\t\t\t\t\t\t<div class=\"elementor-container elementor-column-gap-default\">\n\t\t\t\t\t<div class=\"elementor-column elementor-col-100 elementor-top-column elementor-element elementor-element-c67d6cb\" data-id=\"c67d6cb\" data-element_type=\"column\">\n\t\t\t<div class=\"elementor-widget-wrap elementor-element-populated\">\n\t\t\t\t\t\t<div class=\"elementor-element elementor-element-7c51848 elementor-widget elementor-widget-heading\" data-id=\"7c51848\" data-element_type=\"widget\" data-widget_type=\"heading.default\">\n\t\t\t\t<div class=\"elementor-widget-container\">\n\t\t\t\t\t<h2 class=\"elementor-heading-title elementor-size-default\">Comment jouer au Lotto D en ligne ?<\/h2>\t\t\t\t<\/div>\n\t\t\t\t<\/div>\n\t\t\t\t<div class=\"elementor-element elementor-element-3f137d0 elementor-widget elementor-widget-text-editor\" data-id=\"3f137d0\" data-element_type=\"widget\" data-widget_type=\"text-editor.default\">\n\t\t\t\t<div class=\"elementor-widget-container\">\n\t\t\t\t\t\t\t\t\t<p>Pour jouer au Loto D au Qu\u00e9bec en ligne, vous devez suivre les \u00e9tapes ci-dessous.<\/p>\t\t\t\t\t\t\t\t<\/div>\n\t\t\t\t<\/div>\n\t\t\t\t\t<\/div>\n\t\t<\/div>\n\t\t\t\t\t<\/div>\n\t\t<\/section>\n\t\t\t\t<section class=\"elementor-section elementor-top-section elementor-element elementor-element-ed0711a elementor-section-boxed elementor-section-height-default elementor-section-height-default\" data-id=\"ed0711a\" data-element_type=\"section\">\n\t\t\t\t\t\t<div class=\"elementor-container elementor-column-gap-default\">\n\t\t\t\t\t<div class=\"elementor-column elementor-col-100 elementor-top-column elementor-element elementor-element-350db5b\" data-id=\"350db5b\" data-element_type=\"column\">\n\t\t\t<div class=\"elementor-widget-wrap elementor-element-populated\">\n\t\t\t\t\t\t<div class=\"elementor-element elementor-element-ccda182 elementor-widget elementor-widget-spacer\" data-id=\"ccda182\" data-element_type=\"widget\" data-widget_type=\"spacer.default\">\n\t\t\t\t<div class=\"elementor-widget-container\">\n\t\t\t\t\t\t\t<div class=\"elementor-spacer\">\n\t\t\t<div class=\"elementor-spacer-inner\"><\/div>\n\t\t<\/div>\n\t\t\t\t\t\t<\/div>\n\t\t\t\t<\/div>\n\t\t\t\t<section class=\"elementor-section elementor-inner-section elementor-element elementor-element-f944dc0 elementor-section-boxed elementor-section-height-default elementor-section-height-default\" data-id=\"f944dc0\" data-element_type=\"section\">\n\t\t\t\t\t\t<div class=\"elementor-container elementor-column-gap-default\">\n\t\t\t\t\t<div class=\"elementor-column elementor-col-50 elementor-inner-column elementor-element elementor-element-139bae4\" data-id=\"139bae4\" data-element_type=\"column\">\n\t\t\t<div class=\"elementor-widget-wrap elementor-element-populated\">\n\t\t\t\t\t\t<div class=\"elementor-element elementor-element-40db116 elementor-widget elementor-widget-spacer\" data-id=\"40db116\" data-element_type=\"widget\" data-widget_type=\"spacer.default\">\n\t\t\t\t<div class=\"elementor-widget-container\">\n\t\t\t\t\t\t\t<div class=\"elementor-spacer\">\n\t\t\t<div class=\"elementor-spacer-inner\"><\/div>\n\t\t<\/div>\n\t\t\t\t\t\t<\/div>\n\t\t\t\t<\/div>\n\t\t\t\t<div class=\"elementor-element elementor-element-b9f886a elementor-widget elementor-widget-image\" data-id=\"b9f886a\" data-element_type=\"widget\" data-widget_type=\"image.default\">\n\t\t\t\t<div class=\"elementor-widget-container\">\n\t\t\t\t\t\t\t\t\t\t\t\t\t\t\t<img decoding=\"async\" src=\"https:\/\/lottoplay.net\/wp-content\/uploads\/2023\/08\/play-lotto-d-online.png\" title=\"play-lotto-d-online\" alt=\"femmes jouer au Lotto D en ligne\" loading=\"lazy\" \/>\t\t\t\t\t\t\t\t\t\t\t\t\t\t\t<\/div>\n\t\t\t\t<\/div>\n\t\t\t\t\t<\/div>\n\t\t<\/div>\n\t\t\t\t<div class=\"elementor-column elementor-col-50 elementor-inner-column elementor-element elementor-element-00b8e15\" data-id=\"00b8e15\" data-element_type=\"column\">\n\t\t\t<div class=\"elementor-widget-wrap\">\n\t\t\t\t\t\t\t<\/div>\n\t\t<\/div>\n\t\t\t\t\t<\/div>\n\t\t<\/section>\n\t\t\t\t<div class=\"elementor-element elementor-element-77fa313 elementor-widget elementor-widget-text-editor\" data-id=\"77fa313\" data-element_type=\"widget\" data-widget_type=\"text-editor.default\">\n\t\t\t\t<div class=\"elementor-widget-container\">\n\t\t\t\t\t\t\t\t\t<p>Il est imp\u00e9ratif d'agir de mani\u00e8re responsable et de rester dans les limites de ses moyens financiers lorsqu'on joue. <strong>Loto D<\/strong>. Cet article donne une vue d'ensemble du processus, mais il est essentiel de suivre les \u00e9tapes suivantes <strong>Loto-Qu\u00e9bec<\/strong> des directives pr\u00e9cises pour jouer en ligne.<\/p>\t\t\t\t\t\t\t\t<\/div>\n\t\t\t\t<\/div>\n\t\t\t\t<div class=\"elementor-element elementor-element-c53a794 elementor-alert-info elementor-widget elementor-widget-alert\" data-id=\"c53a794\" data-element_type=\"widget\" data-widget_type=\"alert.default\">\n\t\t\t\t<div class=\"elementor-widget-container\">\n\t\t\t\t\t\t\t<div class=\"elementor-alert\" role=\"alert\">\n\n\t\t\t\t\t\t<span class=\"elementor-alert-title\">\u26a0\ufe0fJouer De mani\u00e8re responsable<\/span>\n\t\t\t\n\t\t\t\t\t\t<span class=\"elementor-alert-description\">Il est essentiel que vous sachiez combien d'argent vous pouvez confortablement d\u00e9penser en jouant. Il est important de noter que jouer \u00e0 la loterie est un jeu de hasard <a href=\"https:\/\/www.camh.ca\/en\/health-info\/mental-illness-and-addiction-index\/problem-gambling\" rel=\"nofollow noopener\" target=\"_blank\">forme de jeu de hasard et comporte des risques<\/a>. Rappelez-vous que la probabilit\u00e9 que vous <strong>de gagner est beaucoup plus faible que la probabilit\u00e9 de perdre<\/strong>. Veillez \u00e0 prendre vos responsabilit\u00e9s lorsque vous jouez et \ud83c\udf40 <strong>Que la chance soit de votre c\u00f4t\u00e9 !<\/strong><\/span>\n\t\t\t\n\t\t\t\t\t\t<button type=\"button\" class=\"elementor-alert-dismiss\" aria-label=\"Ignorer cette alerte.\">\n\t\t\t\t\t\t\t\t\t<span aria-hidden=\"true\">\u00d7<\/span>\n\t\t\t\t\t\t\t<\/button>\n\t\t\t\n\t\t<\/div>\n\t\t\t\t\t\t<\/div>\n\t\t\t\t<\/div>\n\t\t\t\t<div class=\"elementor-element elementor-element-78e00a8 elementor-widget elementor-widget-spacer\" data-id=\"78e00a8\" data-element_type=\"widget\" data-widget_type=\"spacer.default\">\n\t\t\t\t<div class=\"elementor-widget-container\">\n\t\t\t\t\t\t\t<div class=\"elementor-spacer\">\n\t\t\t<div class=\"elementor-spacer-inner\"><\/div>\n\t\t<\/div>\n\t\t\t\t\t\t<\/div>\n\t\t\t\t<\/div>\n\t\t\t\t<div class=\"elementor-element elementor-element-113f3d0 elementor-widget elementor-widget-image\" data-id=\"113f3d0\" data-element_type=\"widget\" data-widget_type=\"image.default\">\n\t\t\t\t<div class=\"elementor-widget-container\">\n\t\t\t\t\t\t\t\t\t\t\t\t\t\t\t\t<a href=\"https:\/\/lottoplay.net\/mega-millions-lottery.html\" target=\"_blank\" rel=\"nofollow\">\n\t\t\t\t\t\t\t<img decoding=\"async\" src=\"https:\/\/lottoplay.net\/wp-content\/uploads\/2023\/08\/mega_millions_banner.png\" title=\"banni\u00e8re mega_millions\" alt=\"banni\u00e8re mega_millions\" loading=\"lazy\" \/>\t\t\t\t\t\t\t\t<\/a>\n\t\t\t\t\t\t\t\t\t\t\t\t\t\t\t<\/div>\n\t\t\t\t<\/div>\n\t\t\t\t<div class=\"elementor-element elementor-element-d96cccb elementor-widget elementor-widget-spacer\" data-id=\"d96cccb\" data-element_type=\"widget\" data-widget_type=\"spacer.default\">\n\t\t\t\t<div class=\"elementor-widget-container\">\n\t\t\t\t\t\t\t<div class=\"elementor-spacer\">\n\t\t\t<div class=\"elementor-spacer-inner\"><\/div>\n\t\t<\/div>\n\t\t\t\t\t\t<\/div>\n\t\t\t\t<\/div>\n\t\t\t\t<div class=\"elementor-element elementor-element-1ae2e8a elementor-widget elementor-widget-heading\" data-id=\"1ae2e8a\" data-element_type=\"widget\" data-widget_type=\"heading.default\">\n\t\t\t\t<div class=\"elementor-widget-container\">\n\t\t\t\t\t<h2 class=\"elementor-heading-title elementor-size-default\">Imp\u00f4t pay\u00e9 sur les prix gagn\u00e9s au Lotto D<\/h2>\t\t\t\t<\/div>\n\t\t\t\t<\/div>\n\t\t\t\t<div class=\"elementor-element elementor-element-c8f3aa2 elementor-widget elementor-widget-text-editor\" data-id=\"c8f3aa2\" data-element_type=\"widget\" data-widget_type=\"text-editor.default\">\n\t\t\t\t<div class=\"elementor-widget-container\">\n\t\t\t\t\t\t\t\t\t<p>Les gagnants du prix recevront leur gain sous forme de <strong>exon\u00e9r\u00e9 d'imp\u00f4t<\/strong> et aura une p\u00e9riode d'attente d'une dur\u00e9e de deux ans. <strong>1 an<\/strong> pour collecter l'argent.<\/p>\t\t\t\t\t\t\t\t<\/div>\n\t\t\t\t<\/div>\n\t\t\t\t<div class=\"elementor-element elementor-element-27bbe66 elementor-widget elementor-widget-heading\" data-id=\"27bbe66\" data-element_type=\"widget\" data-widget_type=\"heading.default\">\n\t\t\t\t<div class=\"elementor-widget-container\">\n\t\t\t\t\t<h2 class=\"elementor-heading-title elementor-size-default\">Jackpot du Loto D<\/h2>\t\t\t\t<\/div>\n\t\t\t\t<\/div>\n\t\t\t\t<div class=\"elementor-element elementor-element-bd03cf2 elementor-widget elementor-widget-text-editor\" data-id=\"bd03cf2\" data-element_type=\"widget\" data-widget_type=\"text-editor.default\">\n\t\t\t\t<div class=\"elementor-widget-container\">\n\t\t\t\t\t\t\t\t\t<p>Le grand jackpot du Lotto D est de <strong>CA$ 25 000<\/strong> pour un <strong>CA$ 2 tickets<\/strong>et d'une somme consid\u00e9rable d'un million d'euros. <strong>CA$ 100 000<\/strong> pour un <strong>CA$ 5<\/strong> de l'entr\u00e9e. L'opportunit\u00e9 de gagner une somme d'argent qui peut changer une vie est une chance incroyable \u00e0 saisir !<\/p><p>Si trois joueurs ou moins gagnent, ils ont droit \u00e0 la totalit\u00e9 du montant du jackpot. En revanche, s'il y a plus de trois gagnants, le montant est divis\u00e9 en parts \u00e9gales entre tous les joueurs.<\/p>\t\t\t\t\t\t\t\t<\/div>\n\t\t\t\t<\/div>\n\t\t\t\t<div class=\"elementor-element elementor-element-f07cc8d elementor-widget elementor-widget-heading\" data-id=\"f07cc8d\" data-element_type=\"widget\" data-widget_type=\"heading.default\">\n\t\t\t\t<div class=\"elementor-widget-container\">\n\t\t\t\t\t<h2 class=\"elementor-heading-title elementor-size-default\">Paiements et cotes des prix du Lotto D<\/h2>\t\t\t\t<\/div>\n\t\t\t\t<\/div>\n\t\t\t\t<div class=\"elementor-element elementor-element-7e1fb4e elementor-widget elementor-widget-text-editor\" data-id=\"7e1fb4e\" data-element_type=\"widget\" data-widget_type=\"text-editor.default\">\n\t\t\t\t<div class=\"elementor-widget-container\">\n\t\t\t\t\t\t\t\t\t<p>Les chances globales de gagner un prix sont les suivantes <strong>1 sur 18<\/strong> pour les <span style=\"text-decoration: underline;\">Dessin principal<\/span>et <strong>1 en 2.5<\/strong> pour <span style=\"text-decoration: underline;\">Jeu rapide<\/span>.<\/p>\t\t\t\t\t\t\t\t<\/div>\n\t\t\t\t<\/div>\n\t\t\t\t<div class=\"elementor-element elementor-element-8ba03f2 elementor-widget elementor-widget-text-editor\" data-id=\"8ba03f2\" data-element_type=\"widget\" data-widget_type=\"text-editor.default\">\n\t\t\t\t<div class=\"elementor-widget-container\">\n\t\t\t\t\t\t\t\t\t<p style=\"font-style: normal; font-variant-ligatures: normal; font-variant-caps: normal; font-weight: 400; font-size: 16px; font-family: Poppins, arial;\"><div class=\"wpsm-table wpsm-table-main-color\"><\/p>\n\n<table style=\"font-style: normal; font-variant-ligatures: normal; font-variant-caps: normal; font-weight: 400; font-size: 16px; font-family: Poppins, arial; width: 1110px;\">\n<tbody>\n<tr>\n<th>Correspondance<\/th>\n<th>Les chances de gagner<\/th>\n<th>Cotes gagnantes %<\/th>\n<\/tr>\n<tr>\n<td><strong>8<\/strong><\/td>\n<td>1 sur 1 679 616<\/td>\n<td>0.00006 %<\/td>\n<\/tr>\n<tr>\n<td><strong>Les 7 premiers ou les 7 derniers<\/strong><\/td>\n<td>1 sur 335 923<\/td>\n<td>0.0003 %<\/td>\n<\/tr>\n<tr>\n<td><strong>Six premiers ou six derniers<\/strong><\/td>\n<td>1 sur 55 987<\/td>\n<td>0.002 %<\/td>\n<\/tr>\n<tr>\n<td><strong>Cinq premiers ou cinq derniers<\/strong><\/td>\n<td>1 sur 9 597<\/td>\n<td>0.01 %<\/td>\n<\/tr>\n<tr>\n<td><strong>Les 4 premiers ou les 4 derniers<\/strong><\/td>\n<td>1 sur 1 600<\/td>\n<td>0.06 %<\/td>\n<\/tr>\n<tr>\n<td><strong>Trois premiers ou trois derniers<\/strong><\/td>\n<td>1 sur 267<\/td>\n<td>0.37 %<\/td>\n<\/tr>\n<tr>\n<td><strong>Les 2 premiers ou les 2 derniers<\/strong><\/td>\n<td>1 sur 44<\/td>\n<td>2.27 %<\/td>\n<\/tr>\n<\/tbody>\n<\/table>\n<p style=\"font-style: normal; font-variant-ligatures: normal; font-variant-caps: normal; font-weight: 400; font-size: 16px; font-family: Poppins, arial;\"><\/div><\/p>\t\t\t\t\t\t\t\t<\/div>\n\t\t\t\t<\/div>\n\t\t\t\t<div class=\"elementor-element elementor-element-776f5fd elementor-widget elementor-widget-image\" data-id=\"776f5fd\" data-element_type=\"widget\" data-widget_type=\"image.default\">\n\t\t\t\t<div class=\"elementor-widget-container\">\n\t\t\t\t\t\t\t\t\t\t\t\t\t\t\t\t<a href=\"https:\/\/lottoplay.net\/lottoking.html\" target=\"_blank\" rel=\"nofollow\">\n\t\t\t\t\t\t\t<img decoding=\"async\" src=\"https:\/\/lottoplay.net\/wp-content\/uploads\/2023\/08\/lottoking.gif\" title=\"lottoking\" alt=\"lottoking\" loading=\"lazy\" \/>\t\t\t\t\t\t\t\t<\/a>\n\t\t\t\t\t\t\t\t\t\t\t\t\t\t\t<\/div>\n\t\t\t\t<\/div>\n\t\t\t\t<div class=\"elementor-element elementor-element-bfe4137 elementor-widget elementor-widget-spacer\" data-id=\"bfe4137\" data-element_type=\"widget\" data-widget_type=\"spacer.default\">\n\t\t\t\t<div class=\"elementor-widget-container\">\n\t\t\t\t\t\t\t<div class=\"elementor-spacer\">\n\t\t\t<div class=\"elementor-spacer-inner\"><\/div>\n\t\t<\/div>\n\t\t\t\t\t\t<\/div>\n\t\t\t\t<\/div>\n\t\t\t\t\t<\/div>\n\t\t<\/div>\n\t\t\t\t\t<\/div>\n\t\t<\/section>\n\t\t\t\t<\/div>","protected":false},"excerpt":{"rendered":"<p><span style=\"font-weight: 400;\"><strong>Loto D<\/strong> est un jeu de loterie s\u00e9duisant qui offre un m\u00e9lange unique d'excitation et d'anticipation aux joueurs du Qu\u00e9bec, au Canada. Avec son format de tirage captivant et la possibilit\u00e9 de gagner des prix substantiels, le Lotto D est l'un des jeux pr\u00e9f\u00e9r\u00e9s des amateurs de loterie. Le jeu consiste \u00e0 s\u00e9lectionner des num\u00e9ros dans une fourchette donn\u00e9e et \u00e0 attendre les r\u00e9sultats du tirage en retenant son souffle. Lorsque les num\u00e9ros gagnants sont d\u00e9voil\u00e9s, les r\u00eaves des joueurs de s'assurer des gains g\u00e9n\u00e9reux deviennent r\u00e9alit\u00e9. Le Lotto D n'est pas seulement un jeu de hasard ; c'est une exp\u00e9rience qui rassemble les gens dans la poursuite de r\u00e9compenses qui changent la vie.<\/span><\/p>","protected":false},"featured_media":6587,"comment_status":"open","ping_status":"closed","template":"","meta":[],"store":[],"product_brand":[],"product_cat":[188],"product_tag":[],"class_list":{"0":"post-6586","1":"product","2":"type-product","3":"status-publish","4":"has-post-thumbnail","6":"product_cat-canada-lottery","8":"first","9":"instock","10":"shipping-taxable","11":"product-type-external"},"_links":{"self":[{"href":"https:\/\/lottoplay.net\/fr\/wp-json\/wp\/v2\/product\/6586","targetHints":{"allow":["GET"]}}],"collection":[{"href":"https:\/\/lottoplay.net\/fr\/wp-json\/wp\/v2\/product"}],"about":[{"href":"https:\/\/lottoplay.net\/fr\/wp-json\/wp\/v2\/types\/product"}],"replies":[{"embeddable":true,"href":"https:\/\/lottoplay.net\/fr\/wp-json\/wp\/v2\/comments?post=6586"}],"version-history":[{"count":32,"href":"https:\/\/lottoplay.net\/fr\/wp-json\/wp\/v2\/product\/6586\/revisions"}],"predecessor-version":[{"id":12871,"href":"https:\/\/lottoplay.net\/fr\/wp-json\/wp\/v2\/product\/6586\/revisions\/12871"}],"wp:featuredmedia":[{"embeddable":true,"href":"https:\/\/lottoplay.net\/fr\/wp-json\/wp\/v2\/media\/6587"}],"wp:attachment":[{"href":"https:\/\/lottoplay.net\/fr\/wp-json\/wp\/v2\/media?parent=6586"}],"wp:term":[{"taxonomy":"store","embeddable":true,"href":"https:\/\/lottoplay.net\/fr\/wp-json\/wp\/v2\/store?post=6586"},{"taxonomy":"product_brand","embeddable":true,"href":"https:\/\/lottoplay.net\/fr\/wp-json\/wp\/v2\/product_brand?post=6586"},{"taxonomy":"product_cat","embeddable":true,"href":"https:\/\/lottoplay.net\/fr\/wp-json\/wp\/v2\/product_cat?post=6586"},{"taxonomy":"product_tag","embeddable":true,"href":"https:\/\/lottoplay.net\/fr\/wp-json\/wp\/v2\/product_tag?post=6586"}],"curies":[{"name":"wp","href":"https:\/\/api.w.org\/{rel}","templated":true}]}}