{"id":5739,"date":"2023-04-18T12:21:32","date_gmt":"2023-04-18T12:21:32","guid":{"rendered":"https:\/\/lottoplay.net\/?post_type=product&#038;p=5739"},"modified":"2024-08-03T03:01:50","modified_gmt":"2024-08-03T03:01:50","slug":"tag","status":"publish","type":"product","link":"https:\/\/lottoplay.net\/fr\/lottery\/tag\/","title":{"rendered":"Tag"},"content":{"rendered":"<div data-elementor-type=\"product-post\" data-elementor-id=\"5739\" class=\"elementor elementor-5739\" data-elementor-post-type=\"product\">\n\t\t\t\t\t\t<section class=\"elementor-section elementor-top-section elementor-element elementor-element-efb5210 elementor-section-boxed elementor-section-height-default elementor-section-height-default\" data-id=\"efb5210\" data-element_type=\"section\">\n\t\t\t\t\t\t<div class=\"elementor-container elementor-column-gap-default\">\n\t\t\t\t\t<div class=\"elementor-column elementor-col-100 elementor-top-column elementor-element elementor-element-2951fab\" data-id=\"2951fab\" data-element_type=\"column\">\n\t\t\t<div class=\"elementor-widget-wrap elementor-element-populated\">\n\t\t\t\t\t\t<div class=\"elementor-element elementor-element-01b4828 elementor-widget elementor-widget-text-editor\" data-id=\"01b4828\" data-element_type=\"widget\" data-widget_type=\"text-editor.default\">\n\t\t\t\t<div class=\"elementor-widget-container\">\n\t\t\t\t\t\t\t\t\t<h2>\u00c0 propos du jeu de loterie TAG<\/h2><p><strong>TAG<\/strong> est un jeu compl\u00e9mentaire \u00e0 certains autres jeux de loterie propos\u00e9s par la Soci\u00e9t\u00e9 des loteries de l'Atlantique dans les provinces atlantiques du Canada. Les joueurs choisissent six num\u00e9ros de 1 \u00e0 45. Les joueurs peuvent gagner jusqu'\u00e0 CA$100 000 en faisant correspondre les six num\u00e9ros. Il existe \u00e9galement des prix plus modestes pour les joueurs qui choisissent moins de num\u00e9ros.<\/p>\t\t\t\t\t\t\t\t<\/div>\n\t\t\t\t<\/div>\n\t\t\t\t<div class=\"elementor-element elementor-element-7c6fc67 elementor-alert-info elementor-widget elementor-widget-alert\" data-id=\"7c6fc67\" data-element_type=\"widget\" data-widget_type=\"alert.default\">\n\t\t\t\t<div class=\"elementor-widget-container\">\n\t\t\t\t\t\t\t<div class=\"elementor-alert\" role=\"alert\">\n\n\t\t\t\t\t\t<span class=\"elementor-alert-title\">\u26a0\ufe0fJouer de mani\u00e8re responsable !<\/span>\n\t\t\t\n\t\t\t\t\t\t<span class=\"elementor-alert-description\">Il est essentiel que vous sachiez combien d'argent vous pouvez d\u00e9penser confortablement lorsque vous jouez. Rappelez-vous que la probabilit\u00e9 que vous <strong>de gagner est beaucoup plus faible que la probabilit\u00e9 de perdre<\/strong>. Veillez \u00e0 prendre vos responsabilit\u00e9s lorsque vous jouez et \ud83c\udf40 <strong>Que la chance soit de votre c\u00f4t\u00e9 !<\/strong><\/span>\n\t\t\t\n\t\t\t\t\t\t<button type=\"button\" class=\"elementor-alert-dismiss\" aria-label=\"Ignorer cette alerte.\">\n\t\t\t\t\t\t\t\t\t<span aria-hidden=\"true\">\u00d7<\/span>\n\t\t\t\t\t\t\t<\/button>\n\t\t\t\n\t\t<\/div>\n\t\t\t\t\t\t<\/div>\n\t\t\t\t<\/div>\n\t\t\t\t<div class=\"elementor-element elementor-element-a599d81 elementor-widget elementor-widget-image\" data-id=\"a599d81\" data-element_type=\"widget\" data-widget_type=\"image.default\">\n\t\t\t\t<div class=\"elementor-widget-container\">\n\t\t\t\t\t\t\t\t\t\t\t\t\t\t\t\t<a href=\"https:\/\/lottoplay.net\/10betwelcome.html\" target=\"_blank\" rel=\"nofollow\">\n\t\t\t\t\t\t\t<img decoding=\"async\" src=\"https:\/\/lottoplay.net\/wp-content\/uploads\/2024\/04\/design_250x250.png\" title=\"design_250x250\" alt=\"10betplay\" loading=\"lazy\" \/>\t\t\t\t\t\t\t\t<\/a>\n\t\t\t\t\t\t\t\t\t\t\t\t\t\t\t<\/div>\n\t\t\t\t<\/div>\n\t\t\t\t<div class=\"elementor-element elementor-element-7d7737f elementor-widget elementor-widget-spacer\" data-id=\"7d7737f\" data-element_type=\"widget\" data-widget_type=\"spacer.default\">\n\t\t\t\t<div class=\"elementor-widget-container\">\n\t\t\t\t\t\t\t<div class=\"elementor-spacer\">\n\t\t\t<div class=\"elementor-spacer-inner\"><\/div>\n\t\t<\/div>\n\t\t\t\t\t\t<\/div>\n\t\t\t\t<\/div>\n\t\t\t\t<div class=\"elementor-element elementor-element-34fa936 elementor-widget elementor-widget-heading\" data-id=\"34fa936\" data-element_type=\"widget\" data-widget_type=\"heading.default\">\n\t\t\t\t<div class=\"elementor-widget-container\">\n\t\t\t\t\t<h2 class=\"elementor-heading-title elementor-size-default\">Paiements et cotes des prix du TAG<\/h2>\t\t\t\t<\/div>\n\t\t\t\t<\/div>\n\t\t\t\t<div class=\"elementor-element elementor-element-ae4d249 elementor-widget elementor-widget-text-editor\" data-id=\"ae4d249\" data-element_type=\"widget\" data-widget_type=\"text-editor.default\">\n\t\t\t\t<div class=\"elementor-widget-container\">\n\t\t\t\t\t\t\t\t\t<p>Les chances de remporter un prix quelconque sont de 1 sur 10.<\/p><p style=\"font-style: normal; font-variant-ligatures: normal; font-variant-caps: normal; font-weight: 400; font-size: 16px; font-family: Poppins, arial;\"><div class=\"wpsm-table wpsm-table-main-color\"><\/p><table style=\"font-style: normal; font-variant-ligatures: normal; font-variant-caps: normal; font-weight: 400; font-size: 16px; font-family: Poppins, arial; width: 1110px;\"><tbody><tr><th>Correspondance<\/th><th>Montant du prix<\/th><th>Cotes<\/th><th>Cotes %<\/th><\/tr><tr><td><strong>6<\/strong><\/td><td>CA$100 000<\/td><td>1 sur 600 000<\/td><td>0.0000016<\/td><\/tr><tr><td><strong>5 derniers chiffres<\/strong><\/td><td>CA$1 000<\/td><td>1 sur 120 000<\/td><td>0.0000083<\/td><\/tr><tr><td><strong>4 derniers chiffres<\/strong><\/td><td>CA$100<\/td><td>1 sur 11 111<\/td><td>0.00009<\/td><\/tr><tr><td><strong>3 derniers chiffres<\/strong><\/td><td>CA$20<\/td><td>1 sur 1 111<\/td><td>0.0009<\/td><\/tr><tr><td><strong>2 derniers chiffres<\/strong><\/td><td>CA$10<\/td><td>1 sur 111<\/td><td>0.009<\/td><\/tr><tr><td><strong>Dernier chiffre<\/strong><\/td><td>CA$2<\/td><td>1 sur 11<\/td><td>0.09<\/td><\/tr><\/tbody><\/table><p style=\"font-style: normal; font-variant-ligatures: normal; font-variant-caps: normal; font-weight: 400; font-size: 16px; font-family: Poppins, arial;\"><\/div><\/p>\t\t\t\t\t\t\t\t<\/div>\n\t\t\t\t<\/div>\n\t\t\t\t<div class=\"elementor-element elementor-element-ea85779 elementor-alert-warning elementor-widget elementor-widget-alert\" data-id=\"ea85779\" data-element_type=\"widget\" data-widget_type=\"alert.default\">\n\t\t\t\t<div class=\"elementor-widget-container\">\n\t\t\t\t\t\t\t<div class=\"elementor-alert\" role=\"alert\">\n\n\t\t\t\t\t\t<span class=\"elementor-alert-title\">\u26a0\ufe0fJouer de mani\u00e8re responsable !<\/span>\n\t\t\t\n\t\t\t\t\t\t<span class=\"elementor-alert-description\">Il est essentiel que vous sachiez combien d'argent vous pouvez confortablement d\u00e9penser en jouant. Il est important de noter que jouer \u00e0 la loterie est un jeu de hasard <a href=\"https:\/\/www.camh.ca\/en\/health-info\/mental-illness-and-addiction-index\/problem-gambling\" rel=\"nofollow noopener\" target=\"_blank\">forme de jeu de hasard et comporte des risques<\/a>. Rappelez-vous que la probabilit\u00e9 que vous <strong>de gagner est beaucoup plus faible que la probabilit\u00e9 de perdre<\/strong>. Veillez \u00e0 prendre vos responsabilit\u00e9s lorsque vous jouez et \ud83c\udf40 <strong>Que la chance soit de votre c\u00f4t\u00e9 !<\/strong><\/span>\n\t\t\t\n\t\t\t\t\t\t<button type=\"button\" class=\"elementor-alert-dismiss\" aria-label=\"Ignorer cette alerte.\">\n\t\t\t\t\t\t\t\t\t<span aria-hidden=\"true\">\u00d7<\/span>\n\t\t\t\t\t\t\t<\/button>\n\t\t\t\n\t\t<\/div>\n\t\t\t\t\t\t<\/div>\n\t\t\t\t<\/div>\n\t\t\t\t<div class=\"elementor-element elementor-element-0662aeb elementor-widget elementor-widget-spacer\" data-id=\"0662aeb\" data-element_type=\"widget\" data-widget_type=\"spacer.default\">\n\t\t\t\t<div class=\"elementor-widget-container\">\n\t\t\t\t\t\t\t<div class=\"elementor-spacer\">\n\t\t\t<div class=\"elementor-spacer-inner\"><\/div>\n\t\t<\/div>\n\t\t\t\t\t\t<\/div>\n\t\t\t\t<\/div>\n\t\t\t\t\t<\/div>\n\t\t<\/div>\n\t\t\t\t\t<\/div>\n\t\t<\/section>\n\t\t\t\t<\/div>","protected":false},"excerpt":{"rendered":"<p><span style=\"font-weight: 400;\"><strong>TAG<\/strong> (ou parfois appel\u00e9 TAG 6) est un jeu de loterie quotidien qui est jou\u00e9 dans plusieurs provinces canadiennes, notamment l'Ontario, le Qu\u00e9bec, le Manitoba, la Saskatchewan, l'Alberta et les provinces de l'Atlantique. Chaque billet TAG co\u00fbte un CA$1 suppl\u00e9mentaire lorsqu'il est ajout\u00e9 \u00e0 un jeu de loterie ordinaire, tel que le Lotto 6\/49 ou le Lotto Max. Les joueurs peuvent acheter jusqu'\u00e0 dix num\u00e9ros TAG par billet, ce qui leur donne plus de chances de gagner.<\/span><\/p>","protected":false},"featured_media":5740,"comment_status":"closed","ping_status":"closed","template":"","meta":[],"store":[],"product_brand":[],"product_cat":[188],"product_tag":[],"class_list":{"0":"post-5739","1":"product","2":"type-product","3":"status-publish","4":"has-post-thumbnail","6":"product_cat-canada-lottery","8":"first","9":"instock","10":"shipping-taxable","11":"product-type-external"},"_links":{"self":[{"href":"https:\/\/lottoplay.net\/fr\/wp-json\/wp\/v2\/product\/5739","targetHints":{"allow":["GET"]}}],"collection":[{"href":"https:\/\/lottoplay.net\/fr\/wp-json\/wp\/v2\/product"}],"about":[{"href":"https:\/\/lottoplay.net\/fr\/wp-json\/wp\/v2\/types\/product"}],"replies":[{"embeddable":true,"href":"https:\/\/lottoplay.net\/fr\/wp-json\/wp\/v2\/comments?post=5739"}],"version-history":[{"count":28,"href":"https:\/\/lottoplay.net\/fr\/wp-json\/wp\/v2\/product\/5739\/revisions"}],"predecessor-version":[{"id":12960,"href":"https:\/\/lottoplay.net\/fr\/wp-json\/wp\/v2\/product\/5739\/revisions\/12960"}],"wp:featuredmedia":[{"embeddable":true,"href":"https:\/\/lottoplay.net\/fr\/wp-json\/wp\/v2\/media\/5740"}],"wp:attachment":[{"href":"https:\/\/lottoplay.net\/fr\/wp-json\/wp\/v2\/media?parent=5739"}],"wp:term":[{"taxonomy":"store","embeddable":true,"href":"https:\/\/lottoplay.net\/fr\/wp-json\/wp\/v2\/store?post=5739"},{"taxonomy":"product_brand","embeddable":true,"href":"https:\/\/lottoplay.net\/fr\/wp-json\/wp\/v2\/product_brand?post=5739"},{"taxonomy":"product_cat","embeddable":true,"href":"https:\/\/lottoplay.net\/fr\/wp-json\/wp\/v2\/product_cat?post=5739"},{"taxonomy":"product_tag","embeddable":true,"href":"https:\/\/lottoplay.net\/fr\/wp-json\/wp\/v2\/product_tag?post=5739"}],"curies":[{"name":"wp","href":"https:\/\/api.w.org\/{rel}","templated":true}]}}