{"id":5634,"date":"2023-04-16T16:59:11","date_gmt":"2023-04-16T16:59:11","guid":{"rendered":"https:\/\/lottoplay.net\/?post_type=product&#038;p=5634"},"modified":"2024-08-03T03:05:14","modified_gmt":"2024-08-03T03:05:14","slug":"extra","status":"publish","type":"product","link":"https:\/\/lottoplay.net\/fr\/lottery\/extra\/","title":{"rendered":"Extra"},"content":{"rendered":"<div data-elementor-type=\"product-post\" data-elementor-id=\"5634\" class=\"elementor elementor-5634\" data-elementor-post-type=\"product\">\n\t\t\t\t\t\t<section class=\"elementor-section elementor-top-section elementor-element elementor-element-8fc924f elementor-section-boxed elementor-section-height-default elementor-section-height-default\" data-id=\"8fc924f\" data-element_type=\"section\">\n\t\t\t\t\t\t<div class=\"elementor-container elementor-column-gap-default\">\n\t\t\t\t\t<div class=\"elementor-column elementor-col-100 elementor-top-column elementor-element elementor-element-620e2ad\" data-id=\"620e2ad\" data-element_type=\"column\">\n\t\t\t<div class=\"elementor-widget-wrap elementor-element-populated\">\n\t\t\t\t\t\t<div class=\"elementor-element elementor-element-11fe185 elementor-widget elementor-widget-heading\" data-id=\"11fe185\" data-element_type=\"widget\" data-widget_type=\"heading.default\">\n\t\t\t\t<div class=\"elementor-widget-container\">\n\t\t\t\t\t<h2 class=\"elementor-heading-title elementor-size-default\">Comment jouer \u00e0 Extra Jeu ?<\/h2>\t\t\t\t<\/div>\n\t\t\t\t<\/div>\n\t\t\t\t<div class=\"elementor-element elementor-element-344368a elementor-widget elementor-widget-text-editor\" data-id=\"344368a\" data-element_type=\"widget\" data-widget_type=\"text-editor.default\">\n\t\t\t\t<div class=\"elementor-widget-container\">\n\t\t\t\t\t\t\t\t\t<p>Voici un guide d\u00e9taill\u00e9 sur la fa\u00e7on de jouer \u00e0 Extra, le jeu suppl\u00e9mentaire propos\u00e9 par les loteries Lotto 6\/49, Lotto Max et Daily Grand au Canada.<\/p>\t\t\t\t\t\t\t\t<\/div>\n\t\t\t\t<\/div>\n\t\t\t\t<div class=\"elementor-element elementor-element-a1fdd9d elementor-widget elementor-widget-text-editor\" data-id=\"a1fdd9d\" data-element_type=\"widget\" data-widget_type=\"text-editor.default\">\n\t\t\t\t<div class=\"elementor-widget-container\">\n\t\t\t\t\t\t\t\t\t<p>C'est \u00e7a ! Jouer \u00e0 l'extra est un moyen simple d'ajouter de l'excitation et la chance de gagner des prix suppl\u00e9mentaires \u00e0 votre jeu de loterie canadien pr\u00e9f\u00e9r\u00e9.<\/p>\t\t\t\t\t\t\t\t<\/div>\n\t\t\t\t<\/div>\n\t\t\t\t<div class=\"elementor-element elementor-element-55cefb2 elementor-alert-info elementor-widget elementor-widget-alert\" data-id=\"55cefb2\" data-element_type=\"widget\" data-widget_type=\"alert.default\">\n\t\t\t\t<div class=\"elementor-widget-container\">\n\t\t\t\t\t\t\t<div class=\"elementor-alert\" role=\"alert\">\n\n\t\t\t\t\t\t<span class=\"elementor-alert-title\">\u26a0\ufe0fJouer de mani\u00e8re responsable !<\/span>\n\t\t\t\n\t\t\t\t\t\t<span class=\"elementor-alert-description\">Il est essentiel que vous sachiez combien d'argent vous pouvez d\u00e9penser confortablement lorsque vous jouez. Rappelez-vous que la probabilit\u00e9 que vous <strong>de gagner est beaucoup plus faible que la probabilit\u00e9 de perdre<\/strong>. Veillez \u00e0 prendre vos responsabilit\u00e9s lorsque vous jouez et \ud83c\udf40 <strong>Que la chance soit de votre c\u00f4t\u00e9 !<\/strong><\/span>\n\t\t\t\n\t\t\t\t\t\t<button type=\"button\" class=\"elementor-alert-dismiss\" aria-label=\"Dismiss this alert.\">\n\t\t\t\t\t\t\t\t\t<span aria-hidden=\"true\">\u00d7<\/span>\n\t\t\t\t\t\t\t<\/button>\n\t\t\t\n\t\t<\/div>\n\t\t\t\t\t\t<\/div>\n\t\t\t\t<\/div>\n\t\t\t\t<div class=\"elementor-element elementor-element-07b8f5d elementor-widget elementor-widget-image\" data-id=\"07b8f5d\" data-element_type=\"widget\" data-widget_type=\"image.default\">\n\t\t\t\t<div class=\"elementor-widget-container\">\n\t\t\t\t\t\t\t\t\t\t\t\t\t\t\t\t<a href=\"https:\/\/lottoplay.net\/10betwelcome.html\" target=\"_blank\" rel=\"nofollow\">\n\t\t\t\t\t\t\t<img decoding=\"async\" src=\"https:\/\/lottoplay.net\/wp-content\/uploads\/2024\/04\/design_250x250.png\" title=\"design_250x250\" alt=\"10betplay\" loading=\"lazy\" \/>\t\t\t\t\t\t\t\t<\/a>\n\t\t\t\t\t\t\t\t\t\t\t\t\t\t\t<\/div>\n\t\t\t\t<\/div>\n\t\t\t\t<div class=\"elementor-element elementor-element-16c155d elementor-widget elementor-widget-spacer\" data-id=\"16c155d\" data-element_type=\"widget\" data-widget_type=\"spacer.default\">\n\t\t\t\t<div class=\"elementor-widget-container\">\n\t\t\t\t\t\t\t<div class=\"elementor-spacer\">\n\t\t\t<div class=\"elementor-spacer-inner\"><\/div>\n\t\t<\/div>\n\t\t\t\t\t\t<\/div>\n\t\t\t\t<\/div>\n\t\t\t\t<div class=\"elementor-element elementor-element-5388700 elementor-widget elementor-widget-heading\" data-id=\"5388700\" data-element_type=\"widget\" data-widget_type=\"heading.default\">\n\t\t\t\t<div class=\"elementor-widget-container\">\n\t\t\t\t\t<h2 class=\"elementor-heading-title elementor-size-default\">Extra Pix Suppl\u00e9mentaires et Chances<\/h2>\t\t\t\t<\/div>\n\t\t\t\t<\/div>\n\t\t\t\t<div class=\"elementor-element elementor-element-c1ecf96 elementor-widget elementor-widget-text-editor\" data-id=\"c1ecf96\" data-element_type=\"widget\" data-widget_type=\"text-editor.default\">\n\t\t\t\t<div class=\"elementor-widget-container\">\n\t\t\t\t\t\t\t\t\t<p style=\"font-style: normal; font-variant-ligatures: normal; font-variant-caps: normal; font-weight: 400; font-size: 16px; font-family: Poppins, arial;\"><div class=\"wpsm-table wpsm-table-main-color\"><\/p><table style=\"font-style: normal; font-variant-ligatures: normal; font-variant-caps: normal; font-weight: 400; font-size: 16px; font-family: Poppins, arial; width: 1110px; text-align: center;\"><tbody><tr><th>Cat\u00e9gorie<\/th><th>Prix<\/th><th>Cotes<\/th><\/tr><tr><td><strong>Num\u00e9ro complet (7 chiffres)<\/strong><\/td><td>CA$1 000 000<\/td><td>1 sur 10 000 000<\/td><\/tr><tr><td><strong>6 derniers chiffres<\/strong><\/td><td>CA$25 000<\/td><td>1 sur 1 111 111<\/td><\/tr><tr><td><strong>5 derniers chiffres<\/strong><\/td><td>CA$500<\/td><td>1 sur 111 111<\/td><\/tr><tr><td><strong>4 derniers chiffres<\/strong><\/td><td>CA$50<\/td><td>1 sur 11 111<\/td><\/tr><tr><td><strong>3 derniers chiffres<\/strong><\/td><td>CA$20<\/td><td>1 sur 1 111<\/td><\/tr><tr><td><strong>2 derniers chiffres<\/strong><\/td><td>CA$5<\/td><td>1 sur 111<\/td><\/tr><tr><td><strong>Dernier chiffre<\/strong><\/td><td>CA$2<\/td><td>1 sur 11<\/td><\/tr><tr><td><strong>6 premiers chiffres<\/strong><\/td><td>CA$10 000<\/td><td>1 sur 1 111 111<\/td><\/tr><tr><td><strong>5 premiers chiffres<\/strong><\/td><td>CA$500<\/td><td>1 sur 111 111<\/td><\/tr><tr><td><strong>4 premiers chiffres<\/strong><\/td><td>CA$50<\/td><td>1 sur 11 111<\/td><\/tr><tr><td><strong>3 premiers chiffres<\/strong><\/td><td>CA$20<\/td><td>1 sur 1 111<\/td><\/tr><tr><td><strong>2 premiers chiffres<\/strong><\/td><td>CA$5<\/td><td>1 sur 111<\/td><\/tr><tr><td>\u00a0<\/td><td><strong>Total<\/strong><\/td><td>1 sur 9,1<\/td><\/tr><\/tbody><\/table><p style=\"font-style: normal; font-variant-ligatures: normal; font-variant-caps: normal; font-weight: 400; font-size: 16px; font-family: Poppins, arial;\"><\/div><\/p>\t\t\t\t\t\t\t\t<\/div>\n\t\t\t\t<\/div>\n\t\t\t\t<div class=\"elementor-element elementor-element-38860cf elementor-alert-info elementor-widget elementor-widget-alert\" data-id=\"38860cf\" data-element_type=\"widget\" data-widget_type=\"alert.default\">\n\t\t\t\t<div class=\"elementor-widget-container\">\n\t\t\t\t\t\t\t<div class=\"elementor-alert\" role=\"alert\">\n\n\t\t\t\t\t\t<span class=\"elementor-alert-title\">\u26a0\ufe0fJouer de mani\u00e8re responsable !<\/span>\n\t\t\t\n\t\t\t\t\t\t<span class=\"elementor-alert-description\">Il est essentiel que vous sachiez combien d'argent vous pouvez confortablement d\u00e9penser en jouant. Il est important de noter que jouer \u00e0 la loterie est un jeu de hasard <a href=\"https:\/\/www.camh.ca\/en\/health-info\/mental-illness-and-addiction-index\/problem-gambling\" rel=\"nofollow noopener\" target=\"_blank\">forme de jeu de hasard et comporte des risques<\/a>. Rappelez-vous que la probabilit\u00e9 que vous <strong>de gagner est beaucoup plus faible que la probabilit\u00e9 de perdre<\/strong>. Veillez \u00e0 prendre vos responsabilit\u00e9s lorsque vous jouez et \ud83c\udf40 <strong>Que la chance soit de votre c\u00f4t\u00e9 !<\/strong><\/span>\n\t\t\t\n\t\t\t\t\t\t<button type=\"button\" class=\"elementor-alert-dismiss\" aria-label=\"Dismiss this alert.\">\n\t\t\t\t\t\t\t\t\t<span aria-hidden=\"true\">\u00d7<\/span>\n\t\t\t\t\t\t\t<\/button>\n\t\t\t\n\t\t<\/div>\n\t\t\t\t\t\t<\/div>\n\t\t\t\t<\/div>\n\t\t\t\t<div class=\"elementor-element elementor-element-730312d elementor-widget elementor-widget-image\" data-id=\"730312d\" data-element_type=\"widget\" data-widget_type=\"image.default\">\n\t\t\t\t<div class=\"elementor-widget-container\">\n\t\t\t\t\t\t\t\t\t\t\t\t\t\t\t\t<a href=\"https:\/\/lottoplay.net\/powerball-lottery.html\" target=\"_blank\" rel=\"nofollow\">\n\t\t\t\t\t\t\t<img decoding=\"async\" src=\"https:\/\/lottoplay.net\/wp-content\/uploads\/2023\/08\/powerball-lotto-banner.jpg\" title=\"banni\u00e8re powerball-lotto\" alt=\"banni\u00e8re powerball-lotto\" loading=\"lazy\" \/>\t\t\t\t\t\t\t\t<\/a>\n\t\t\t\t\t\t\t\t\t\t\t\t\t\t\t<\/div>\n\t\t\t\t<\/div>\n\t\t\t\t<div class=\"elementor-element elementor-element-6a242b0 elementor-widget elementor-widget-spacer\" data-id=\"6a242b0\" data-element_type=\"widget\" data-widget_type=\"spacer.default\">\n\t\t\t\t<div class=\"elementor-widget-container\">\n\t\t\t\t\t\t\t<div class=\"elementor-spacer\">\n\t\t\t<div class=\"elementor-spacer-inner\"><\/div>\n\t\t<\/div>\n\t\t\t\t\t\t<\/div>\n\t\t\t\t<\/div>\n\t\t\t\t\t<\/div>\n\t\t<\/div>\n\t\t\t\t\t<\/div>\n\t\t<\/section>\n\t\t\t\t<\/div>","protected":false},"excerpt":{"rendered":"<p><span style=\"font-weight: 400;\"><strong>Extra<\/strong> est un jeu compl\u00e9mentaire qui peut \u00eatre jou\u00e9 en m\u00eame temps que plusieurs des principaux jeux de loterie au Canada, tels que Lotto Max, Lotto 6\/49, Daily Grand et Western 649. Il permet aux joueurs de gagner des prix suppl\u00e9mentaires moyennant un co\u00fbt additionnel. Dans Extra, un num\u00e9ro \u00e0 sept chiffres est automatiquement g\u00e9n\u00e9r\u00e9 pour chaque entr\u00e9e Extra sur votre billet de loterie. Lors du tirage, sept num\u00e9ros sont s\u00e9lectionn\u00e9s au hasard et les joueurs gagnent un prix si leur num\u00e9ro \u00e0 sept chiffres correspond aux num\u00e9ros gagnants dans l'ordre exact. Les montants des prix varient en fonction du nombre d'entr\u00e9es vendues et du nombre de gagnants dans chaque cat\u00e9gorie de prix. <strong>Billets suppl\u00e9mentaires<\/strong> peuvent \u00eatre achet\u00e9s pour un suppl\u00e9ment de <strong>CA<\/strong><strong>$1 par jeu<\/strong>.<\/span><\/p>","protected":false},"featured_media":5636,"comment_status":"closed","ping_status":"closed","template":"","meta":[],"store":[],"product_brand":[],"product_cat":[188],"product_tag":[],"class_list":{"0":"post-5634","1":"product","2":"type-product","3":"status-publish","4":"has-post-thumbnail","6":"product_cat-canada-lottery","8":"first","9":"instock","10":"shipping-taxable","11":"product-type-external"},"_links":{"self":[{"href":"https:\/\/lottoplay.net\/fr\/wp-json\/wp\/v2\/product\/5634","targetHints":{"allow":["GET"]}}],"collection":[{"href":"https:\/\/lottoplay.net\/fr\/wp-json\/wp\/v2\/product"}],"about":[{"href":"https:\/\/lottoplay.net\/fr\/wp-json\/wp\/v2\/types\/product"}],"replies":[{"embeddable":true,"href":"https:\/\/lottoplay.net\/fr\/wp-json\/wp\/v2\/comments?post=5634"}],"version-history":[{"count":33,"href":"https:\/\/lottoplay.net\/fr\/wp-json\/wp\/v2\/product\/5634\/revisions"}],"predecessor-version":[{"id":12966,"href":"https:\/\/lottoplay.net\/fr\/wp-json\/wp\/v2\/product\/5634\/revisions\/12966"}],"wp:featuredmedia":[{"embeddable":true,"href":"https:\/\/lottoplay.net\/fr\/wp-json\/wp\/v2\/media\/5636"}],"wp:attachment":[{"href":"https:\/\/lottoplay.net\/fr\/wp-json\/wp\/v2\/media?parent=5634"}],"wp:term":[{"taxonomy":"store","embeddable":true,"href":"https:\/\/lottoplay.net\/fr\/wp-json\/wp\/v2\/store?post=5634"},{"taxonomy":"product_brand","embeddable":true,"href":"https:\/\/lottoplay.net\/fr\/wp-json\/wp\/v2\/product_brand?post=5634"},{"taxonomy":"product_cat","embeddable":true,"href":"https:\/\/lottoplay.net\/fr\/wp-json\/wp\/v2\/product_cat?post=5634"},{"taxonomy":"product_tag","embeddable":true,"href":"https:\/\/lottoplay.net\/fr\/wp-json\/wp\/v2\/product_tag?post=5634"}],"curies":[{"name":"wp","href":"https:\/\/api.w.org\/{rel}","templated":true}]}}