{"id":12764,"date":"2024-04-10T01:13:07","date_gmt":"2024-04-10T01:13:07","guid":{"rendered":"https:\/\/lottoplay.net\/?post_type=product&#038;p=12764"},"modified":"2024-08-09T17:53:28","modified_gmt":"2024-08-09T17:53:28","slug":"merry-millions","status":"publish","type":"product","link":"https:\/\/lottoplay.net\/fr\/lottery\/merry-millions\/","title":{"rendered":"Merry Millions"},"content":{"rendered":"<div data-elementor-type=\"product-post\" data-elementor-id=\"12764\" class=\"elementor elementor-12764\" data-elementor-post-type=\"product\">\n\t\t\t\t\t\t<section class=\"elementor-section elementor-top-section elementor-element elementor-element-578dae8 elementor-section-boxed elementor-section-height-default elementor-section-height-default\" data-id=\"578dae8\" data-element_type=\"section\">\n\t\t\t\t\t\t<div class=\"elementor-container elementor-column-gap-default\">\n\t\t\t\t\t<div class=\"elementor-column elementor-col-100 elementor-top-column elementor-element elementor-element-272f51b\" data-id=\"272f51b\" data-element_type=\"column\">\n\t\t\t<div class=\"elementor-widget-wrap elementor-element-populated\">\n\t\t\t\t\t\t<div class=\"elementor-element elementor-element-867099e elementor-widget elementor-widget-text-editor\" data-id=\"867099e\" data-element_type=\"widget\" data-widget_type=\"text-editor.default\">\n\t\t\t\t<div class=\"elementor-widget-container\">\n\t\t\t\t\t\t\t\t\t<h2>\u00c0 propos de Merry Millions<\/h2><p><strong>La loterie Merry Millions<\/strong> au Canada est une loterie sp\u00e9ciale qui se d\u00e9roule g\u00e9n\u00e9ralement pendant les f\u00eates de fin d'ann\u00e9e et qui est con\u00e7ue pour offrir aux participants un moyen festif et excitant de gagner de gros prix.<br \/><br \/>Le jeu se d\u00e9roule g\u00e9n\u00e9ralement pendant la p\u00e9riode des f\u00eates de fin d'ann\u00e9e, autour de <strong>Novembre \u00e0 d\u00e9cembre<\/strong>. Les dates exactes peuvent varier chaque ann\u00e9e, il est donc important de v\u00e9rifier les d\u00e9tails sp\u00e9cifiques de l'ann\u00e9e en cours sur le site officiel de la loterie ou aupr\u00e8s des d\u00e9taillants agr\u00e9\u00e9s.<\/p><p>Les prix de la loterie Merry Millions peuvent varier chaque ann\u00e9e mais comprennent g\u00e9n\u00e9ralement<\/p><ol><li><strong>Les grands prix<\/strong>: Des prix en esp\u00e8ces importants, souvent de l'ordre de centaines de milliers \u00e0 millions de dollars.<\/li><li><strong>V\u00e9hicules de luxe<\/strong>: Voitures haut de gamme ou SUV.<\/li><li><strong>Paquets de vacances<\/strong>: Voyages extravagants vers des destinations recherch\u00e9es.<\/li><li><strong>\u00c9lectronique<\/strong>: Les appareils \u00e9lectroniques de grande valeur tels que les t\u00e9l\u00e9viseurs, les smartphones et les ordinateurs.<\/li><li><strong>Cartes-cadeaux<\/strong>: Des cartes-cadeaux d'une valeur substantielle dans des magasins populaires.<\/li><li><strong>Prix secondaires<\/strong>: Prix en esp\u00e8ces suppl\u00e9mentaires, petits appareils \u00e9lectroniques et autres objets de valeur.<\/li><\/ol>\t\t\t\t\t\t\t\t<\/div>\n\t\t\t\t<\/div>\n\t\t\t\t<div class=\"elementor-element elementor-element-e4c4388 elementor-alert-info elementor-widget elementor-widget-alert\" data-id=\"e4c4388\" data-element_type=\"widget\" data-widget_type=\"alert.default\">\n\t\t\t\t<div class=\"elementor-widget-container\">\n\t\t\t\t\t\t\t<div class=\"elementor-alert\" role=\"alert\">\n\n\t\t\t\t\t\t<span class=\"elementor-alert-title\">\u26a0\ufe0fJouer de mani\u00e8re responsable !<\/span>\n\t\t\t\n\t\t\t\t\t\t<span class=\"elementor-alert-description\">Il est essentiel que vous sachiez combien d'argent vous pouvez d\u00e9penser confortablement lorsque vous jouez. Rappelez-vous que la probabilit\u00e9 que vous <strong>de gagner est beaucoup plus faible que la probabilit\u00e9 de perdre<\/strong>. Veillez \u00e0 prendre vos responsabilit\u00e9s lorsque vous jouez et \ud83c\udf40 <strong>Que la chance soit de votre c\u00f4t\u00e9 !<\/strong><\/span>\n\t\t\t\n\t\t\t\t\t\t<button type=\"button\" class=\"elementor-alert-dismiss\" aria-label=\"Ignorer cette alerte.\" data-no-translation-aria-label=\"\">\n\t\t\t\t\t\t\t\t\t<span aria-hidden=\"true\">\u00d7<\/span>\n\t\t\t\t\t\t\t<\/button>\n\t\t\t\n\t\t<\/div>\n\t\t\t\t\t\t<\/div>\n\t\t\t\t<\/div>\n\t\t\t\t\t<\/div>\n\t\t<\/div>\n\t\t\t\t\t<\/div>\n\t\t<\/section>\n\t\t\t\t<section class=\"elementor-section elementor-top-section elementor-element elementor-element-d1c2074 elementor-section-boxed elementor-section-height-default elementor-section-height-default\" data-id=\"d1c2074\" data-element_type=\"section\">\n\t\t\t\t\t\t<div class=\"elementor-container elementor-column-gap-default\">\n\t\t\t\t\t<div class=\"elementor-column elementor-col-100 elementor-top-column elementor-element elementor-element-ce200a7\" data-id=\"ce200a7\" data-element_type=\"column\">\n\t\t\t<div class=\"elementor-widget-wrap elementor-element-populated\">\n\t\t\t\t\t\t<div class=\"elementor-element elementor-element-78e30c6 elementor-widget elementor-widget-text-editor\" data-id=\"78e30c6\" data-element_type=\"widget\" data-widget_type=\"text-editor.default\">\n\t\t\t\t<div class=\"elementor-widget-container\">\n\t\t\t\t\t\t\t\t\t<h2 dir=\"auto\">Combien co\u00fbte le billet de Merry Millions au Canada ?<\/h2><p>Le co\u00fbt d'un billet de la loterie Merry Millions au Canada peut varier en fonction de l'ann\u00e9e et de la structure tarifaire de la loterie pour cette saison. Toutefois, si l'on se r\u00e9f\u00e8re \u00e0 des loteries saisonni\u00e8res similaires, le prix des billets varie g\u00e9n\u00e9ralement de 1 \u00e0 5 euros. <strong>$20 \u00e0 $50<\/strong> chacun.<\/p><p>Pour obtenir les informations les plus pr\u00e9cises et les plus r\u00e9centes sur les prix des billets, il est pr\u00e9f\u00e9rable de consulter le site officiel de la loterie Merry Millions ou de s'adresser aux d\u00e9taillants agr\u00e9\u00e9s qui vendent ces billets. Ils vous fourniront les derniers d\u00e9tails sur les prix et sur les offres group\u00e9es ou les promotions disponibles.<\/p>\t\t\t\t\t\t\t\t<\/div>\n\t\t\t\t<\/div>\n\t\t\t\t<div class=\"elementor-element elementor-element-5eee5e9 elementor-widget elementor-widget-image\" data-id=\"5eee5e9\" data-element_type=\"widget\" data-widget_type=\"image.default\">\n\t\t\t\t<div class=\"elementor-widget-container\">\n\t\t\t\t\t\t\t\t\t\t\t\t\t\t\t\t<a href=\"https:\/\/lottoplay.net\/10betreg.html\" target=\"_blank\" rel=\"nofollow\">\n\t\t\t\t\t\t\t<img decoding=\"async\" src=\"https:\/\/lottoplay.net\/wp-content\/uploads\/2024\/04\/design_250x250.png\" title=\"design_250x250\" alt=\"10betplay\" loading=\"lazy\" \/>\t\t\t\t\t\t\t\t<\/a>\n\t\t\t\t\t\t\t\t\t\t\t\t\t\t\t<\/div>\n\t\t\t\t<\/div>\n\t\t\t\t<div class=\"elementor-element elementor-element-31a0834 elementor-widget elementor-widget-spacer\" data-id=\"31a0834\" data-element_type=\"widget\" data-widget_type=\"spacer.default\">\n\t\t\t\t<div class=\"elementor-widget-container\">\n\t\t\t\t\t\t\t<div class=\"elementor-spacer\">\n\t\t\t<div class=\"elementor-spacer-inner\"><\/div>\n\t\t<\/div>\n\t\t\t\t\t\t<\/div>\n\t\t\t\t<\/div>\n\t\t\t\t\t<\/div>\n\t\t<\/div>\n\t\t\t\t\t<\/div>\n\t\t<\/section>\n\t\t\t\t<section class=\"elementor-section elementor-top-section elementor-element elementor-element-29e4f99 elementor-section-boxed elementor-section-height-default elementor-section-height-default\" data-id=\"29e4f99\" data-element_type=\"section\">\n\t\t\t\t\t\t<div class=\"elementor-container elementor-column-gap-default\">\n\t\t\t\t\t<div class=\"elementor-column elementor-col-100 elementor-top-column elementor-element elementor-element-7c7724a\" data-id=\"7c7724a\" data-element_type=\"column\">\n\t\t\t<div class=\"elementor-widget-wrap elementor-element-populated\">\n\t\t\t\t\t\t<div class=\"elementor-element elementor-element-fc4a475 elementor-widget elementor-widget-heading\" data-id=\"fc4a475\" data-element_type=\"widget\" data-widget_type=\"heading.default\">\n\t\t\t\t<div class=\"elementor-widget-container\">\n\t\t\t\t\t<h2 class=\"elementor-heading-title elementor-size-default\">Qui peut jouer \u00e0 la loterie Merry Millions ?<\/h2>\t\t\t\t<\/div>\n\t\t\t\t<\/div>\n\t\t\t\t<div class=\"elementor-element elementor-element-042f9b0 elementor-widget elementor-widget-text-editor\" data-id=\"042f9b0\" data-element_type=\"widget\" data-widget_type=\"text-editor.default\">\n\t\t\t\t<div class=\"elementor-widget-container\">\n\t\t\t\t\t\t\t\t\t<p>La loterie Merry Millions au Canada est ouverte \u00e0 <span style=\"text-decoration: underline;\">la plupart des r\u00e9sidents<\/span>mais il existe des conditions d'\u00e9ligibilit\u00e9 sp\u00e9cifiques que les participants doivent remplir :<\/p><ul><li><strong>\u00c2ge requis<\/strong>: Les participants doivent avoir l'\u00e2ge l\u00e9gal pour jouer dans leur province ou territoire, ce qui correspond g\u00e9n\u00e9ralement \u00e0\u00a0<span style=\"text-decoration: underline;\"><a href=\"https:\/\/caringforkids.cps.ca\/handouts\/preteens-and-teens\/teen-gambling#:~:text=Gambling%20in%20Canada%20is%20regulated,and%20the%20province%20or%20territory.\" target=\"_blank\" rel=\"nofollow noopener\">18 ou 19 ans<\/a><\/span>\u00a0vieux en fonction de l'endroit.<\/li><li><strong>R\u00e9sidence<\/strong>: En r\u00e8gle g\u00e9n\u00e9rale, la loterie est ouverte aux r\u00e9sidents du Canada. Les non-r\u00e9sidents peuvent \u00eatre autoris\u00e9s \u00e0 participer, mais ils doivent v\u00e9rifier les r\u00e8gles et r\u00e8glements sp\u00e9cifiques de la loterie.<\/li><li><strong>Exclusions<\/strong>: Les employ\u00e9s de l'organisation qui organise la loterie, ainsi que les membres de leur famille imm\u00e9diate, ne peuvent g\u00e9n\u00e9ralement pas participer. Cela permet de garantir l'\u00e9quit\u00e9 et d'\u00e9viter les conflits d'int\u00e9r\u00eats.<\/li><\/ul><p>Pour conna\u00eetre les crit\u00e8res d'\u00e9ligibilit\u00e9 les plus pr\u00e9cis et les plus d\u00e9taill\u00e9s, il est conseill\u00e9 de se r\u00e9f\u00e9rer au r\u00e8glement officiel fourni par les organisateurs de la loterie Merry Millions, que l'on peut trouver sur leur site Web officiel ou aupr\u00e8s des vendeurs de billets agr\u00e9\u00e9s.<\/p>\t\t\t\t\t\t\t\t<\/div>\n\t\t\t\t<\/div>\n\t\t\t\t<div class=\"elementor-element elementor-element-e932940 elementor-widget elementor-widget-heading\" data-id=\"e932940\" data-element_type=\"widget\" data-widget_type=\"heading.default\">\n\t\t\t\t<div class=\"elementor-widget-container\">\n\t\t\t\t\t<h2 class=\"elementor-heading-title elementor-size-default\">Qui peut jouer \u00e0 la loterie Merry Millions ?<\/h2>\t\t\t\t<\/div>\n\t\t\t\t<\/div>\n\t\t\t\t<div class=\"elementor-element elementor-element-3fc3c4e elementor-widget elementor-widget-text-editor\" data-id=\"3fc3c4e\" data-element_type=\"widget\" data-widget_type=\"text-editor.default\">\n\t\t\t\t<div class=\"elementor-widget-container\">\n\t\t\t\t\t\t\t\t\t<p>Vous pouvez acheter des billets de loterie Merry Millions <span style=\"text-decoration: underline;\">uniquement dans les points de vente en Ontario<\/span>. V\u00e9rifiez toujours que vous achetez aupr\u00e8s d'une source autoris\u00e9e et l\u00e9gitime pour vous assurer que votre billet est valide.<\/p>\t\t\t\t\t\t\t\t<\/div>\n\t\t\t\t<\/div>\n\t\t\t\t<div class=\"elementor-element elementor-element-785f5a9 elementor-alert-danger elementor-widget elementor-widget-alert\" data-id=\"785f5a9\" data-element_type=\"widget\" data-widget_type=\"alert.default\">\n\t\t\t\t<div class=\"elementor-widget-container\">\n\t\t\t\t\t\t\t<div class=\"elementor-alert\" role=\"alert\">\n\n\t\t\t\t\t\t<span class=\"elementor-alert-title\">\u26a0\ufe0fJouer De mani\u00e8re responsable<\/span>\n\t\t\t\n\t\t\t\t\t\t<span class=\"elementor-alert-description\">Il est essentiel que vous sachiez combien d'argent vous pouvez confortablement d\u00e9penser en jouant. Il est important de noter que jouer \u00e0 la loterie est un jeu de hasard <a href=\"https:\/\/www.camh.ca\/en\/health-info\/mental-illness-and-addiction-index\/problem-gambling\" rel=\"nofollow noopener\" target=\"_blank\">forme de jeu de hasard et comporte des risques<\/a>. Rappelez-vous que la probabilit\u00e9 que vous <strong>de gagner est beaucoup plus faible que la probabilit\u00e9 de perdre<\/strong>. Veillez \u00e0 prendre vos responsabilit\u00e9s lorsque vous jouez et \ud83c\udf40 <strong>Que la chance soit de votre c\u00f4t\u00e9 !<\/strong><\/span>\n\t\t\t\n\t\t\t\t\t\t<button type=\"button\" class=\"elementor-alert-dismiss\" aria-label=\"Ignorer cette alerte.\" data-no-translation-aria-label=\"\">\n\t\t\t\t\t\t\t\t\t<span aria-hidden=\"true\">\u00d7<\/span>\n\t\t\t\t\t\t\t<\/button>\n\t\t\t\n\t\t<\/div>\n\t\t\t\t\t\t<\/div>\n\t\t\t\t<\/div>\n\t\t\t\t<div class=\"elementor-element elementor-element-5040b42 elementor-widget elementor-widget-spacer\" data-id=\"5040b42\" data-element_type=\"widget\" data-widget_type=\"spacer.default\">\n\t\t\t\t<div class=\"elementor-widget-container\">\n\t\t\t\t\t\t\t<div class=\"elementor-spacer\">\n\t\t\t<div class=\"elementor-spacer-inner\"><\/div>\n\t\t<\/div>\n\t\t\t\t\t\t<\/div>\n\t\t\t\t<\/div>\n\t\t\t\t<div class=\"elementor-element elementor-element-97b8e4f elementor-widget elementor-widget-image\" data-id=\"97b8e4f\" data-element_type=\"widget\" data-widget_type=\"image.default\">\n\t\t\t\t<div class=\"elementor-widget-container\">\n\t\t\t\t\t\t\t\t\t\t\t\t\t\t\t\t<a href=\"https:\/\/lottoplay.net\/mega-millions-lottery.html\" target=\"_blank\" rel=\"nofollow\">\n\t\t\t\t\t\t\t<img decoding=\"async\" src=\"https:\/\/lottoplay.net\/wp-content\/uploads\/2023\/08\/mega_millions_banner.png\" title=\"banni\u00e8re mega_millions\" alt=\"banni\u00e8re mega_millions\" loading=\"lazy\" \/>\t\t\t\t\t\t\t\t<\/a>\n\t\t\t\t\t\t\t\t\t\t\t\t\t\t\t<\/div>\n\t\t\t\t<\/div>\n\t\t\t\t<div class=\"elementor-element elementor-element-c01b87a elementor-widget elementor-widget-spacer\" data-id=\"c01b87a\" data-element_type=\"widget\" data-widget_type=\"spacer.default\">\n\t\t\t\t<div class=\"elementor-widget-container\">\n\t\t\t\t\t\t\t<div class=\"elementor-spacer\">\n\t\t\t<div class=\"elementor-spacer-inner\"><\/div>\n\t\t<\/div>\n\t\t\t\t\t\t<\/div>\n\t\t\t\t<\/div>\n\t\t\t\t\t<\/div>\n\t\t<\/div>\n\t\t\t\t\t<\/div>\n\t\t<\/section>\n\t\t\t\t<\/div>","protected":false},"excerpt":{"rendered":"<p class=\"translation-block\"><span style=\"font-weight: 400\"><strong>The Merry Millions<\/strong> est un nouveau jeu propos\u00e9 par la Soci\u00e9t\u00e9 des loteries et jeux de l'Ontario (OLG), qui comporte plusieurs tirages et prix. Le tirage principal, dont les premiers prix sont de $1 million chacun, aura lieu le 4 janvier 2024. Ce tirage comprend \u00e9galement d'autres prix, allant de <strong>$1,000 \u00e0 $250,000<\/strong> Le programme est con\u00e7u pour cr\u00e9er de nombreux gagnants.<\/span><\/p>","protected":false},"featured_media":12766,"comment_status":"open","ping_status":"closed","template":"","meta":[],"store":[],"product_brand":[],"product_cat":[188],"product_tag":[],"class_list":{"0":"post-12764","1":"product","2":"type-product","3":"status-publish","4":"has-post-thumbnail","6":"product_cat-canada-lottery","8":"first","9":"instock","10":"shipping-taxable","11":"product-type-external"},"_links":{"self":[{"href":"https:\/\/lottoplay.net\/fr\/wp-json\/wp\/v2\/product\/12764","targetHints":{"allow":["GET"]}}],"collection":[{"href":"https:\/\/lottoplay.net\/fr\/wp-json\/wp\/v2\/product"}],"about":[{"href":"https:\/\/lottoplay.net\/fr\/wp-json\/wp\/v2\/types\/product"}],"replies":[{"embeddable":true,"href":"https:\/\/lottoplay.net\/fr\/wp-json\/wp\/v2\/comments?post=12764"}],"version-history":[{"count":30,"href":"https:\/\/lottoplay.net\/fr\/wp-json\/wp\/v2\/product\/12764\/revisions"}],"predecessor-version":[{"id":13003,"href":"https:\/\/lottoplay.net\/fr\/wp-json\/wp\/v2\/product\/12764\/revisions\/13003"}],"wp:featuredmedia":[{"embeddable":true,"href":"https:\/\/lottoplay.net\/fr\/wp-json\/wp\/v2\/media\/12766"}],"wp:attachment":[{"href":"https:\/\/lottoplay.net\/fr\/wp-json\/wp\/v2\/media?parent=12764"}],"wp:term":[{"taxonomy":"store","embeddable":true,"href":"https:\/\/lottoplay.net\/fr\/wp-json\/wp\/v2\/store?post=12764"},{"taxonomy":"product_brand","embeddable":true,"href":"https:\/\/lottoplay.net\/fr\/wp-json\/wp\/v2\/product_brand?post=12764"},{"taxonomy":"product_cat","embeddable":true,"href":"https:\/\/lottoplay.net\/fr\/wp-json\/wp\/v2\/product_cat?post=12764"},{"taxonomy":"product_tag","embeddable":true,"href":"https:\/\/lottoplay.net\/fr\/wp-json\/wp\/v2\/product_tag?post=12764"}],"curies":[{"name":"wp","href":"https:\/\/api.w.org\/{rel}","templated":true}]}}