{"id":9727,"date":"2023-12-15T01:58:01","date_gmt":"2023-12-15T01:58:01","guid":{"rendered":"https:\/\/lottoplay.net\/?page_id=9727"},"modified":"2024-07-24T14:46:26","modified_gmt":"2024-07-24T14:46:26","slug":"antony-hoffman","status":"publish","type":"page","link":"https:\/\/lottoplay.net\/fr\/antony-hoffman\/","title":{"rendered":"Antony Hoffman"},"content":{"rendered":"<div data-elementor-type=\"wp-page\" data-elementor-id=\"9727\" class=\"elementor elementor-9727\" data-elementor-post-type=\"page\">\n\t\t\t\t\t\t<section class=\"elementor-section elementor-top-section elementor-element elementor-element-fe83871 elementor-section-boxed elementor-section-height-default elementor-section-height-default\" data-id=\"fe83871\" data-element_type=\"section\">\n\t\t\t\t\t\t<div class=\"elementor-container elementor-column-gap-default\">\n\t\t\t\t\t<div class=\"elementor-column elementor-col-100 elementor-top-column elementor-element elementor-element-58b8b76\" data-id=\"58b8b76\" data-element_type=\"column\">\n\t\t\t<div class=\"elementor-widget-wrap\">\n\t\t\t\t\t\t\t<\/div>\n\t\t<\/div>\n\t\t\t\t\t<\/div>\n\t\t<\/section>\n\t\t\t\t<section class=\"elementor-section elementor-top-section elementor-element elementor-element-f1f06ed elementor-section-boxed elementor-section-height-default elementor-section-height-default\" data-id=\"f1f06ed\" data-element_type=\"section\">\n\t\t\t\t\t\t<div class=\"elementor-container elementor-column-gap-default\">\n\t\t\t\t\t<div class=\"elementor-column elementor-col-50 elementor-top-column elementor-element elementor-element-66fd176\" data-id=\"66fd176\" data-element_type=\"column\">\n\t\t\t<div class=\"elementor-widget-wrap elementor-element-populated\">\n\t\t\t\t\t\t<div class=\"elementor-element elementor-element-69cae5e elementor-widget elementor-widget-text-editor\" data-id=\"69cae5e\" data-element_type=\"widget\" data-widget_type=\"text-editor.default\">\n\t\t\t\t<div class=\"elementor-widget-container\">\n\t\t\t\t\t\t\t\t\t<h1>Antony Hoffman<\/h1>\t\t\t\t\t\t\t\t<\/div>\n\t\t\t\t<\/div>\n\t\t\t\t<div class=\"elementor-element elementor-element-da5ec87 elementor-widget elementor-widget-text-editor\" data-id=\"da5ec87\" data-element_type=\"widget\" data-widget_type=\"text-editor.default\">\n\t\t\t\t<div class=\"elementor-widget-container\">\n\t\t\t\t\t\t\t\t\t<p>Cofondateur, r\u00e9dacteur de LottoPlay.net<\/p>\t\t\t\t\t\t\t\t<\/div>\n\t\t\t\t<\/div>\n\t\t\t\t<div class=\"elementor-element elementor-element-1ee1fa7 elementor-widget-tablet__width-initial elementor-widget elementor-widget-image\" data-id=\"1ee1fa7\" data-element_type=\"widget\" data-widget_type=\"image.default\">\n\t\t\t\t<div class=\"elementor-widget-container\">\n\t\t\t\t\t\t\t\t\t\t\t\t<figure class=\"wp-caption\">\n\t\t\t\t\t\t\t\t\t\t<img fetchpriority=\"high\" decoding=\"async\" width=\"240\" height=\"300\" src=\"https:\/\/lottoplay.net\/wp-content\/uploads\/2023\/12\/dwefg-240x300.jpg\" class=\"attachment-medium size-medium wp-image-9729\" alt=\"Antony Hoffman\" srcset=\"https:\/\/lottoplay.net\/wp-content\/uploads\/2023\/12\/dwefg-240x300.jpg 240w, https:\/\/lottoplay.net\/wp-content\/uploads\/2023\/12\/dwefg-819x1024.jpg 819w, https:\/\/lottoplay.net\/wp-content\/uploads\/2023\/12\/dwefg-768x960.jpg 768w, https:\/\/lottoplay.net\/wp-content\/uploads\/2023\/12\/dwefg-1229x1536.jpg 1229w, https:\/\/lottoplay.net\/wp-content\/uploads\/2023\/12\/dwefg-1638x2048.jpg 1638w, https:\/\/lottoplay.net\/wp-content\/uploads\/2023\/12\/dwefg-10x12.jpg 10w, https:\/\/lottoplay.net\/wp-content\/uploads\/2023\/12\/dwefg-120x150.jpg 120w, https:\/\/lottoplay.net\/wp-content\/uploads\/2023\/12\/dwefg-100x125.jpg 100w, https:\/\/lottoplay.net\/wp-content\/uploads\/2023\/12\/dwefg-280x350.jpg 280w, https:\/\/lottoplay.net\/wp-content\/uploads\/2023\/12\/dwefg-788x985.jpg 788w, https:\/\/lottoplay.net\/wp-content\/uploads\/2023\/12\/dwefg-300x375.jpg 300w, https:\/\/lottoplay.net\/wp-content\/uploads\/2023\/12\/dwefg-600x750.jpg 600w, https:\/\/lottoplay.net\/wp-content\/uploads\/2023\/12\/dwefg.jpg 960w\" sizes=\"(max-width: 240px) 100vw, 240px\" \/>\t\t\t\t\t\t\t\t\t\t\t<figcaption class=\"widget-image-caption wp-caption-text\"><\/figcaption>\n\t\t\t\t\t\t\t\t\t\t<\/figure>\n\t\t\t\t\t\t\t\t\t<\/div>\n\t\t\t\t<\/div>\n\t\t\t\t<div class=\"elementor-element elementor-element-a58a04b elementor-widget elementor-widget-text-editor\" data-id=\"a58a04b\" data-element_type=\"widget\" data-widget_type=\"text-editor.default\">\n\t\t\t\t<div class=\"elementor-widget-container\">\n\t\t\t\t\t\t\t\t\t<p>antony.hoffman@protonmail.com<\/p>\t\t\t\t\t\t\t\t<\/div>\n\t\t\t\t<\/div>\n\t\t\t\t<div class=\"elementor-element elementor-element-4835da4 elementor-view-default elementor-widget elementor-widget-icon\" data-id=\"4835da4\" data-element_type=\"widget\" data-widget_type=\"icon.default\">\n\t\t\t\t<div class=\"elementor-widget-container\">\n\t\t\t\t\t\t\t<div class=\"elementor-icon-wrapper\">\n\t\t\t<a class=\"elementor-icon\" href=\"https:\/\/www.linkedin.com\/in\/anthony-hoffman-777lodge\/\" target=\"_blank\" rel=\"nofollow noopener\">\n\t\t\t<i aria-hidden=\"true\" class=\"rhicon rhi-linkedin\"><\/i>\t\t\t<\/a>\n\t\t<\/div>\n\t\t\t\t\t\t<\/div>\n\t\t\t\t<\/div>\n\t\t\t\t\t<\/div>\n\t\t<\/div>\n\t\t\t\t<div class=\"elementor-column elementor-col-50 elementor-top-column elementor-element elementor-element-71e6e8e\" data-id=\"71e6e8e\" data-element_type=\"column\">\n\t\t\t<div class=\"elementor-widget-wrap elementor-element-populated\">\n\t\t\t\t\t\t<section class=\"elementor-section elementor-inner-section elementor-element elementor-element-4860905 elementor-section-boxed elementor-section-height-default elementor-section-height-default\" data-id=\"4860905\" data-element_type=\"section\">\n\t\t\t\t\t\t<div class=\"elementor-container elementor-column-gap-default\">\n\t\t\t\t\t<div class=\"elementor-column elementor-col-100 elementor-inner-column elementor-element elementor-element-4781b48\" data-id=\"4781b48\" data-element_type=\"column\">\n\t\t\t<div class=\"elementor-widget-wrap elementor-element-populated\">\n\t\t\t\t\t\t<div class=\"elementor-element elementor-element-9456c16 elementor-widget elementor-widget-text-editor\" data-id=\"9456c16\" data-element_type=\"widget\" data-widget_type=\"text-editor.default\">\n\t\t\t\t<div class=\"elementor-widget-container\">\n\t\t\t\t\t\t\t\t\t<p><strong>Expertise :<\/strong> R\u00e9daction, jeux de loterie, m\u00e9dias sociaux<\/p><p><strong>\u00c9ducation :<\/strong> <a href=\"https:\/\/collegeofmediaandpublishing.co.uk\/\" rel=\"nofollow noopener\" target=\"_blank\">College of Media and Publishing (UK, Chichester)<\/a><\/p><p><strong>Langues : <\/strong>Anglais, Fran\u00e7ais, Allemand, H\u00e9breu<\/p>\t\t\t\t\t\t\t\t<\/div>\n\t\t\t\t<\/div>\n\t\t\t\t<div class=\"elementor-element elementor-element-3107c03 elementor-widget elementor-widget-text-editor\" data-id=\"3107c03\" data-element_type=\"widget\" data-widget_type=\"text-editor.default\">\n\t\t\t\t<div class=\"elementor-widget-container\">\n\t\t\t\t\t\t\t\t\t<p>Antony Hoffman est un natif de l'Ontario dont la vie a \u00e9t\u00e9 m\u00eal\u00e9e au monde captivant des <a href=\"https:\/\/lottoplay.net\/fr\/canada-lottery\/\">Jeux de loterie canadiens<\/a>. C'est \u00e0 l'\u00e2ge de 16 ans, alors qu'il travaillait dans une station-service locale, qu'il a d\u00e9couvert ce monde passionnant. Antony ne s'est pas content\u00e9 de vendre des centaines de billets de loterie, il a observ\u00e9 les r\u00eaves et l'excitation qu'ils suscitaient dans la vie des gens. Cette exposition pr\u00e9coce a \u00e9veill\u00e9 en lui une fascination \u00e0 vie pour la danse complexe de la chance et de la strat\u00e9gie de la loterie.<\/p>\t\t\t\t\t\t\t\t<\/div>\n\t\t\t\t<\/div>\n\t\t\t\t<div class=\"elementor-element elementor-element-81cb9e0 elementor-widget elementor-widget-heading\" data-id=\"81cb9e0\" data-element_type=\"widget\" data-widget_type=\"heading.default\">\n\t\t\t\t<div class=\"elementor-widget-container\">\n\t\t\t\t\t<h4 class=\"elementor-heading-title elementor-size-default\">Publications d'Antony :<\/h4>\t\t\t\t<\/div>\n\t\t\t\t<\/div>\n\t\t\t\t<div class=\"elementor-element elementor-element-d0ac6e1 elementor-icon-list--layout-traditional elementor-list-item-link-full_width elementor-widget elementor-widget-icon-list\" data-id=\"d0ac6e1\" data-element_type=\"widget\" data-widget_type=\"icon-list.default\">\n\t\t\t\t<div class=\"elementor-widget-container\">\n\t\t\t\t\t\t\t<ul class=\"elementor-icon-list-items\">\n\t\t\t\t\t\t\t<li class=\"elementor-icon-list-item\">\n\t\t\t\t\t\t\t\t\t\t\t<a href=\"https:\/\/lottoplay.net\/fr\/how-to-buy-lottery-tickets-online-or-offline-in-ontario-guides-2024\/\" target=\"_blank\">\n\n\t\t\t\t\t\t\t\t\t\t\t\t<span class=\"elementor-icon-list-icon\">\n\t\t\t\t\t\t\t<i aria-hidden=\"true\" class=\"fas fa-book\"><\/i>\t\t\t\t\t\t<\/span>\n\t\t\t\t\t\t\t\t\t\t<span class=\"elementor-icon-list-text\">Comment acheter des billets de loterie en ligne ou hors ligne en Ontario : Guides 2024<\/span>\n\t\t\t\t\t\t\t\t\t\t\t<\/a>\n\t\t\t\t\t\t\t\t\t<\/li>\n\t\t\t\t\t\t\t\t<li class=\"elementor-icon-list-item\">\n\t\t\t\t\t\t\t\t\t\t\t<a href=\"https:\/\/lottoplay.net\/fr\/how-to-buy-lottery-tickets-online-or-offline-in-alberta-a-step-by-step-guide\/\" target=\"_blank\">\n\n\t\t\t\t\t\t\t\t\t\t\t\t<span class=\"elementor-icon-list-icon\">\n\t\t\t\t\t\t\t<i aria-hidden=\"true\" class=\"fas fa-book\"><\/i>\t\t\t\t\t\t<\/span>\n\t\t\t\t\t\t\t\t\t\t<span class=\"elementor-icon-list-text\">Comment Acheter des Billets de Loterie en Ligne ou Hors Ligne en Alberta : Guide \u00e9tape par \u00e9tape<\/span>\n\t\t\t\t\t\t\t\t\t\t\t<\/a>\n\t\t\t\t\t\t\t\t\t<\/li>\n\t\t\t\t\t\t\t\t<li class=\"elementor-icon-list-item\">\n\t\t\t\t\t\t\t\t\t\t\t<a href=\"https:\/\/lottoplay.net\/fr\/understanding-the-taxation-of-lottery-winnings-in-canada-what-you-need-to-know\/\" target=\"_blank\">\n\n\t\t\t\t\t\t\t\t\t\t\t\t<span class=\"elementor-icon-list-icon\">\n\t\t\t\t\t\t\t<i aria-hidden=\"true\" class=\"fas fa-book\"><\/i>\t\t\t\t\t\t<\/span>\n\t\t\t\t\t\t\t\t\t\t<span class=\"elementor-icon-list-text\">Comprendre l'imposition des Gains de Loterie au Canada : Ce Qu'il Faut Savoir<\/span>\n\t\t\t\t\t\t\t\t\t\t\t<\/a>\n\t\t\t\t\t\t\t\t\t<\/li>\n\t\t\t\t\t\t<\/ul>\n\t\t\t\t\t\t<\/div>\n\t\t\t\t<\/div>\n\t\t\t\t\t<\/div>\n\t\t<\/div>\n\t\t\t\t\t<\/div>\n\t\t<\/section>\n\t\t\t\t<div class=\"elementor-element elementor-element-3cfab9d elementor-widget elementor-widget-html\" data-id=\"3cfab9d\" data-element_type=\"widget\" data-widget_type=\"html.default\">\n\t\t\t\t<div class=\"elementor-widget-container\">\n\t\t\t\t\t<script type=\"application\/ld+json\">{\n    \"@context\": \"http:\\\/\\\/schema.org\",\n    \"@type\": \"Person\",\n    \"name\": \"Antony Hoffman\",\n    \"jobTitle\": \"Co-founder, Writer Of LottoPlay.net\",\n    \"worksFor\": {\n        \"@type\": \"Organization\",\n        \"name\": \"LottoPlay\"\n    },\n    \"url\": \"https:\\\/\\\/lottoplay.net\\\/antony-hoffman\\\/\",\n    \"sameAs\": [],\n    \"alumniOf\": \"College of Media and Publishing\",\n    \"award\": \"Online business writing (QLS level 4)\",\n    \"birthDate\": \"1990-12-17\",\n    \"birthPlace\": \"Ontario, Canada\",\n    \"brand\": \"LottoPlay.net\",\n    \"contactPoint\": {\n        \"@type\": \"ContactPoint\",\n        \"contactType\": \"Customer Support\",\n        \"email\": \"antony.hoffman@protonmail.com\"\n    }\n}<\/script>\t\t\t\t<\/div>\n\t\t\t\t<\/div>\n\t\t\t\t\t<\/div>\n\t\t<\/div>\n\t\t\t\t\t<\/div>\n\t\t<\/section>\n\t\t\t\t<\/div>","protected":false},"excerpt":{"rendered":"<p>Antony Hoffman Co-fondateur, r\u00e9dacteur de LottoPlay.net antony.hoffman@protonmail.com Expertise : R\u00e9daction, jeux de loterie, m\u00e9dias sociaux Formation : College of Media and Publishing (Royaume-Uni, Chichester) Langues : Anglais, fran\u00e7ais, allemand, h\u00e9breu Antony Hoffman est un natif de l'Ontario dont la vie a \u00e9t\u00e9 m\u00eal\u00e9e au monde captivant des jeux de loterie canadiens. \u00c0 l'\u00e2ge de 16 ans, alors qu'il travaillait dans une [...]<\/p>","protected":false},"author":2,"featured_media":0,"parent":0,"menu_order":0,"comment_status":"closed","ping_status":"closed","template":"","meta":{"footnotes":""},"class_list":["post-9727","page","type-page","status-publish","hentry"],"_links":{"self":[{"href":"https:\/\/lottoplay.net\/fr\/wp-json\/wp\/v2\/pages\/9727","targetHints":{"allow":["GET"]}}],"collection":[{"href":"https:\/\/lottoplay.net\/fr\/wp-json\/wp\/v2\/pages"}],"about":[{"href":"https:\/\/lottoplay.net\/fr\/wp-json\/wp\/v2\/types\/page"}],"author":[{"embeddable":true,"href":"https:\/\/lottoplay.net\/fr\/wp-json\/wp\/v2\/users\/2"}],"replies":[{"embeddable":true,"href":"https:\/\/lottoplay.net\/fr\/wp-json\/wp\/v2\/comments?post=9727"}],"version-history":[{"count":49,"href":"https:\/\/lottoplay.net\/fr\/wp-json\/wp\/v2\/pages\/9727\/revisions"}],"predecessor-version":[{"id":12785,"href":"https:\/\/lottoplay.net\/fr\/wp-json\/wp\/v2\/pages\/9727\/revisions\/12785"}],"wp:attachment":[{"href":"https:\/\/lottoplay.net\/fr\/wp-json\/wp\/v2\/media?parent=9727"}],"curies":[{"name":"wp","href":"https:\/\/api.w.org\/{rel}","templated":true}]}}