{"id":3483,"date":"2023-03-29T11:06:03","date_gmt":"2023-03-29T11:06:03","guid":{"rendered":"https:\/\/lottoplay.net\/?page_id=3483"},"modified":"2024-01-13T01:39:59","modified_gmt":"2024-01-13T01:39:59","slug":"oise-lottery","status":"publish","type":"page","link":"https:\/\/lottoplay.net\/fr\/oise-lottery\/","title":{"rendered":"Loto de l'Oise"},"content":{"rendered":"<div data-elementor-type=\"wp-page\" data-elementor-id=\"3483\" class=\"elementor elementor-3483\" data-elementor-post-type=\"page\">\n\t\t\t\t\t\t<section class=\"elementor-section elementor-top-section elementor-element elementor-element-72790f5 elementor-section-boxed elementor-section-height-default elementor-section-height-default\" data-id=\"72790f5\" data-element_type=\"section\">\n\t\t\t\t\t\t<div class=\"elementor-container elementor-column-gap-default\">\n\t\t\t\t\t<div class=\"elementor-column elementor-col-100 elementor-top-column elementor-element elementor-element-beeb156\" data-id=\"beeb156\" data-element_type=\"column\">\n\t\t\t<div class=\"elementor-widget-wrap elementor-element-populated\">\n\t\t\t\t\t\t<div class=\"elementor-element elementor-element-2cad6dc elementor-widget elementor-widget-text-editor\" data-id=\"2cad6dc\" data-element_type=\"widget\" data-widget_type=\"text-editor.default\">\n\t\t\t\t<div class=\"elementor-widget-container\">\n\t\t\t\t\t\t\t\t\t<p>Dans l'Oise, l'\u00e8re des loteries num\u00e9riques se met en place, attirant une foule de participants enthousiastes. Les <strong>loteries en ligne dans l'Oise<\/strong> t\u00e9moignent de la fusion des jeux traditionnels et de la technologie moderne. Les principaux avantages de cette \u00e9volution sont les suivants<\/p><ol><li><strong>Jackpots lucratifs<\/strong>: Des cagnottes de plus en plus importantes gr\u00e2ce \u00e0 une large participation en ligne.<\/li><li><strong>Efficacit\u00e9<\/strong>: L'achat de billets en ligne supprime les contraintes g\u00e9ographiques et garantit une participation rapide.<\/li><li><strong>Des applications \u00e0 la pointe de la technologie<\/strong>: Les applications modernes facilitent le suivi et am\u00e9liorent l'exp\u00e9rience de l'utilisateur.<\/li><\/ol><p>Parmi la s\u00e9lection, la loterie EuroMillions en France continue de s\u00e9duire de nombreuses personnes, ce qui prouve qu'elle est un jeu tr\u00e8s appr\u00e9ci\u00e9. Cependant, l'attrait de KENO et de LOTO\u00ae ne se d\u00e9ment pas dans la r\u00e9gion. Les loteries de l'Oise prennent de l'ampleur et incarnent l'\u00e9quilibre entre l'h\u00e9ritage et l'innovation dans le domaine des jeux.<\/p>\t\t\t\t\t\t\t\t<\/div>\n\t\t\t\t<\/div>\n\t\t\t\t<div class=\"elementor-element elementor-element-32c4153 elementor-nav-menu__align-center elementor-nav-menu--dropdown-tablet elementor-nav-menu__text-align-aside elementor-nav-menu--toggle elementor-nav-menu--burger elementor-widget elementor-widget-nav-menu\" data-id=\"32c4153\" data-element_type=\"widget\" data-settings=\"{&quot;layout&quot;:&quot;horizontal&quot;,&quot;submenu_icon&quot;:{&quot;value&quot;:&quot;&lt;i class=\\&quot;fas fa-caret-down\\&quot; aria-hidden=\\&quot;true\\&quot;&gt;&lt;\\\/i&gt;&quot;,&quot;library&quot;:&quot;fa-solid&quot;},&quot;toggle&quot;:&quot;burger&quot;}\" data-widget_type=\"nav-menu.default\">\n\t\t\t\t<div class=\"elementor-widget-container\">\n\t\t\t\t\t\t\t\t<nav aria-label=\"Menu\" class=\"elementor-nav-menu--main elementor-nav-menu__container elementor-nav-menu--layout-horizontal e--pointer-underline e--animation-fade\">\n\t\t\t\t<ul id=\"menu-1-32c4153\" class=\"elementor-nav-menu\"><li class=\"menu-item menu-item-type-post_type menu-item-object-page menu-item-4817\"><a href=\"https:\/\/lottoplay.net\/fr\/aisne-lottery\/\" class=\"elementor-item\">Aisne<\/a><\/li>\n<li class=\"menu-item menu-item-type-post_type menu-item-object-page menu-item-4818\"><a href=\"https:\/\/lottoplay.net\/fr\/nord-lottery\/\" class=\"elementor-item\">Nord<\/a><\/li>\n<li class=\"menu-item menu-item-type-post_type menu-item-object-page menu-item-4819\"><a href=\"https:\/\/lottoplay.net\/fr\/oise-lottery\/\" class=\"elementor-item\">Oise<\/a><\/li>\n<li class=\"menu-item menu-item-type-post_type menu-item-object-page menu-item-4820\"><a href=\"https:\/\/lottoplay.net\/fr\/picardy-lottery\/\" class=\"elementor-item\">Picardie<\/a><\/li>\n<li class=\"menu-item menu-item-type-post_type menu-item-object-page menu-item-4821\"><a href=\"https:\/\/lottoplay.net\/fr\/pas-de-calais-lottery\/\" class=\"elementor-item\">Pas-de-Calais<\/a><\/li>\n<li class=\"menu-item menu-item-type-post_type menu-item-object-page menu-item-4822\"><a href=\"https:\/\/lottoplay.net\/fr\/somme-lottery\/\" class=\"elementor-item\">Somme<\/a><\/li>\n<\/ul>\t\t\t<\/nav>\n\t\t\t\t\t<div class=\"elementor-menu-toggle\" role=\"button\" tabindex=\"0\" aria-label=\"Permuter le menu\" aria-expanded=\"false\">\n\t\t\t<i aria-hidden=\"true\" role=\"presentation\" class=\"elementor-menu-toggle__icon--open eicon-menu-bar\"><\/i><i aria-hidden=\"true\" role=\"presentation\" class=\"elementor-menu-toggle__icon--close eicon-close\"><\/i>\t\t<\/div>\n\t\t\t\t\t<nav class=\"elementor-nav-menu--dropdown elementor-nav-menu__container\" aria-hidden=\"true\">\n\t\t\t\t<ul id=\"menu-2-32c4153\" class=\"elementor-nav-menu\"><li class=\"menu-item menu-item-type-post_type menu-item-object-page menu-item-4817\"><a href=\"https:\/\/lottoplay.net\/fr\/aisne-lottery\/\" class=\"elementor-item\" tabindex=\"-1\">Aisne<\/a><\/li>\n<li class=\"menu-item menu-item-type-post_type menu-item-object-page menu-item-4818\"><a href=\"https:\/\/lottoplay.net\/fr\/nord-lottery\/\" class=\"elementor-item\" tabindex=\"-1\">Nord<\/a><\/li>\n<li class=\"menu-item menu-item-type-post_type menu-item-object-page menu-item-4819\"><a href=\"https:\/\/lottoplay.net\/fr\/oise-lottery\/\" class=\"elementor-item\" tabindex=\"-1\">Oise<\/a><\/li>\n<li class=\"menu-item menu-item-type-post_type menu-item-object-page menu-item-4820\"><a href=\"https:\/\/lottoplay.net\/fr\/picardy-lottery\/\" class=\"elementor-item\" tabindex=\"-1\">Picardie<\/a><\/li>\n<li class=\"menu-item menu-item-type-post_type menu-item-object-page menu-item-4821\"><a href=\"https:\/\/lottoplay.net\/fr\/pas-de-calais-lottery\/\" class=\"elementor-item\" tabindex=\"-1\">Pas-de-Calais<\/a><\/li>\n<li class=\"menu-item menu-item-type-post_type menu-item-object-page menu-item-4822\"><a href=\"https:\/\/lottoplay.net\/fr\/somme-lottery\/\" class=\"elementor-item\" tabindex=\"-1\">Somme<\/a><\/li>\n<\/ul>\t\t\t<\/nav>\n\t\t\t\t\t\t<\/div>\n\t\t\t\t<\/div>\n\t\t\t\t\t<\/div>\n\t\t<\/div>\n\t\t\t\t\t<\/div>\n\t\t<\/section>\n\t\t\t\t<section class=\"elementor-section elementor-top-section elementor-element elementor-element-6514436 elementor-section-boxed elementor-section-height-default elementor-section-height-default\" data-id=\"6514436\" data-element_type=\"section\">\n\t\t\t\t\t\t<div class=\"elementor-container elementor-column-gap-default\">\n\t\t\t\t\t<div class=\"elementor-column elementor-col-100 elementor-top-column elementor-element elementor-element-71592b9\" data-id=\"71592b9\" data-element_type=\"column\">\n\t\t\t<div class=\"elementor-widget-wrap elementor-element-populated\">\n\t\t\t\t\t\t<section class=\"elementor-section elementor-inner-section elementor-element elementor-element-a1adfe5 elementor-section-boxed elementor-section-height-default elementor-section-height-default\" data-id=\"a1adfe5\" data-element_type=\"section\">\n\t\t\t\t\t\t<div class=\"elementor-container elementor-column-gap-default\">\n\t\t\t\t\t<div class=\"elementor-column elementor-col-33 elementor-inner-column elementor-element elementor-element-2716f96\" data-id=\"2716f96\" data-element_type=\"column\">\n\t\t\t<div class=\"elementor-widget-wrap elementor-element-populated\">\n\t\t\t\t\t\t<div data-pp-wrapper-link=\"{&quot;url&quot;:&quot;https:\\\/\\\/lottoplay.net\\\/lottery\\\/euromillions-my-million\\\/&quot;,&quot;is_external&quot;:&quot;&quot;,&quot;nofollow&quot;:&quot;&quot;}\" class=\"pp-wrapper-link elementor-element elementor-element-72a003e pp-pricing-table-align-center elementor-widget__width-initial elementor-widget-tablet__width-inherit animated-slow pp-pricing-table-price-duration-wrap elementor-invisible elementor-widget elementor-widget-pp-pricing-table\" data-id=\"72a003e\" data-element_type=\"widget\" data-settings=\"{&quot;_animation&quot;:&quot;zoomIn&quot;,&quot;_animation_mobile&quot;:&quot;bounce&quot;,&quot;_animation_delay&quot;:0}\" data-widget_type=\"pp-pricing-table.default\">\n\t\t\t\t<div class=\"elementor-widget-container\">\n\t\t\t\t\t\t\t<div class=\"pp-pricing-table-container\">\n\t\t\t<div class=\"pp-pricing-table\">\n\t\t\t\t<div class=\"pp-pricing-table-head\">\n\t\t\t\t\t\t\t\t\t\t\t<div class=\"pp-pricing-table-icon-wrap\">\n\t\t\t\t\t\t\t\t\t\t\t\t\t\t\t\t\t\t\t\t\t\t\t\t<span class=\"pp-pricing-table-icon pp-pricing-table-icon-image\">\n\t\t\t\t\t\t\t\t\t\t<img decoding=\"async\" width=\"300\" height=\"150\" src=\"https:\/\/lottoplay.net\/wp-content\/uploads\/2023\/09\/euromillions-mymillion-300x150.png\" class=\"attachment-woocommerce_thumbnail size-woocommerce_thumbnail wp-image-6975\" alt=\"EuroMillions-Mymillion\" srcset=\"https:\/\/lottoplay.net\/wp-content\/uploads\/2023\/09\/euromillions-mymillion-300x150.png 300w, https:\/\/lottoplay.net\/wp-content\/uploads\/2023\/09\/euromillions-mymillion-1024x512.png 1024w, https:\/\/lottoplay.net\/wp-content\/uploads\/2023\/09\/euromillions-mymillion-768x384.png 768w, https:\/\/lottoplay.net\/wp-content\/uploads\/2023\/09\/euromillions-mymillion-1536x768.png 1536w, https:\/\/lottoplay.net\/wp-content\/uploads\/2023\/09\/euromillions-mymillion-2048x1024.png 2048w, https:\/\/lottoplay.net\/wp-content\/uploads\/2023\/09\/euromillions-mymillion-100x50.png 100w, https:\/\/lottoplay.net\/wp-content\/uploads\/2023\/09\/euromillions-mymillion-700x350.png 700w, https:\/\/lottoplay.net\/wp-content\/uploads\/2023\/09\/euromillions-mymillion-788x394.png 788w, https:\/\/lottoplay.net\/wp-content\/uploads\/2023\/09\/euromillions-mymillion-600x300.png 600w, https:\/\/lottoplay.net\/wp-content\/uploads\/2023\/09\/euromillions-mymillion.png 400w\" sizes=\"(max-width: 300px) 100vw, 300px\" \/>\t\t\t\t\t\t\t\t\t<\/span>\n\t\t\t\t\t\t\t\t\t\t\t\t\t\t\t\t\t\t\t\t\t<\/div>\n\t\t\t\t\t\t\t\t\t\t<div class=\"pp-pricing-table-title-wrap\">\n\t\t\t\t\t\t\t\t\t\t\t\t\t<h2 class=\"pp-pricing-table-title\">\n\t\t\t\t\t\t\t\tEuroMillions - Mon million\t\t\t\t\t\t\t<\/h2>\n\t\t\t\t\t\t\t\t\t\t\t\t<\/div>\n\t\t\t\t<\/div>\n\t\t\t\t<div class=\"pp-pricing-table-price-wrap\">\n\t\t\t\t\t<div class=\"pp-pricing-table-price\">\n\t\t\t\t\t\t\t\t\t\t\t\t<span class=\"pp-pricing-table-price-prefix\">\u20ac<\/span>\t\t\t\t\t\t<span class=\"pp-pricing-table-price-value\">\n\t\t\t\t\t\t\t<span class=\"pp-pricing-table-integer-part\">\n\t\t\t\t\t\t\t\t2.50\t\t\t\t\t\t\t<\/span>\n\t\t\t\t\t\t\t\t\t\t\t\t\t<\/span>\n\t\t\t\t\t\t\t\t\t\t\t\t\t\t\t\t\t\t\t<span class=\"pp-pricing-table-price-duration\">\n\t\t\t\t\t\t\t\tpar billet\t\t\t\t\t\t\t<\/span>\n\t\t\t\t\t\t\t\t\t\t\t<\/div>\n\t\t\t\t<\/div>\n\t\t\t\t\t\t\t\t<ul class=\"pp-pricing-table-features\">\n\t\t\t\t\t\t\t\t\t\t\t\t\t\t\t\t\t<li class=\"elementor-repeater-item-89985d7\">\n\t\t\t\t\t\t\t<div class=\"pp-pricing-table-feature-content\">\n\t\t\t\t\t\t\t\t\t\t\t\t\t\t\t\t\t<span class=\"pp-pricing-table-fature-icon pp-icon\">\n\t\t\t\t\t\t\t\t\t\t<i aria-hidden=\"true\" class=\"rhicon rhi-money\"><\/i>\t\t\t\t\t\t\t\t\t<\/span>\n\t\t\t\t\t\t\t\t\t\t\t\t\t\t\t\t\t\t\t\t\t\t\t\t\t\t<span class=\"pp-pricing-table-feature-text\">\n\t\t\t\t\t\t\t\t\t\tJackpot : 39 000 000 euros\t\t\t\t\t\t\t\t\t<\/span>\n\t\t\t\t\t\t\t\t\t\t\t\t\t\t\t\t\t\t\t\t\t\t\t<\/div>\n\t\t\t\t\t\t<\/li>\n\t\t\t\t\t\t\t\t\t\t\t\t\t\t\t\t\t<li class=\"elementor-repeater-item-50a58e5\">\n\t\t\t\t\t\t\t<div class=\"pp-pricing-table-feature-content\">\n\t\t\t\t\t\t\t\t\t\t\t\t\t\t\t\t\t<span class=\"pp-pricing-table-fature-icon pp-icon\">\n\t\t\t\t\t\t\t\t\t\t<i aria-hidden=\"true\" class=\"far fa-star\"><\/i>\t\t\t\t\t\t\t\t\t<\/span>\n\t\t\t\t\t\t\t\t\t\t\t\t\t\t\t\t\t\t\t\t\t\t\t\t\t\t<span class=\"pp-pricing-table-feature-text\">\n\t\t\t\t\t\t\t\t\t\t Classement : \ud83c\udfb1 \ud83c\udfb1 \ud83c\udfb1 \ud83c\udfb1 \ud83c\udfb1 \ud83c\udfb1\t\t\t\t\t\t\t\t\t<\/span>\n\t\t\t\t\t\t\t\t\t\t\t\t\t\t\t\t\t\t\t\t\t\t\t<\/div>\n\t\t\t\t\t\t<\/li>\n\t\t\t\t\t\t\t\t\t<\/ul>\n\t\t\t\t<div class=\"pp-pricing-table-footer\">\n\t\t\t\t\t\t\t\t\t\t\t\t\t\t\t\t\t\t<a class=\"pp-pricing-table-button elementor-button elementor-size-md\" href=\"https:\/\/lottoplay.net\/euromillions.html\" rel=\"nofollow\">\n\t\t\t\t\t\t\t\t\ud83d\udcb8 Acheter des billets\t\t\t\t\t\t\t<\/a>\n\t\t\t\t\t\t\t\t\t\t\t\t\t\t\t\t\t\t\t\t<\/div>\n\t\t\t<\/div>\n\t\t\t\t\t<\/div>\n\t\t\t\t\t\t<\/div>\n\t\t\t\t<\/div>\n\t\t\t\t<div class=\"elementor-element elementor-element-a995d9f elementor-widget elementor-widget-spacer\" data-id=\"a995d9f\" data-element_type=\"widget\" data-widget_type=\"spacer.default\">\n\t\t\t\t<div class=\"elementor-widget-container\">\n\t\t\t\t\t\t\t<div class=\"elementor-spacer\">\n\t\t\t<div class=\"elementor-spacer-inner\"><\/div>\n\t\t<\/div>\n\t\t\t\t\t\t<\/div>\n\t\t\t\t<\/div>\n\t\t\t\t\t<\/div>\n\t\t<\/div>\n\t\t\t\t<div class=\"elementor-column elementor-col-33 elementor-inner-column elementor-element elementor-element-93d46a9\" data-id=\"93d46a9\" data-element_type=\"column\">\n\t\t\t<div class=\"elementor-widget-wrap elementor-element-populated\">\n\t\t\t\t\t\t<div data-pp-wrapper-link=\"{&quot;url&quot;:&quot;https:\\\/\\\/lottoplay.net\\\/lottery\\\/loto-french\\\/&quot;,&quot;is_external&quot;:&quot;&quot;,&quot;nofollow&quot;:&quot;&quot;}\" class=\"pp-wrapper-link elementor-element elementor-element-53e6acd pp-pricing-table-align-center elementor-widget__width-initial elementor-widget-tablet__width-inherit animated-slow pp-pricing-table-price-duration-wrap elementor-invisible elementor-widget elementor-widget-pp-pricing-table\" data-id=\"53e6acd\" data-element_type=\"widget\" data-settings=\"{&quot;_animation_mobile&quot;:&quot;bounce&quot;,&quot;_animation_delay&quot;:0,&quot;_animation&quot;:&quot;zoomIn&quot;,&quot;tooltip_trigger&quot;:&quot;hover&quot;,&quot;tooltip_size&quot;:&quot;default&quot;,&quot;tooltip_arrow&quot;:&quot;yes&quot;,&quot;tooltip_animation&quot;:&quot;fade&quot;,&quot;tooltip_display_on&quot;:&quot;text&quot;,&quot;tooltip_distance&quot;:{&quot;unit&quot;:&quot;px&quot;,&quot;size&quot;:&quot;&quot;,&quot;sizes&quot;:[]},&quot;tooltip_zindex&quot;:99,&quot;tooltip_width&quot;:{&quot;unit&quot;:&quot;px&quot;,&quot;size&quot;:&quot;&quot;,&quot;sizes&quot;:[]}}\" data-widget_type=\"pp-pricing-table.default\">\n\t\t\t\t<div class=\"elementor-widget-container\">\n\t\t\t\t\t\t\t<div class=\"pp-pricing-table-container\">\n\t\t\t<div class=\"pp-pricing-table\">\n\t\t\t\t<div class=\"pp-pricing-table-head\">\n\t\t\t\t\t\t\t\t\t\t\t<div class=\"pp-pricing-table-icon-wrap\">\n\t\t\t\t\t\t\t\t\t\t\t\t\t\t\t\t\t\t\t\t\t\t\t\t<span class=\"pp-pricing-table-icon pp-pricing-table-icon-image\">\n\t\t\t\t\t\t\t\t\t\t<img decoding=\"async\" width=\"300\" height=\"150\" src=\"https:\/\/lottoplay.net\/wp-content\/uploads\/2023\/09\/loto-french-300x150.png\" class=\"attachment-woocommerce_thumbnail size-woocommerce_thumbnail wp-image-6906\" alt=\"LOTO Fran\u00e7ais\" srcset=\"https:\/\/lottoplay.net\/wp-content\/uploads\/2023\/09\/loto-french-300x150.png 300w, https:\/\/lottoplay.net\/wp-content\/uploads\/2023\/09\/loto-french-1024x512.png 1024w, https:\/\/lottoplay.net\/wp-content\/uploads\/2023\/09\/loto-french-768x384.png 768w, https:\/\/lottoplay.net\/wp-content\/uploads\/2023\/09\/loto-french-1536x768.png 1536w, https:\/\/lottoplay.net\/wp-content\/uploads\/2023\/09\/loto-french-2048x1024.png 2048w, https:\/\/lottoplay.net\/wp-content\/uploads\/2023\/09\/loto-french-100x50.png 100w, https:\/\/lottoplay.net\/wp-content\/uploads\/2023\/09\/loto-french-700x350.png 700w, https:\/\/lottoplay.net\/wp-content\/uploads\/2023\/09\/loto-french-788x394.png 788w, https:\/\/lottoplay.net\/wp-content\/uploads\/2023\/09\/loto-french-600x300.png 600w, https:\/\/lottoplay.net\/wp-content\/uploads\/2023\/09\/loto-french.png 400w\" sizes=\"(max-width: 300px) 100vw, 300px\" \/>\t\t\t\t\t\t\t\t\t<\/span>\n\t\t\t\t\t\t\t\t\t\t\t\t\t\t\t\t\t\t\t\t\t<\/div>\n\t\t\t\t\t\t\t\t\t\t<div class=\"pp-pricing-table-title-wrap\">\n\t\t\t\t\t\t\t\t\t\t\t\t\t<h2 class=\"pp-pricing-table-title\">\n\t\t\t\t\t\t\t\tLOTO\t\t\t\t\t\t\t<\/h2>\n\t\t\t\t\t\t\t\t\t\t\t\t<\/div>\n\t\t\t\t<\/div>\n\t\t\t\t<div class=\"pp-pricing-table-price-wrap\">\n\t\t\t\t\t<div class=\"pp-pricing-table-price\">\n\t\t\t\t\t\t\t\t\t\t\t\t<span class=\"pp-pricing-table-price-prefix\">\u20ac<\/span>\t\t\t\t\t\t<span class=\"pp-pricing-table-price-value\">\n\t\t\t\t\t\t\t<span class=\"pp-pricing-table-integer-part\">\n\t\t\t\t\t\t\t\t2.20\t\t\t\t\t\t\t<\/span>\n\t\t\t\t\t\t\t\t\t\t\t\t\t<\/span>\n\t\t\t\t\t\t\t\t\t\t\t\t\t\t\t\t\t\t\t<span class=\"pp-pricing-table-price-duration\">\n\t\t\t\t\t\t\t\tpar billet\t\t\t\t\t\t\t<\/span>\n\t\t\t\t\t\t\t\t\t\t\t<\/div>\n\t\t\t\t<\/div>\n\t\t\t\t\t\t\t\t<ul class=\"pp-pricing-table-features\">\n\t\t\t\t\t\t\t\t\t\t\t\t\t\t\t\t\t<li class=\"elementor-repeater-item-89985d7\">\n\t\t\t\t\t\t\t<div class=\"pp-pricing-table-feature-content pp-pricing-table-tooptip\" data-tooltip=\"{&quot;position&quot;:&quot;top&quot;,&quot;distance&quot;:&quot;&quot;,&quot;width&quot;:&quot;&quot;}\" data-tooltip-content=\"#pp-tooltip-content-53e6acd-89985d7\">\n\t\t\t\t\t\t\t\t\t\t\t\t\t\t\t\t\t<span class=\"pp-pricing-table-fature-icon pp-icon\">\n\t\t\t\t\t\t\t\t\t\t<i aria-hidden=\"true\" class=\"rhicon rhi-money\"><\/i>\t\t\t\t\t\t\t\t\t<\/span>\n\t\t\t\t\t\t\t\t\t\t\t\t\t\t\t\t\t\t\t\t\t\t\t\t\t\t<span class=\"pp-pricing-table-feature-text\">\n\t\t\t\t\t\t\t\t\t\tJackpot : 18 000 000 euros\t\t\t\t\t\t\t\t\t<\/span>\n\t\t\t\t\t\t\t\t\t\t\t\t\t\t\t\t\t\t\t\t\t\t\t\t\t\t\t\t\t\t\t\t\t\t<div class=\"pp-tooltip-container\">\n\t\t\t\t\t\t\t\t\t\t<div class=\"pp-tooltip-content pp-tooltip-content-53e6acd\" id=\"pp-tooltip-content-53e6acd-89985d7\">\n\t\t\t\t\t\t\t\t\t\t\tIl s'agit d'une info-bulle\t\t\t\t\t\t\t\t\t\t<\/div>\n\t\t\t\t\t\t\t\t\t<\/div>\n\t\t\t\t\t\t\t\t\t\t\t\t\t\t\t<\/div>\n\t\t\t\t\t\t<\/li>\n\t\t\t\t\t\t\t\t\t\t\t\t\t\t\t\t\t<li class=\"elementor-repeater-item-50a58e5\">\n\t\t\t\t\t\t\t<div class=\"pp-pricing-table-feature-content pp-pricing-table-tooptip\" data-tooltip=\"{&quot;position&quot;:&quot;top&quot;,&quot;distance&quot;:&quot;&quot;,&quot;width&quot;:&quot;&quot;}\" data-tooltip-content=\"#pp-tooltip-content-53e6acd-50a58e5\">\n\t\t\t\t\t\t\t\t\t\t\t\t\t\t\t\t\t<span class=\"pp-pricing-table-fature-icon pp-icon\">\n\t\t\t\t\t\t\t\t\t\t<i aria-hidden=\"true\" class=\"far fa-star\"><\/i>\t\t\t\t\t\t\t\t\t<\/span>\n\t\t\t\t\t\t\t\t\t\t\t\t\t\t\t\t\t\t\t\t\t\t\t\t\t\t<span class=\"pp-pricing-table-feature-text\">\n\t\t\t\t\t\t\t\t\t\t Classement : \ud83c\udfb1 \ud83c\udfb1 \ud83c\udfb1 \ud83c\udfb1 \ud83c\udfb1 \ud83c\udfb1\t\t\t\t\t\t\t\t\t<\/span>\n\t\t\t\t\t\t\t\t\t\t\t\t\t\t\t\t\t\t\t\t\t\t\t\t\t\t\t\t\t\t\t\t\t\t<div class=\"pp-tooltip-container\">\n\t\t\t\t\t\t\t\t\t\t<div class=\"pp-tooltip-content pp-tooltip-content-53e6acd\" id=\"pp-tooltip-content-53e6acd-50a58e5\">\n\t\t\t\t\t\t\t\t\t\t\tIl s'agit d'une info-bulle\t\t\t\t\t\t\t\t\t\t<\/div>\n\t\t\t\t\t\t\t\t\t<\/div>\n\t\t\t\t\t\t\t\t\t\t\t\t\t\t\t<\/div>\n\t\t\t\t\t\t<\/li>\n\t\t\t\t\t\t\t\t\t<\/ul>\n\t\t\t\t<div class=\"pp-pricing-table-footer\">\n\t\t\t\t\t\t\t\t\t\t\t\t\t\t\t\t\t\t<a class=\"pp-pricing-table-button elementor-button elementor-size-md\" href=\"https:\/\/lottoplay.net\/loto.html\" rel=\"nofollow\">\n\t\t\t\t\t\t\t\t\ud83d\udcb8 Acheter des billets\t\t\t\t\t\t\t<\/a>\n\t\t\t\t\t\t\t\t\t\t\t\t\t\t\t\t\t\t\t\t<\/div>\n\t\t\t<\/div>\n\t\t\t\t\t<\/div>\n\t\t\t\t\t\t<\/div>\n\t\t\t\t<\/div>\n\t\t\t\t<div class=\"elementor-element elementor-element-0981bf9 elementor-widget elementor-widget-spacer\" data-id=\"0981bf9\" data-element_type=\"widget\" data-widget_type=\"spacer.default\">\n\t\t\t\t<div class=\"elementor-widget-container\">\n\t\t\t\t\t\t\t<div class=\"elementor-spacer\">\n\t\t\t<div class=\"elementor-spacer-inner\"><\/div>\n\t\t<\/div>\n\t\t\t\t\t\t<\/div>\n\t\t\t\t<\/div>\n\t\t\t\t\t<\/div>\n\t\t<\/div>\n\t\t\t\t<div class=\"elementor-column elementor-col-33 elementor-inner-column elementor-element elementor-element-10028e9\" data-id=\"10028e9\" data-element_type=\"column\">\n\t\t\t<div class=\"elementor-widget-wrap elementor-element-populated\">\n\t\t\t\t\t\t<div data-pp-wrapper-link=\"{&quot;url&quot;:&quot;https:\\\/\\\/lottoplay.net\\\/lottery\\\/keno-france\\\/&quot;,&quot;is_external&quot;:&quot;&quot;,&quot;nofollow&quot;:&quot;&quot;}\" class=\"pp-wrapper-link elementor-element elementor-element-cb1ab5a pp-pricing-table-align-center elementor-widget__width-initial elementor-widget-tablet__width-inherit animated-slow pp-pricing-table-price-duration-wrap elementor-invisible elementor-widget elementor-widget-pp-pricing-table\" data-id=\"cb1ab5a\" data-element_type=\"widget\" data-settings=\"{&quot;_animation&quot;:&quot;zoomIn&quot;,&quot;_animation_mobile&quot;:&quot;bounce&quot;,&quot;_animation_delay&quot;:0}\" data-widget_type=\"pp-pricing-table.default\">\n\t\t\t\t<div class=\"elementor-widget-container\">\n\t\t\t\t\t\t\t<div class=\"pp-pricing-table-container\">\n\t\t\t<div class=\"pp-pricing-table\">\n\t\t\t\t<div class=\"pp-pricing-table-head\">\n\t\t\t\t\t\t\t\t\t\t\t<div class=\"pp-pricing-table-icon-wrap\">\n\t\t\t\t\t\t\t\t\t\t\t\t\t\t\t\t\t\t\t\t\t\t\t\t<span class=\"pp-pricing-table-icon pp-pricing-table-icon-image\">\n\t\t\t\t\t\t\t\t\t\t<img decoding=\"async\" width=\"300\" height=\"150\" src=\"https:\/\/lottoplay.net\/wp-content\/uploads\/2023\/09\/keno-france-300x150.png\" class=\"attachment-woocommerce_thumbnail size-woocommerce_thumbnail wp-image-6935\" alt=\"Loterie KENO France\" srcset=\"https:\/\/lottoplay.net\/wp-content\/uploads\/2023\/09\/keno-france-300x150.png 300w, https:\/\/lottoplay.net\/wp-content\/uploads\/2023\/09\/keno-france-1024x512.png 1024w, https:\/\/lottoplay.net\/wp-content\/uploads\/2023\/09\/keno-france-768x384.png 768w, https:\/\/lottoplay.net\/wp-content\/uploads\/2023\/09\/keno-france-1536x768.png 1536w, https:\/\/lottoplay.net\/wp-content\/uploads\/2023\/09\/keno-france-2048x1024.png 2048w, https:\/\/lottoplay.net\/wp-content\/uploads\/2023\/09\/keno-france-100x50.png 100w, https:\/\/lottoplay.net\/wp-content\/uploads\/2023\/09\/keno-france-700x350.png 700w, https:\/\/lottoplay.net\/wp-content\/uploads\/2023\/09\/keno-france-788x394.png 788w, https:\/\/lottoplay.net\/wp-content\/uploads\/2023\/09\/keno-france-600x300.png 600w, https:\/\/lottoplay.net\/wp-content\/uploads\/2023\/09\/keno-france.png 400w\" sizes=\"(max-width: 300px) 100vw, 300px\" \/>\t\t\t\t\t\t\t\t\t<\/span>\n\t\t\t\t\t\t\t\t\t\t\t\t\t\t\t\t\t\t\t\t\t<\/div>\n\t\t\t\t\t\t\t\t\t\t<div class=\"pp-pricing-table-title-wrap\">\n\t\t\t\t\t\t\t\t\t\t\t\t\t<h2 class=\"pp-pricing-table-title\">\n\t\t\t\t\t\t\t\tKeno\t\t\t\t\t\t\t<\/h2>\n\t\t\t\t\t\t\t\t\t\t\t\t<\/div>\n\t\t\t\t<\/div>\n\t\t\t\t<div class=\"pp-pricing-table-price-wrap\">\n\t\t\t\t\t<div class=\"pp-pricing-table-price\">\n\t\t\t\t\t\t\t\t\t\t\t\t<span class=\"pp-pricing-table-price-prefix\">\u20ac<\/span>\t\t\t\t\t\t<span class=\"pp-pricing-table-price-value\">\n\t\t\t\t\t\t\t<span class=\"pp-pricing-table-integer-part\">\n\t\t\t\t\t\t\t\t1\t\t\t\t\t\t\t<\/span>\n\t\t\t\t\t\t\t\t\t\t\t\t\t<\/span>\n\t\t\t\t\t\t\t\t\t\t\t\t\t\t\t\t\t\t\t<span class=\"pp-pricing-table-price-duration\">\n\t\t\t\t\t\t\t\tpar billet\t\t\t\t\t\t\t<\/span>\n\t\t\t\t\t\t\t\t\t\t\t<\/div>\n\t\t\t\t<\/div>\n\t\t\t\t\t\t\t\t<ul class=\"pp-pricing-table-features\">\n\t\t\t\t\t\t\t\t\t\t\t\t\t\t\t\t\t<li class=\"elementor-repeater-item-89985d7\">\n\t\t\t\t\t\t\t<div class=\"pp-pricing-table-feature-content\">\n\t\t\t\t\t\t\t\t\t\t\t\t\t\t\t\t\t<span class=\"pp-pricing-table-fature-icon pp-icon\">\n\t\t\t\t\t\t\t\t\t\t<i aria-hidden=\"true\" class=\"rhicon rhi-money\"><\/i>\t\t\t\t\t\t\t\t\t<\/span>\n\t\t\t\t\t\t\t\t\t\t\t\t\t\t\t\t\t\t\t\t\t\t\t\t\t\t<span class=\"pp-pricing-table-feature-text\">\n\t\t\t\t\t\t\t\t\t\tJackpot : 2 000 000 \u20ac.\t\t\t\t\t\t\t\t\t<\/span>\n\t\t\t\t\t\t\t\t\t\t\t\t\t\t\t\t\t\t\t\t\t\t\t<\/div>\n\t\t\t\t\t\t<\/li>\n\t\t\t\t\t\t\t\t\t\t\t\t\t\t\t\t\t<li class=\"elementor-repeater-item-50a58e5\">\n\t\t\t\t\t\t\t<div class=\"pp-pricing-table-feature-content\">\n\t\t\t\t\t\t\t\t\t\t\t\t\t\t\t\t\t<span class=\"pp-pricing-table-fature-icon pp-icon\">\n\t\t\t\t\t\t\t\t\t\t<i aria-hidden=\"true\" class=\"far fa-star\"><\/i>\t\t\t\t\t\t\t\t\t<\/span>\n\t\t\t\t\t\t\t\t\t\t\t\t\t\t\t\t\t\t\t\t\t\t\t\t\t\t<span class=\"pp-pricing-table-feature-text\">\n\t\t\t\t\t\t\t\t\t\t Classement : \ud83c\udfb1 \ud83c\udfb1 \ud83c\udfb1 \ud83c\udfb1 \ud83c\udfb1 \t\t\t\t\t\t\t\t\t<\/span>\n\t\t\t\t\t\t\t\t\t\t\t\t\t\t\t\t\t\t\t\t\t\t\t<\/div>\n\t\t\t\t\t\t<\/li>\n\t\t\t\t\t\t\t\t\t<\/ul>\n\t\t\t\t<div class=\"pp-pricing-table-footer\">\n\t\t\t\t\t\t\t\t\t\t\t\t\t\t\t\t\t\t<a class=\"pp-pricing-table-button elementor-button elementor-size-md\" href=\"https:\/\/lottoplay.net\/keno.html\">\n\t\t\t\t\t\t\t\t\ud83d\udcb8 Acheter des billets\t\t\t\t\t\t\t<\/a>\n\t\t\t\t\t\t\t\t\t\t\t\t\t\t\t\t\t\t\t\t<\/div>\n\t\t\t<\/div>\n\t\t\t\t\t<\/div>\n\t\t\t\t\t\t<\/div>\n\t\t\t\t<\/div>\n\t\t\t\t<div class=\"elementor-element elementor-element-657cdb7 elementor-widget elementor-widget-spacer\" data-id=\"657cdb7\" data-element_type=\"widget\" data-widget_type=\"spacer.default\">\n\t\t\t\t<div class=\"elementor-widget-container\">\n\t\t\t\t\t\t\t<div class=\"elementor-spacer\">\n\t\t\t<div class=\"elementor-spacer-inner\"><\/div>\n\t\t<\/div>\n\t\t\t\t\t\t<\/div>\n\t\t\t\t<\/div>\n\t\t\t\t\t<\/div>\n\t\t<\/div>\n\t\t\t\t\t<\/div>\n\t\t<\/section>\n\t\t\t\t\t<\/div>\n\t\t<\/div>\n\t\t\t\t\t<\/div>\n\t\t<\/section>\n\t\t\t\t<\/div>","protected":false},"excerpt":{"rendered":"<p>Dans l'Oise, l'\u00e8re des loteries num\u00e9riques se d\u00e9ploie, attirant un \u00e9ventail de participants enthousiastes. Les loteries en ligne de l'Oise t\u00e9moignent de la fusion des jeux traditionnels et de la technologie moderne. Les principaux avantages de cette \u00e9volution sont les suivants Des jackpots lucratifs : Des cagnottes de plus en plus importantes gr\u00e2ce \u00e0 une large participation en ligne. Efficacit\u00e9 : L'achat de billets en ligne \u00e9limine les contraintes g\u00e9ographiques [...]<\/p>","protected":false},"author":1,"featured_media":0,"parent":0,"menu_order":0,"comment_status":"closed","ping_status":"closed","template":"","meta":{"footnotes":""},"class_list":["post-3483","page","type-page","status-publish","hentry"],"_links":{"self":[{"href":"https:\/\/lottoplay.net\/fr\/wp-json\/wp\/v2\/pages\/3483","targetHints":{"allow":["GET"]}}],"collection":[{"href":"https:\/\/lottoplay.net\/fr\/wp-json\/wp\/v2\/pages"}],"about":[{"href":"https:\/\/lottoplay.net\/fr\/wp-json\/wp\/v2\/types\/page"}],"author":[{"embeddable":true,"href":"https:\/\/lottoplay.net\/fr\/wp-json\/wp\/v2\/users\/1"}],"replies":[{"embeddable":true,"href":"https:\/\/lottoplay.net\/fr\/wp-json\/wp\/v2\/comments?post=3483"}],"version-history":[{"count":19,"href":"https:\/\/lottoplay.net\/fr\/wp-json\/wp\/v2\/pages\/3483\/revisions"}],"predecessor-version":[{"id":11723,"href":"https:\/\/lottoplay.net\/fr\/wp-json\/wp\/v2\/pages\/3483\/revisions\/11723"}],"wp:attachment":[{"href":"https:\/\/lottoplay.net\/fr\/wp-json\/wp\/v2\/media?parent=3483"}],"curies":[{"name":"wp","href":"https:\/\/api.w.org\/{rel}","templated":true}]}}