{"id":2951,"date":"2023-03-26T01:02:55","date_gmt":"2023-03-26T01:02:55","guid":{"rendered":"https:\/\/lottoplay.net\/?page_id=2951"},"modified":"2024-01-11T01:35:22","modified_gmt":"2024-01-11T01:35:22","slug":"lottery-jackpots-in-france","status":"publish","type":"page","link":"https:\/\/lottoplay.net\/fr\/lottery-jackpots-in-france\/","title":{"rendered":"Jackpots de la loterie en France"},"content":{"rendered":"<div data-elementor-type=\"wp-page\" data-elementor-id=\"2951\" class=\"elementor elementor-2951\" data-elementor-post-type=\"page\">\n\t\t\t\t\t\t<section class=\"elementor-section elementor-top-section elementor-element elementor-element-ad94a25 elementor-section-boxed elementor-section-height-default elementor-section-height-default\" data-id=\"ad94a25\" data-element_type=\"section\">\n\t\t\t\t\t\t<div class=\"elementor-container elementor-column-gap-default\">\n\t\t\t\t\t<div class=\"elementor-column elementor-col-100 elementor-top-column elementor-element elementor-element-4475222\" data-id=\"4475222\" data-element_type=\"column\">\n\t\t\t<div class=\"elementor-widget-wrap elementor-element-populated\">\n\t\t\t\t\t\t<div class=\"elementor-element elementor-element-39c05ba elementor-widget elementor-widget-text-editor\" data-id=\"39c05ba\" data-element_type=\"widget\" data-widget_type=\"text-editor.default\">\n\t\t\t\t<div class=\"elementor-widget-container\">\n\t\t\t\t\t\t\t\t\t<p>La France a \u00e9t\u00e9 le t\u00e9moin d'incroyables jackpots de loterie au fil des ans. Parmi les jeux de loterie fran\u00e7ais les plus populaires, KENO, EuroMillions - My Million, et LOTO\u00ae ont produit certains des plus gros jackpots. <strong>Les plus gros jackpots de la loterie en France<\/strong>. Ces jeux offrent aux joueurs la possibilit\u00e9 de gagner des sommes d'argent qui changeront leur vie, en captivant la nation avec leurs \u00e9normes cagnottes. Si vous vous sentez chanceux, ne manquez pas l'occasion de participer \u00e0 ces jeux passionnants. <a href=\"https:\/\/lottoplay.net\/fr\/france-lottery\/\">Loto fran\u00e7ais<\/a> jeux !<\/p><p>Vivez l'exp\u00e9rience palpitante de gagner des sommes d'argent qui changeront votre vie en jouant au <a href=\"https:\/\/lottoplay.net\/fr\/france-lottery\/\">loterie en France<\/a>. Acc\u00e9dez \u00e0 des jackpots de loterie fiables en France et cr\u00e9ez l'opportunit\u00e9 pour vous d'exp\u00e9rimenter la joie d'un tirage r\u00e9ussi.<\/p>\t\t\t\t\t\t\t\t<\/div>\n\t\t\t\t<\/div>\n\t\t\t\t\t<\/div>\n\t\t<\/div>\n\t\t\t\t\t<\/div>\n\t\t<\/section>\n\t\t\t\t<section class=\"elementor-section elementor-top-section elementor-element elementor-element-f659054 elementor-section-boxed elementor-section-height-default elementor-section-height-default\" data-id=\"f659054\" data-element_type=\"section\">\n\t\t\t\t\t\t<div class=\"elementor-container elementor-column-gap-default\">\n\t\t\t\t\t<div class=\"elementor-column elementor-col-100 elementor-top-column elementor-element elementor-element-89382e5\" data-id=\"89382e5\" data-element_type=\"column\">\n\t\t\t<div class=\"elementor-widget-wrap elementor-element-populated\">\n\t\t\t\t\t\t<section class=\"elementor-section elementor-inner-section elementor-element elementor-element-e00762f elementor-section-boxed elementor-section-height-default elementor-section-height-default\" data-id=\"e00762f\" data-element_type=\"section\">\n\t\t\t\t\t\t<div class=\"elementor-container elementor-column-gap-default\">\n\t\t\t\t\t<div class=\"elementor-column elementor-col-33 elementor-inner-column elementor-element elementor-element-b5b2e10\" data-id=\"b5b2e10\" data-element_type=\"column\">\n\t\t\t<div class=\"elementor-widget-wrap elementor-element-populated\">\n\t\t\t\t\t\t<div data-pp-wrapper-link=\"{&quot;url&quot;:&quot;https:\\\/\\\/lottoplay.net\\\/lottery\\\/euromillions-my-million\\\/&quot;,&quot;is_external&quot;:&quot;&quot;,&quot;nofollow&quot;:&quot;&quot;}\" class=\"pp-wrapper-link elementor-element elementor-element-fbc1db5 pp-pricing-table-align-center elementor-widget__width-initial elementor-widget-tablet__width-inherit animated-slow pp-pricing-table-price-duration-wrap elementor-invisible elementor-widget elementor-widget-pp-pricing-table\" data-id=\"fbc1db5\" data-element_type=\"widget\" data-settings=\"{&quot;_animation_mobile&quot;:&quot;bounce&quot;,&quot;_animation_delay&quot;:0,&quot;_animation&quot;:&quot;zoomIn&quot;,&quot;tooltip_trigger&quot;:&quot;hover&quot;,&quot;tooltip_size&quot;:&quot;default&quot;,&quot;tooltip_arrow&quot;:&quot;yes&quot;,&quot;tooltip_animation&quot;:&quot;fade&quot;,&quot;tooltip_display_on&quot;:&quot;text&quot;,&quot;tooltip_distance&quot;:{&quot;unit&quot;:&quot;px&quot;,&quot;size&quot;:&quot;&quot;,&quot;sizes&quot;:[]},&quot;tooltip_zindex&quot;:99,&quot;tooltip_width&quot;:{&quot;unit&quot;:&quot;px&quot;,&quot;size&quot;:&quot;&quot;,&quot;sizes&quot;:[]}}\" data-widget_type=\"pp-pricing-table.default\">\n\t\t\t\t<div class=\"elementor-widget-container\">\n\t\t\t\t\t\t\t<div class=\"pp-pricing-table-container\">\n\t\t\t<div class=\"pp-pricing-table\">\n\t\t\t\t<div class=\"pp-pricing-table-head\">\n\t\t\t\t\t\t\t\t\t\t\t<div class=\"pp-pricing-table-icon-wrap\">\n\t\t\t\t\t\t\t\t\t\t\t\t\t\t\t\t\t\t\t\t\t\t\t\t<span class=\"pp-pricing-table-icon pp-pricing-table-icon-image\">\n\t\t\t\t\t\t\t\t\t\t<img decoding=\"async\" width=\"300\" height=\"150\" src=\"https:\/\/lottoplay.net\/wp-content\/uploads\/2023\/09\/euromillions-mymillion-300x150.png\" class=\"attachment-woocommerce_thumbnail size-woocommerce_thumbnail wp-image-6975\" alt=\"EuroMillions-Mymillion\" srcset=\"https:\/\/lottoplay.net\/wp-content\/uploads\/2023\/09\/euromillions-mymillion-300x150.png 300w, https:\/\/lottoplay.net\/wp-content\/uploads\/2023\/09\/euromillions-mymillion-1024x512.png 1024w, https:\/\/lottoplay.net\/wp-content\/uploads\/2023\/09\/euromillions-mymillion-768x384.png 768w, https:\/\/lottoplay.net\/wp-content\/uploads\/2023\/09\/euromillions-mymillion-1536x768.png 1536w, https:\/\/lottoplay.net\/wp-content\/uploads\/2023\/09\/euromillions-mymillion-2048x1024.png 2048w, https:\/\/lottoplay.net\/wp-content\/uploads\/2023\/09\/euromillions-mymillion-100x50.png 100w, https:\/\/lottoplay.net\/wp-content\/uploads\/2023\/09\/euromillions-mymillion-700x350.png 700w, https:\/\/lottoplay.net\/wp-content\/uploads\/2023\/09\/euromillions-mymillion-788x394.png 788w, https:\/\/lottoplay.net\/wp-content\/uploads\/2023\/09\/euromillions-mymillion-600x300.png 600w, https:\/\/lottoplay.net\/wp-content\/uploads\/2023\/09\/euromillions-mymillion.png 400w\" sizes=\"(max-width: 300px) 100vw, 300px\" \/>\t\t\t\t\t\t\t\t\t<\/span>\n\t\t\t\t\t\t\t\t\t\t\t\t\t\t\t\t\t\t\t\t\t<\/div>\n\t\t\t\t\t\t\t\t\t\t<div class=\"pp-pricing-table-title-wrap\">\n\t\t\t\t\t\t\t\t\t\t\t\t\t<h2 class=\"pp-pricing-table-title\">\n\t\t\t\t\t\t\t\tEuroMillions - Mon million\t\t\t\t\t\t\t<\/h2>\n\t\t\t\t\t\t\t\t\t\t\t\t<\/div>\n\t\t\t\t<\/div>\n\t\t\t\t<div class=\"pp-pricing-table-price-wrap\">\n\t\t\t\t\t<div class=\"pp-pricing-table-price\">\n\t\t\t\t\t\t\t\t\t\t\t\t<span class=\"pp-pricing-table-price-prefix\">\u20ac<\/span>\t\t\t\t\t\t<span class=\"pp-pricing-table-price-value\">\n\t\t\t\t\t\t\t<span class=\"pp-pricing-table-integer-part\">\n\t\t\t\t\t\t\t\t39,000,000\t\t\t\t\t\t\t<\/span>\n\t\t\t\t\t\t\t\t\t\t\t\t\t<\/span>\n\t\t\t\t\t\t\t\t\t\t\t\t\t\t\t\t\t<\/div>\n\t\t\t\t<\/div>\n\t\t\t\t\t\t\t\t<ul class=\"pp-pricing-table-features\">\n\t\t\t\t\t\t\t\t\t\t\t\t\t\t\t\t\t<li class=\"elementor-repeater-item-89985d7\">\n\t\t\t\t\t\t\t<div class=\"pp-pricing-table-feature-content pp-pricing-table-tooptip\" data-tooltip=\"{&quot;position&quot;:&quot;top&quot;,&quot;distance&quot;:&quot;&quot;,&quot;width&quot;:&quot;&quot;}\" data-tooltip-content=\"#pp-tooltip-content-fbc1db5-89985d7\">\n\t\t\t\t\t\t\t\t\t\t\t\t\t\t\t\t\t\t\t\t\t\t\t\t\t<span class=\"pp-pricing-table-feature-text\">\n\t\t\t\t\t\t\t\t\t\tJackpot\t\t\t\t\t\t\t\t\t<\/span>\n\t\t\t\t\t\t\t\t\t\t\t\t\t\t\t\t\t\t\t\t\t\t\t\t\t\t\t\t\t\t\t\t\t\t<div class=\"pp-tooltip-container\">\n\t\t\t\t\t\t\t\t\t\t<div class=\"pp-tooltip-content pp-tooltip-content-fbc1db5\" id=\"pp-tooltip-content-fbc1db5-89985d7\">\n\t\t\t\t\t\t\t\t\t\t\tIl s'agit d'une info-bulle\t\t\t\t\t\t\t\t\t\t<\/div>\n\t\t\t\t\t\t\t\t\t<\/div>\n\t\t\t\t\t\t\t\t\t\t\t\t\t\t\t<\/div>\n\t\t\t\t\t\t<\/li>\n\t\t\t\t\t\t\t\t\t\t\t\t\t\t\t\t\t<li class=\"elementor-repeater-item-50a58e5\">\n\t\t\t\t\t\t\t<div class=\"pp-pricing-table-feature-content pp-pricing-table-tooptip\" data-tooltip=\"{&quot;position&quot;:&quot;top&quot;,&quot;distance&quot;:&quot;&quot;,&quot;width&quot;:&quot;&quot;}\" data-tooltip-content=\"#pp-tooltip-content-fbc1db5-50a58e5\">\n\t\t\t\t\t\t\t\t\t\t\t\t\t\t\t\t\t<span class=\"pp-pricing-table-fature-icon pp-icon\">\n\t\t\t\t\t\t\t\t\t\t<i aria-hidden=\"true\" class=\"far fa-star\"><\/i>\t\t\t\t\t\t\t\t\t<\/span>\n\t\t\t\t\t\t\t\t\t\t\t\t\t\t\t\t\t\t\t\t\t\t\t\t\t\t<span class=\"pp-pricing-table-feature-text\">\n\t\t\t\t\t\t\t\t\t\t Classement : \ud83c\udfb1 \ud83c\udfb1 \ud83c\udfb1 \ud83c\udfb1 \ud83c\udfb1 \ud83c\udfb1 \t\t\t\t\t\t\t\t\t<\/span>\n\t\t\t\t\t\t\t\t\t\t\t\t\t\t\t\t\t\t\t\t\t\t\t\t\t\t\t\t\t\t\t\t\t\t<div class=\"pp-tooltip-container\">\n\t\t\t\t\t\t\t\t\t\t<div class=\"pp-tooltip-content pp-tooltip-content-fbc1db5\" id=\"pp-tooltip-content-fbc1db5-50a58e5\">\n\t\t\t\t\t\t\t\t\t\t\tIl s'agit d'une info-bulle\t\t\t\t\t\t\t\t\t\t<\/div>\n\t\t\t\t\t\t\t\t\t<\/div>\n\t\t\t\t\t\t\t\t\t\t\t\t\t\t\t<\/div>\n\t\t\t\t\t\t<\/li>\n\t\t\t\t\t\t\t\t\t<\/ul>\n\t\t\t\t<div class=\"pp-pricing-table-footer\">\n\t\t\t\t\t\t\t\t\t\t\t\t\t\t\t\t\t\t<a class=\"pp-pricing-table-button elementor-button elementor-size-md\" href=\"https:\/\/lottoplay.net\/euromillions.html\" target=\"_blank\" rel=\"nofollow\">\n\t\t\t\t\t\t\t\t\ud83d\udcb8 Acheter des billets\t\t\t\t\t\t\t<\/a>\n\t\t\t\t\t\t\t\t\t\t\t\t\t\t\t\t\t\t\t\t<\/div>\n\t\t\t<\/div>\n\t\t\t\t\t<\/div>\n\t\t\t\t\t\t<\/div>\n\t\t\t\t<\/div>\n\t\t\t\t\t<\/div>\n\t\t<\/div>\n\t\t\t\t<div class=\"elementor-column elementor-col-33 elementor-inner-column elementor-element elementor-element-f800476\" data-id=\"f800476\" data-element_type=\"column\">\n\t\t\t<div class=\"elementor-widget-wrap elementor-element-populated\">\n\t\t\t\t\t\t<div data-pp-wrapper-link=\"{&quot;url&quot;:&quot;https:\\\/\\\/lottoplay.net\\\/lottery\\\/loto-french\\\/&quot;,&quot;is_external&quot;:&quot;&quot;,&quot;nofollow&quot;:&quot;&quot;}\" class=\"pp-wrapper-link elementor-element elementor-element-d76e75f pp-pricing-table-align-center elementor-widget__width-initial elementor-widget-tablet__width-inherit animated-slow pp-pricing-table-price-duration-wrap elementor-invisible elementor-widget elementor-widget-pp-pricing-table\" data-id=\"d76e75f\" data-element_type=\"widget\" data-settings=\"{&quot;_animation_mobile&quot;:&quot;bounce&quot;,&quot;_animation_delay&quot;:0,&quot;_animation&quot;:&quot;zoomIn&quot;,&quot;tooltip_trigger&quot;:&quot;hover&quot;,&quot;tooltip_size&quot;:&quot;default&quot;,&quot;tooltip_arrow&quot;:&quot;yes&quot;,&quot;tooltip_animation&quot;:&quot;fade&quot;,&quot;tooltip_display_on&quot;:&quot;text&quot;,&quot;tooltip_distance&quot;:{&quot;unit&quot;:&quot;px&quot;,&quot;size&quot;:&quot;&quot;,&quot;sizes&quot;:[]},&quot;tooltip_zindex&quot;:99,&quot;tooltip_width&quot;:{&quot;unit&quot;:&quot;px&quot;,&quot;size&quot;:&quot;&quot;,&quot;sizes&quot;:[]}}\" data-widget_type=\"pp-pricing-table.default\">\n\t\t\t\t<div class=\"elementor-widget-container\">\n\t\t\t\t\t\t\t<div class=\"pp-pricing-table-container\">\n\t\t\t<div class=\"pp-pricing-table\">\n\t\t\t\t<div class=\"pp-pricing-table-head\">\n\t\t\t\t\t\t\t\t\t\t\t<div class=\"pp-pricing-table-icon-wrap\">\n\t\t\t\t\t\t\t\t\t\t\t\t\t\t\t\t\t\t\t\t\t\t\t\t<span class=\"pp-pricing-table-icon pp-pricing-table-icon-image\">\n\t\t\t\t\t\t\t\t\t\t<img decoding=\"async\" width=\"300\" height=\"150\" src=\"https:\/\/lottoplay.net\/wp-content\/uploads\/2023\/09\/loto-french-300x150.png\" class=\"attachment-woocommerce_thumbnail size-woocommerce_thumbnail wp-image-6906\" alt=\"LOTO Fran\u00e7ais\" srcset=\"https:\/\/lottoplay.net\/wp-content\/uploads\/2023\/09\/loto-french-300x150.png 300w, https:\/\/lottoplay.net\/wp-content\/uploads\/2023\/09\/loto-french-1024x512.png 1024w, https:\/\/lottoplay.net\/wp-content\/uploads\/2023\/09\/loto-french-768x384.png 768w, https:\/\/lottoplay.net\/wp-content\/uploads\/2023\/09\/loto-french-1536x768.png 1536w, https:\/\/lottoplay.net\/wp-content\/uploads\/2023\/09\/loto-french-2048x1024.png 2048w, https:\/\/lottoplay.net\/wp-content\/uploads\/2023\/09\/loto-french-100x50.png 100w, https:\/\/lottoplay.net\/wp-content\/uploads\/2023\/09\/loto-french-700x350.png 700w, https:\/\/lottoplay.net\/wp-content\/uploads\/2023\/09\/loto-french-788x394.png 788w, https:\/\/lottoplay.net\/wp-content\/uploads\/2023\/09\/loto-french-600x300.png 600w, https:\/\/lottoplay.net\/wp-content\/uploads\/2023\/09\/loto-french.png 400w\" sizes=\"(max-width: 300px) 100vw, 300px\" \/>\t\t\t\t\t\t\t\t\t<\/span>\n\t\t\t\t\t\t\t\t\t\t\t\t\t\t\t\t\t\t\t\t\t<\/div>\n\t\t\t\t\t\t\t\t\t\t<div class=\"pp-pricing-table-title-wrap\">\n\t\t\t\t\t\t\t\t\t\t\t\t\t<h2 class=\"pp-pricing-table-title\">\n\t\t\t\t\t\t\t\tLOTO\t\t\t\t\t\t\t<\/h2>\n\t\t\t\t\t\t\t\t\t\t\t\t<\/div>\n\t\t\t\t<\/div>\n\t\t\t\t<div class=\"pp-pricing-table-price-wrap\">\n\t\t\t\t\t<div class=\"pp-pricing-table-price\">\n\t\t\t\t\t\t\t\t\t\t\t\t<span class=\"pp-pricing-table-price-prefix\">\u20ac<\/span>\t\t\t\t\t\t<span class=\"pp-pricing-table-price-value\">\n\t\t\t\t\t\t\t<span class=\"pp-pricing-table-integer-part\">\n\t\t\t\t\t\t\t\t18,000,000\t\t\t\t\t\t\t<\/span>\n\t\t\t\t\t\t\t\t\t\t\t\t\t<\/span>\n\t\t\t\t\t\t\t\t\t\t\t\t\t\t\t\t\t<\/div>\n\t\t\t\t<\/div>\n\t\t\t\t\t\t\t\t<ul class=\"pp-pricing-table-features\">\n\t\t\t\t\t\t\t\t\t\t\t\t\t\t\t\t\t<li class=\"elementor-repeater-item-89985d7\">\n\t\t\t\t\t\t\t<div class=\"pp-pricing-table-feature-content pp-pricing-table-tooptip\" data-tooltip=\"{&quot;position&quot;:&quot;top&quot;,&quot;distance&quot;:&quot;&quot;,&quot;width&quot;:&quot;&quot;}\" data-tooltip-content=\"#pp-tooltip-content-d76e75f-89985d7\">\n\t\t\t\t\t\t\t\t\t\t\t\t\t\t\t\t\t\t\t\t\t\t\t\t\t<span class=\"pp-pricing-table-feature-text\">\n\t\t\t\t\t\t\t\t\t\tJackpot\t\t\t\t\t\t\t\t\t<\/span>\n\t\t\t\t\t\t\t\t\t\t\t\t\t\t\t\t\t\t\t\t\t\t\t\t\t\t\t\t\t\t\t\t\t\t<div class=\"pp-tooltip-container\">\n\t\t\t\t\t\t\t\t\t\t<div class=\"pp-tooltip-content pp-tooltip-content-d76e75f\" id=\"pp-tooltip-content-d76e75f-89985d7\">\n\t\t\t\t\t\t\t\t\t\t\tIl s'agit d'une info-bulle\t\t\t\t\t\t\t\t\t\t<\/div>\n\t\t\t\t\t\t\t\t\t<\/div>\n\t\t\t\t\t\t\t\t\t\t\t\t\t\t\t<\/div>\n\t\t\t\t\t\t<\/li>\n\t\t\t\t\t\t\t\t\t\t\t\t\t\t\t\t\t<li class=\"elementor-repeater-item-50a58e5\">\n\t\t\t\t\t\t\t<div class=\"pp-pricing-table-feature-content pp-pricing-table-tooptip\" data-tooltip=\"{&quot;position&quot;:&quot;top&quot;,&quot;distance&quot;:&quot;&quot;,&quot;width&quot;:&quot;&quot;}\" data-tooltip-content=\"#pp-tooltip-content-d76e75f-50a58e5\">\n\t\t\t\t\t\t\t\t\t\t\t\t\t\t\t\t\t<span class=\"pp-pricing-table-fature-icon pp-icon\">\n\t\t\t\t\t\t\t\t\t\t<i aria-hidden=\"true\" class=\"far fa-star\"><\/i>\t\t\t\t\t\t\t\t\t<\/span>\n\t\t\t\t\t\t\t\t\t\t\t\t\t\t\t\t\t\t\t\t\t\t\t\t\t\t<span class=\"pp-pricing-table-feature-text\">\n\t\t\t\t\t\t\t\t\t\t Classement : \ud83c\udfb1 \ud83c\udfb1 \ud83c\udfb1 \ud83c\udfb1 \ud83c\udfb1 \ud83c\udfb1\t\t\t\t\t\t\t\t\t<\/span>\n\t\t\t\t\t\t\t\t\t\t\t\t\t\t\t\t\t\t\t\t\t\t\t\t\t\t\t\t\t\t\t\t\t\t<div class=\"pp-tooltip-container\">\n\t\t\t\t\t\t\t\t\t\t<div class=\"pp-tooltip-content pp-tooltip-content-d76e75f\" id=\"pp-tooltip-content-d76e75f-50a58e5\">\n\t\t\t\t\t\t\t\t\t\t\tIl s'agit d'une info-bulle\t\t\t\t\t\t\t\t\t\t<\/div>\n\t\t\t\t\t\t\t\t\t<\/div>\n\t\t\t\t\t\t\t\t\t\t\t\t\t\t\t<\/div>\n\t\t\t\t\t\t<\/li>\n\t\t\t\t\t\t\t\t\t<\/ul>\n\t\t\t\t<div class=\"pp-pricing-table-footer\">\n\t\t\t\t\t\t\t\t\t\t\t\t\t\t\t\t\t\t<a class=\"pp-pricing-table-button elementor-button elementor-size-md\" href=\"https:\/\/lottoplay.net\/loto.html\" target=\"_blank\" rel=\"nofollow\">\n\t\t\t\t\t\t\t\t\ud83d\udcb8 Acheter des billets\t\t\t\t\t\t\t<\/a>\n\t\t\t\t\t\t\t\t\t\t\t\t\t\t\t\t\t\t\t\t<\/div>\n\t\t\t<\/div>\n\t\t\t\t\t<\/div>\n\t\t\t\t\t\t<\/div>\n\t\t\t\t<\/div>\n\t\t\t\t\t<\/div>\n\t\t<\/div>\n\t\t\t\t<div class=\"elementor-column elementor-col-33 elementor-inner-column elementor-element elementor-element-44b3efa\" data-id=\"44b3efa\" data-element_type=\"column\">\n\t\t\t<div class=\"elementor-widget-wrap elementor-element-populated\">\n\t\t\t\t\t\t<div data-pp-wrapper-link=\"{&quot;url&quot;:&quot;https:\\\/\\\/lottoplay.net\\\/lottery\\\/keno-france\\\/&quot;,&quot;is_external&quot;:&quot;&quot;,&quot;nofollow&quot;:&quot;&quot;}\" class=\"pp-wrapper-link elementor-element elementor-element-683c46d pp-pricing-table-align-center elementor-widget__width-initial elementor-widget-tablet__width-inherit animated-slow pp-pricing-table-price-duration-wrap elementor-invisible elementor-widget elementor-widget-pp-pricing-table\" data-id=\"683c46d\" data-element_type=\"widget\" data-settings=\"{&quot;_animation_mobile&quot;:&quot;bounce&quot;,&quot;_animation_delay&quot;:0,&quot;_animation&quot;:&quot;zoomIn&quot;,&quot;tooltip_trigger&quot;:&quot;hover&quot;,&quot;tooltip_size&quot;:&quot;default&quot;,&quot;tooltip_arrow&quot;:&quot;yes&quot;,&quot;tooltip_animation&quot;:&quot;fade&quot;,&quot;tooltip_display_on&quot;:&quot;text&quot;,&quot;tooltip_distance&quot;:{&quot;unit&quot;:&quot;px&quot;,&quot;size&quot;:&quot;&quot;,&quot;sizes&quot;:[]},&quot;tooltip_zindex&quot;:99,&quot;tooltip_width&quot;:{&quot;unit&quot;:&quot;px&quot;,&quot;size&quot;:&quot;&quot;,&quot;sizes&quot;:[]}}\" data-widget_type=\"pp-pricing-table.default\">\n\t\t\t\t<div class=\"elementor-widget-container\">\n\t\t\t\t\t\t\t<div class=\"pp-pricing-table-container\">\n\t\t\t<div class=\"pp-pricing-table\">\n\t\t\t\t<div class=\"pp-pricing-table-head\">\n\t\t\t\t\t\t\t\t\t\t\t<div class=\"pp-pricing-table-icon-wrap\">\n\t\t\t\t\t\t\t\t\t\t\t\t\t\t\t\t\t\t\t\t\t\t\t\t<span class=\"pp-pricing-table-icon pp-pricing-table-icon-image\">\n\t\t\t\t\t\t\t\t\t\t<img decoding=\"async\" width=\"300\" height=\"150\" src=\"https:\/\/lottoplay.net\/wp-content\/uploads\/2023\/09\/keno-france-300x150.png\" class=\"attachment-woocommerce_thumbnail size-woocommerce_thumbnail wp-image-6935\" alt=\"Loterie KENO France\" srcset=\"https:\/\/lottoplay.net\/wp-content\/uploads\/2023\/09\/keno-france-300x150.png 300w, https:\/\/lottoplay.net\/wp-content\/uploads\/2023\/09\/keno-france-1024x512.png 1024w, https:\/\/lottoplay.net\/wp-content\/uploads\/2023\/09\/keno-france-768x384.png 768w, https:\/\/lottoplay.net\/wp-content\/uploads\/2023\/09\/keno-france-1536x768.png 1536w, https:\/\/lottoplay.net\/wp-content\/uploads\/2023\/09\/keno-france-2048x1024.png 2048w, https:\/\/lottoplay.net\/wp-content\/uploads\/2023\/09\/keno-france-100x50.png 100w, https:\/\/lottoplay.net\/wp-content\/uploads\/2023\/09\/keno-france-700x350.png 700w, https:\/\/lottoplay.net\/wp-content\/uploads\/2023\/09\/keno-france-788x394.png 788w, https:\/\/lottoplay.net\/wp-content\/uploads\/2023\/09\/keno-france-600x300.png 600w, https:\/\/lottoplay.net\/wp-content\/uploads\/2023\/09\/keno-france.png 400w\" sizes=\"(max-width: 300px) 100vw, 300px\" \/>\t\t\t\t\t\t\t\t\t<\/span>\n\t\t\t\t\t\t\t\t\t\t\t\t\t\t\t\t\t\t\t\t\t<\/div>\n\t\t\t\t\t\t\t\t\t\t<div class=\"pp-pricing-table-title-wrap\">\n\t\t\t\t\t\t\t\t\t\t\t\t\t<h2 class=\"pp-pricing-table-title\">\n\t\t\t\t\t\t\t\tKENO\t\t\t\t\t\t\t<\/h2>\n\t\t\t\t\t\t\t\t\t\t\t\t<\/div>\n\t\t\t\t<\/div>\n\t\t\t\t<div class=\"pp-pricing-table-price-wrap\">\n\t\t\t\t\t<div class=\"pp-pricing-table-price\">\n\t\t\t\t\t\t\t\t\t\t\t\t<span class=\"pp-pricing-table-price-prefix\">\u20ac<\/span>\t\t\t\t\t\t<span class=\"pp-pricing-table-price-value\">\n\t\t\t\t\t\t\t<span class=\"pp-pricing-table-integer-part\">\n\t\t\t\t\t\t\t\t2,000,000\t\t\t\t\t\t\t<\/span>\n\t\t\t\t\t\t\t\t\t\t\t\t\t<\/span>\n\t\t\t\t\t\t\t\t\t\t\t\t\t\t\t\t\t<\/div>\n\t\t\t\t<\/div>\n\t\t\t\t\t\t\t\t<ul class=\"pp-pricing-table-features\">\n\t\t\t\t\t\t\t\t\t\t\t\t\t\t\t\t\t<li class=\"elementor-repeater-item-89985d7\">\n\t\t\t\t\t\t\t<div class=\"pp-pricing-table-feature-content pp-pricing-table-tooptip\" data-tooltip=\"{&quot;position&quot;:&quot;top&quot;,&quot;distance&quot;:&quot;&quot;,&quot;width&quot;:&quot;&quot;}\" data-tooltip-content=\"#pp-tooltip-content-683c46d-89985d7\">\n\t\t\t\t\t\t\t\t\t\t\t\t\t\t\t\t\t\t\t\t\t\t\t\t\t<span class=\"pp-pricing-table-feature-text\">\n\t\t\t\t\t\t\t\t\t\tJackpot\t\t\t\t\t\t\t\t\t<\/span>\n\t\t\t\t\t\t\t\t\t\t\t\t\t\t\t\t\t\t\t\t\t\t\t\t\t\t\t\t\t\t\t\t\t\t<div class=\"pp-tooltip-container\">\n\t\t\t\t\t\t\t\t\t\t<div class=\"pp-tooltip-content pp-tooltip-content-683c46d\" id=\"pp-tooltip-content-683c46d-89985d7\">\n\t\t\t\t\t\t\t\t\t\t\tIl s'agit d'une info-bulle\t\t\t\t\t\t\t\t\t\t<\/div>\n\t\t\t\t\t\t\t\t\t<\/div>\n\t\t\t\t\t\t\t\t\t\t\t\t\t\t\t<\/div>\n\t\t\t\t\t\t<\/li>\n\t\t\t\t\t\t\t\t\t\t\t\t\t\t\t\t\t<li class=\"elementor-repeater-item-50a58e5\">\n\t\t\t\t\t\t\t<div class=\"pp-pricing-table-feature-content pp-pricing-table-tooptip\" data-tooltip=\"{&quot;position&quot;:&quot;top&quot;,&quot;distance&quot;:&quot;&quot;,&quot;width&quot;:&quot;&quot;}\" data-tooltip-content=\"#pp-tooltip-content-683c46d-50a58e5\">\n\t\t\t\t\t\t\t\t\t\t\t\t\t\t\t\t\t<span class=\"pp-pricing-table-fature-icon pp-icon\">\n\t\t\t\t\t\t\t\t\t\t<i aria-hidden=\"true\" class=\"far fa-star\"><\/i>\t\t\t\t\t\t\t\t\t<\/span>\n\t\t\t\t\t\t\t\t\t\t\t\t\t\t\t\t\t\t\t\t\t\t\t\t\t\t<span class=\"pp-pricing-table-feature-text\">\n\t\t\t\t\t\t\t\t\t\t Classement : \ud83c\udfb1 \ud83c\udfb1 \ud83c\udfb1 \ud83c\udfb1 \ud83c\udfb1 \t\t\t\t\t\t\t\t\t<\/span>\n\t\t\t\t\t\t\t\t\t\t\t\t\t\t\t\t\t\t\t\t\t\t\t\t\t\t\t\t\t\t\t\t\t\t<div class=\"pp-tooltip-container\">\n\t\t\t\t\t\t\t\t\t\t<div class=\"pp-tooltip-content pp-tooltip-content-683c46d\" id=\"pp-tooltip-content-683c46d-50a58e5\">\n\t\t\t\t\t\t\t\t\t\t\tIl s'agit d'une info-bulle\t\t\t\t\t\t\t\t\t\t<\/div>\n\t\t\t\t\t\t\t\t\t<\/div>\n\t\t\t\t\t\t\t\t\t\t\t\t\t\t\t<\/div>\n\t\t\t\t\t\t<\/li>\n\t\t\t\t\t\t\t\t\t<\/ul>\n\t\t\t\t<div class=\"pp-pricing-table-footer\">\n\t\t\t\t\t\t\t\t\t\t\t\t\t\t\t\t\t\t<a class=\"pp-pricing-table-button elementor-button elementor-size-md\" href=\"https:\/\/lottoplay.net\/keno.html\">\n\t\t\t\t\t\t\t\t\ud83d\udcb8 Acheter des billets\t\t\t\t\t\t\t<\/a>\n\t\t\t\t\t\t\t\t\t\t\t\t\t\t\t\t\t\t\t\t<\/div>\n\t\t\t<\/div>\n\t\t\t\t\t<\/div>\n\t\t\t\t\t\t<\/div>\n\t\t\t\t<\/div>\n\t\t\t\t\t<\/div>\n\t\t<\/div>\n\t\t\t\t\t<\/div>\n\t\t<\/section>\n\t\t\t\t\t<\/div>\n\t\t<\/div>\n\t\t\t\t\t<\/div>\n\t\t<\/section>\n\t\t\t\t<\/div>","protected":false},"excerpt":{"rendered":"<p>La France a \u00e9t\u00e9 le t\u00e9moin d'incroyables jackpots de loterie au fil des ans. Parmi les jeux de loterie fran\u00e7ais les plus populaires, KENO, EuroMillions - My Million, et LOTO\u00ae ont produit certains des plus gros jackpots de loterie en France. Ces jeux offrent aux joueurs la chance de gagner des sommes d'argent qui changeront leur vie, captivant la nation avec leurs \u00e9normes cagnottes. Alors, si [...]<\/p>","protected":false},"author":1,"featured_media":0,"parent":0,"menu_order":0,"comment_status":"closed","ping_status":"closed","template":"","meta":{"footnotes":""},"class_list":["post-2951","page","type-page","status-publish","hentry"],"_links":{"self":[{"href":"https:\/\/lottoplay.net\/fr\/wp-json\/wp\/v2\/pages\/2951","targetHints":{"allow":["GET"]}}],"collection":[{"href":"https:\/\/lottoplay.net\/fr\/wp-json\/wp\/v2\/pages"}],"about":[{"href":"https:\/\/lottoplay.net\/fr\/wp-json\/wp\/v2\/types\/page"}],"author":[{"embeddable":true,"href":"https:\/\/lottoplay.net\/fr\/wp-json\/wp\/v2\/users\/1"}],"replies":[{"embeddable":true,"href":"https:\/\/lottoplay.net\/fr\/wp-json\/wp\/v2\/comments?post=2951"}],"version-history":[{"count":43,"href":"https:\/\/lottoplay.net\/fr\/wp-json\/wp\/v2\/pages\/2951\/revisions"}],"predecessor-version":[{"id":11234,"href":"https:\/\/lottoplay.net\/fr\/wp-json\/wp\/v2\/pages\/2951\/revisions\/11234"}],"wp:attachment":[{"href":"https:\/\/lottoplay.net\/fr\/wp-json\/wp\/v2\/media?parent=2951"}],"curies":[{"name":"wp","href":"https:\/\/api.w.org\/{rel}","templated":true}]}}