{"id":2357,"date":"2023-01-27T01:36:20","date_gmt":"2023-01-27T01:36:20","guid":{"rendered":"https:\/\/lottoplay.net\/?page_id=2357"},"modified":"2023-12-30T01:31:51","modified_gmt":"2023-12-30T01:31:51","slug":"terms-of-use","status":"publish","type":"page","link":"https:\/\/lottoplay.net\/fr\/terms-of-use\/","title":{"rendered":"Conditions d'utilisation"},"content":{"rendered":"<div data-elementor-type=\"wp-page\" data-elementor-id=\"2357\" class=\"elementor elementor-2357\" data-elementor-post-type=\"page\">\n\t\t\t\t\t\t<section class=\"elementor-section elementor-top-section elementor-element elementor-element-07ac39b elementor-section-boxed elementor-section-height-default elementor-section-height-default\" data-id=\"07ac39b\" data-element_type=\"section\">\n\t\t\t\t\t\t<div class=\"elementor-container elementor-column-gap-default\">\n\t\t\t\t\t<div class=\"elementor-column elementor-col-100 elementor-top-column elementor-element elementor-element-f6e2dea\" data-id=\"f6e2dea\" data-element_type=\"column\">\n\t\t\t<div class=\"elementor-widget-wrap elementor-element-populated\">\n\t\t\t\t\t\t<div class=\"elementor-element elementor-element-da22aa2 elementor-widget elementor-widget-text-editor\" data-id=\"da22aa2\" data-element_type=\"widget\" data-widget_type=\"text-editor.default\">\n\t\t\t\t<div class=\"elementor-widget-container\">\n\t\t\t\t\t\t\t\t\t<p>Les \"conditions\" d\u00e9crites ici \u00e9tablissent les droits et responsabilit\u00e9s r\u00e9ciproques relatifs \u00e0 l'utilisation du site web par ses utilisateurs. Nous nous r\u00e9servons le droit de modifier ces conditions \u00e0 notre discr\u00e9tion, sans notification pr\u00e9alable aux utilisateurs. Les modifications des conditions seront publi\u00e9es sur le site web et, le cas \u00e9ch\u00e9ant, communiqu\u00e9es aux utilisateurs par courrier \u00e9lectronique.<\/p>\t\t\t\t\t\t\t\t<\/div>\n\t\t\t\t<\/div>\n\t\t\t\t<div class=\"elementor-element elementor-element-f4d89a9 elementor-widget elementor-widget-heading\" data-id=\"f4d89a9\" data-element_type=\"widget\" data-widget_type=\"heading.default\">\n\t\t\t\t<div class=\"elementor-widget-container\">\n\t\t\t\t\t<h2 class=\"elementor-heading-title elementor-size-default\">D\u00e9finitions<\/h2>\t\t\t\t<\/div>\n\t\t\t\t<\/div>\n\t\t\t\t<div class=\"elementor-element elementor-element-6cd9b0e elementor-widget elementor-widget-text-editor\" data-id=\"6cd9b0e\" data-element_type=\"widget\" data-widget_type=\"text-editor.default\">\n\t\t\t\t<div class=\"elementor-widget-container\">\n\t\t\t\t\t\t\t\t\t<ul><li><strong>\"Utilisateur\"<\/strong> d\u00e9signe toute personne physique ou morale qui acc\u00e8de au site web et l'utilise. Dans ce contexte, les utilisateurs sont \u00e9galement d\u00e9sign\u00e9s par des pronoms de la deuxi\u00e8me personne tels que <strong>\"Vous<\/strong> ou <strong>\"Votre<\/strong>.<\/li><li>Les pronoms de la premi\u00e8re personne du pluriel tels que <strong>\"Nous<\/strong>, <strong>\"Nous\"<\/strong> ou <strong>\"Notre<\/strong> sont utilis\u00e9s pour d\u00e9signer l'op\u00e9rateur du site web.<\/li><li><strong>\"Site web\"<\/strong> se r\u00e9f\u00e8re \u00e0 <a href=\"https:\/\/lottoplay.net\/fr\">https:\/\/lottoplay.net\/<\/a>y compris ses variantes localis\u00e9es en langue fran\u00e7aise accessibles via le sous-dossier <a href=\"https:\/\/lottoplay.net\/fr\/\" target=\"_new\">https:\/\/lottoplay.net\/fr\/<\/a> des domaines.<\/li><li>Les termes <strong>\"Politique de protection de la vie priv\u00e9e<\/strong> et <strong>\"Politique de confidentialit\u00e9<\/strong> d\u00e9note la politique du site Web en mati\u00e8re de protection des donn\u00e9es personnelles et de la vie priv\u00e9e, telle qu'elle est d\u00e9taill\u00e9e dans le document <span style=\"text-decoration: underline;\">section 6<\/span> des pr\u00e9sentes conditions.<\/li><li><strong>\"Donn\u00e9es<\/strong>\u00a0d\u00e9signe toutes les informations qu'un utilisateur soumet sur le site web.<\/li><li><strong>\"Cookie\"<\/strong> d\u00e9signe un bref fichier texte install\u00e9 sur votre ordinateur par le site web ou par des tiers lors de votre acc\u00e8s au site web.<\/li><li><strong>\"Lois sur la protection des donn\u00e9es\"<\/strong> englobe toute la l\u00e9gislation pertinente concernant le traitement des donn\u00e9es \u00e0 caract\u00e8re personnel, y compris la directive 96\/46\/CE ou le GDPR, ainsi que toutes les lois ou mesures r\u00e9glementaires nationales correspondantes.<\/li><li><strong>\"GDPR\"<\/strong> d\u00e9signe le r\u00e8glement g\u00e9n\u00e9ral sur la protection des donn\u00e9es (UE) 2016\/679.<\/li><li><strong>\"Loi sur les cookies de l'UE<\/strong> fait r\u00e9f\u00e9rence \u00e0 la directive 2002\/58\/CE du Parlement europ\u00e9en et du Conseil du 12 juillet 2002, modifi\u00e9e en 2006 et 2009.<\/li><\/ul>\t\t\t\t\t\t\t\t<\/div>\n\t\t\t\t<\/div>\n\t\t\t\t<div class=\"elementor-element elementor-element-2b3971e elementor-widget elementor-widget-heading\" data-id=\"2b3971e\" data-element_type=\"widget\" data-widget_type=\"heading.default\">\n\t\t\t\t<div class=\"elementor-widget-container\">\n\t\t\t\t\t<h2 class=\"elementor-heading-title elementor-size-default\">Conditions g\u00e9n\u00e9rales<\/h2>\t\t\t\t<\/div>\n\t\t\t\t<\/div>\n\t\t\t\t<div class=\"elementor-element elementor-element-facd110 elementor-widget elementor-widget-text-editor\" data-id=\"facd110\" data-element_type=\"widget\" data-widget_type=\"text-editor.default\">\n\t\t\t\t<div class=\"elementor-widget-container\">\n\t\t\t\t\t\t\t\t\t<p>2.1. Le site Web fonctionne comme une source d'information ind\u00e9pendante pour les personnes int\u00e9ress\u00e9es par les jeux de loterie en ligne et n'offre pas de services de jeux d'argent en ligne. Les informations fournies sur le site Web sont purement informatives et ne doivent pas \u00eatre interpr\u00e9t\u00e9es comme des conseils juridiques.<\/p><p>2.2. Nous nous effor\u00e7ons de maintenir l'exactitude des informations sur le site web, mais \u00e9tant donn\u00e9 la nature dynamique des jeux d'argent en ligne, nous ne pouvons pas garantir la pr\u00e9cision du contenu du site web. Nous n'acceptons aucune responsabilit\u00e9 pour tout pr\u00e9judice r\u00e9sultant de l'utilisation des informations disponibles sur le site web.<\/p><p>2.3. Le site Web comprend des liens vers des sites externes g\u00e9r\u00e9s par des tiers. Nous ne contr\u00f4lons pas et ne sommes pas responsables du contenu de ces sites tiers. Nous conseillons aux utilisateurs d'examiner attentivement les conditions g\u00e9n\u00e9rales de ces sites tiers avant de s'engager dans des activit\u00e9s de jeu.<\/p><p>2.4. En acc\u00e9dant au site web et en l'utilisant, les utilisateurs acceptent de se conformer aux pr\u00e9sentes conditions et \u00e0 la politique de protection de la vie priv\u00e9e, confirmant ainsi leur compr\u00e9hension et leur volont\u00e9 d'adh\u00e9rer \u00e0 la fois aux pr\u00e9sentes conditions et \u00e0 la politique de protection de la vie priv\u00e9e.<\/p><p>2.5. Nous informons les utilisateurs, en tant que personnes concern\u00e9es, qu'en acceptant la politique de protection de la vie priv\u00e9e, ils consentent \u00e9galement au traitement de leurs donn\u00e9es \u00e0 caract\u00e8re personnel n\u00e9cessaire au bon fonctionnement du site web conform\u00e9ment aux pr\u00e9sentes conditions. Pour des informations d\u00e9taill\u00e9es sur le traitement des donn\u00e9es des utilisateurs, veuillez vous r\u00e9f\u00e9rer \u00e0 la section 6 des pr\u00e9sentes conditions.<\/p><p>2.6. En utilisant le site web, les utilisateurs qui sont des personnes physiques affirment qu'ils sont <span style=\"text-decoration: underline;\">\u00eatre \u00e2g\u00e9 d'au moins 19 ans<\/span> et poss\u00e8dent la pleine capacit\u00e9 juridique. L'acc\u00e8s au site web est interdit \u00e0 toute personne \u00e2g\u00e9e de moins de <span style=\"text-decoration: underline;\">19 ans<\/span> ou en dessous de l'\u00e2ge l\u00e9gal pour les jeux d'argent en ligne dans la juridiction ou la province de l'utilisateur. Il incombe aux utilisateurs de s'assurer que les jeux d'argent en ligne sont l\u00e9gaux dans leur juridiction et de respecter toutes les autres exigences l\u00e9gales pertinentes.<\/p><p>2.7. L'acc\u00e8s \u00e0 l'ensemble du site web ou \u00e0 des sections ou contenus sp\u00e9cifiques peut \u00eatre restreint pour les utilisateurs de certains pays ou r\u00e9gions, afin de se conformer aux lois locales.<\/p><p>2.8. Si un utilisateur d\u00e9tecte des inexactitudes dans les informations fournies sur le site web, ou s'il pense que le site web ne respecte pas les lois de son pays, il est encourag\u00e9 \u00e0 nous contacter \u00e0 l'adresse suivante <strong>support@lottoplay.net<\/strong> Nous nous engageons \u00e0 faire de notre mieux pour assurer la conformit\u00e9 avec les lois de tous les pays o\u00f9 le site web est accessible.<\/p><p>2.9. Si une section des pr\u00e9sentes conditions est jug\u00e9e non conforme \u00e0 la l\u00e9gislation du pays de l'utilisateur, les autres sections des conditions restent valables et applicables.<\/p><p>2.10. Les <a href=\"https:\/\/lottoplay.net\/fr\">LottoPlay<\/a> Les logos, marques et textes figurant sur le site sont des marques d\u00e9pos\u00e9es. <strong><span style=\"text-decoration: underline;\">notre propri\u00e9t\u00e9 intellectuelle<\/span><\/strong>. Les logos et les marques des loteries, des services de jeu et des fournisseurs de paiement appartiennent &agrave; leurs propri&eacute;taires respectifs et sont prot&eacute;g&eacute;s par les lois sur la propri&eacute;t&eacute; intellectuelle. Ces logos et marques sont affich&eacute;s sur le site Web uniquement pour r&eacute;f&eacute;rencer les services de leurs propri&eacute;taires respectifs (usage loyal nominatif). La reproduction de contenus sur d'autres sites web n'est autoris&eacute;e qu'avec des backlinks dofollow actifs utilisant la balise &lt;a&gt; HTML, ou avec notre consentement pr&eacute;alable.<\/p>\t\t\t\t\t\t\t\t<\/div>\n\t\t\t\t<\/div>\n\t\t\t\t<div class=\"elementor-element elementor-element-eccb2f9 elementor-widget elementor-widget-heading\" data-id=\"eccb2f9\" data-element_type=\"widget\" data-widget_type=\"heading.default\">\n\t\t\t\t<div class=\"elementor-widget-container\">\n\t\t\t\t\t<h2 class=\"elementor-heading-title elementor-size-default\">Politique de protection de la vie priv\u00e9e<\/h2>\t\t\t\t<\/div>\n\t\t\t\t<\/div>\n\t\t\t\t\t<\/div>\n\t\t<\/div>\n\t\t\t\t\t<\/div>\n\t\t<\/section>\n\t\t\t\t<section class=\"elementor-section elementor-top-section elementor-element elementor-element-aecb409 elementor-section-boxed elementor-section-height-default elementor-section-height-default\" data-id=\"aecb409\" data-element_type=\"section\">\n\t\t\t\t\t\t<div class=\"elementor-container elementor-column-gap-default\">\n\t\t\t\t\t<div class=\"elementor-column elementor-col-100 elementor-top-column elementor-element elementor-element-4a33838\" data-id=\"4a33838\" data-element_type=\"column\">\n\t\t\t<div class=\"elementor-widget-wrap elementor-element-populated\">\n\t\t\t\t\t\t<div class=\"elementor-element elementor-element-83ff9d6 elementor-widget elementor-widget-text-editor\" data-id=\"83ff9d6\" data-element_type=\"widget\" data-widget_type=\"text-editor.default\">\n\t\t\t\t<div class=\"elementor-widget-container\">\n\t\t\t\t\t\t\t\t\t<p>La pr\u00e9sente politique de confidentialit\u00e9 s'applique \u00e0 la fois aux utilisateurs du site web et \u00e0 son propri\u00e9taire\/exploitant. Nous nous engageons \u00e0 prot\u00e9ger la confidentialit\u00e9 des informations des utilisateurs. Cette politique r\u00e9git toutes les donn\u00e9es collect\u00e9es par nous ou fournies par les utilisateurs dans le cadre de l'utilisation du site web.<\/p><p><strong>3.1. Champ d'application de la politique de protection de la vie priv\u00e9e.<\/strong>\u00a0Le champ d'application de la pr\u00e9sente politique de protection de la vie priv\u00e9e se limite \u00e0 nos actions et \u00e0 celles des utilisateurs concernant le pr\u00e9sent site web. Elle ne s'applique pas aux sites web externes qui peuvent \u00eatre accessibles \u00e0 partir de ce site web, y compris, mais sans s'y limiter, les liens vers les loteries en ligne. Conform\u00e9ment aux lois sur la protection des donn\u00e9es, nous agissons en tant que \"contr\u00f4leur de donn\u00e9es\", ce qui signifie que nous d\u00e9cidons des objectifs et des m\u00e9thodes de traitement de vos donn\u00e9es.<\/p><p><strong>3.2. Collecte de donn\u00e9es.<\/strong> Conform\u00e9ment \u00e0 la pr\u00e9sente politique de confidentialit\u00e9, nous pouvons recueillir les donn\u00e9es suivantes, y compris les donn\u00e9es personnelles, aupr\u00e8s de nos utilisateurs :<\/p><ul><li>Les informations de contact, y compris les adresses \u00e9lectroniques.<\/li><li>Les informations collect\u00e9es automatiquement, telles que les adresses IP, les types de navigateurs web et les syst\u00e8mes d'exploitation utilis\u00e9s.<\/li><\/ul><p><strong>3.3. M\u00e9thodes de collecte des donn\u00e9es.<\/strong> Les donn\u00e9es sont acquises par les m\u00e9thodes suivantes :<\/p><ul><li>Donn\u00e9es fournies directement par les utilisateurs.<\/li><li>Donn\u00e9es collect\u00e9es automatiquement.<\/li><\/ul><p><strong>3.3.1. Donn\u00e9es fournies par les utilisateurs.<\/strong><\/p><p>Les donn\u00e9es sont collect\u00e9es aupr\u00e8s des utilisateurs de diff\u00e9rentes mani\u00e8res, par exemple :<\/p><ul><li>Lorsque les utilisateurs nous contactent par l'interm\u00e9diaire du site web, par courrier \u00e9lectronique ou par d'autres canaux.<\/li><li>Lorsque les utilisateurs soumettent des commentaires ou des plaintes afin d'am\u00e9liorer nos services (il est \u00e0 noter qu'il n'est pas obligatoire de soumettre des plaintes et d'inclure des courriels ou d'autres donn\u00e9es).<\/li><\/ul><p><strong>3.3.2. Donn\u00e9es collect\u00e9es automatiquement.<\/strong><\/p><p>Certaines donn\u00e9es sont automatiquement collect\u00e9es lorsque les utilisateurs visitent le site web, y compris :<\/p><ul><li>Des informations sur votre visite sont automatiquement enregistr\u00e9es, notamment votre adresse IP, la date, l'heure et la fr\u00e9quence de vos visites, ainsi que vos interactions avec le contenu du site web, ce qui nous permet d'affiner le contenu et les fonctionnalit\u00e9s du site web.<\/li><li>Vos donn\u00e9es sont automatiquement collect\u00e9es par le biais de cookies, en fonction des param\u00e8tres de cookies de votre navigateur. Pour des informations d\u00e9taill\u00e9es, veuillez vous r\u00e9f\u00e9rer \u00e0 la section 3.10.<\/li><\/ul><p><strong>3.4. Utilisation des donn\u00e9es.<\/strong> Nous pouvons occasionnellement avoir besoin de l'une ou l'autre des donn\u00e9es susmentionn\u00e9es pour garantir aux utilisateurs une exp\u00e9rience optimale sur le site web. Conform\u00e9ment \u00e0 la pr\u00e9sente politique de confidentialit\u00e9, nous pouvons utiliser les donn\u00e9es aux fins suivantes :<\/p><ul><li>Am\u00e9liorer nos produits ou services.<\/li><li>d'autres objectifs sp\u00e9cifiques pour lesquels l'utilisateur nous a fourni des donn\u00e9es.<\/li><\/ul><p>Nous pouvons utiliser vos donn\u00e9es \u00e0 ces fins si nous le jugeons n\u00e9cessaire pour nos int\u00e9r\u00eats l\u00e9gitimes. Si vous n'\u00eates pas d'accord avec cette utilisation, vous avez le droit de vous y opposer sous certaines conditions (voir section 3.5).<\/p><p>Nous ne divulguons pas, ne louons pas et ne vendons pas les informations personnelles de nos utilisateurs \u00e0 des tiers ou \u00e0 des entreprises.<\/p><p><strong>3.5. Vos droits en mati\u00e8re de donn\u00e9es.<\/strong> Vous disposez des droits suivants concernant vos donn\u00e9es :<\/p><ul><li>Droit d'acc\u00e8s : Vous pouvez \u00e0 tout moment demander une copie des informations que nous d\u00e9tenons sur vous, ou nous demander de les modifier, de les mettre \u00e0 jour ou de les supprimer. Nous pouvons refuser votre demande en vertu de dispositions l\u00e9gales et, dans ce cas, nous vous expliquerons nos raisons.<\/li><li>Droit de rectification : vous avez le droit de faire rectifier vos donn\u00e9es si elles s'av\u00e8rent inexactes.<\/li><li>Droit \u00e0 l'effacement : vous pouvez demander l'effacement ou le retrait de vos donn\u00e9es de nos syst\u00e8mes.<\/li><li>Droit de restreindre l'utilisation : vous avez le droit d'emp\u00eacher ou de limiter l'utilisation que nous faisons de vos donn\u00e9es.<\/li><li>Droit \u00e0 la portabilit\u00e9 des donn\u00e9es : Vous pouvez demander le transfert, la copie ou le d\u00e9placement de vos donn\u00e9es.<\/li><li>Droit d'opposition : Vous avez le droit de vous opposer \u00e0 l'utilisation de vos donn\u00e9es.<\/li><\/ul><p>Pour toute demande de renseignements, pour exercer l'un des droits susmentionn\u00e9s ou pour r\u00e9voquer votre consentement au traitement des donn\u00e9es, contactez-nous \u00e0 l'adresse suivante <strong>support@lottoplay.net<\/strong> Si vous n'\u00eates pas satisfait de la mani\u00e8re dont nous traitons une plainte concernant vos donn\u00e9es, vous pouvez la transmettre \u00e0 l'autorit\u00e9 comp\u00e9tente en mati\u00e8re de protection des donn\u00e9es.<\/p><p>Il est essentiel que les donn\u00e9es que nous d\u00e9tenons \u00e0 votre sujet soient \u00e0 jour. Veuillez nous informer de toute modification apport\u00e9e \u00e0 vos donn\u00e9es pendant la p\u00e9riode o\u00f9 nous les d\u00e9tenons.<\/p><p><strong>3.6. Liens vers des sites web externes.<\/strong> Notre site web comprend des liens vers des sites web externes. Bien que nous examinions minutieusement les sites web vers lesquels nous \u00e9tablissons des liens, nous n'avons aucun contr\u00f4le sur leur contenu et nous n'en sommes pas responsables. La pr\u00e9sente politique de confidentialit\u00e9 ne s'applique pas \u00e0 l'utilisation que vous faites de ces sites web externes. Nous vous conseillons de consulter les politiques de confidentialit\u00e9 de ces sites externes avant de les utiliser.<\/p><p><strong>3.7. Changements dans la propri\u00e9t\u00e9 et le contr\u00f4le des entreprises.<\/strong> Occasionnellement, nous pouvons d\u00e9velopper ou r\u00e9duire nos activit\u00e9s, ce qui peut inclure la vente ou le transfert de contr\u00f4le de tout ou partie du site web. Dans ce cas, les donn\u00e9es de l'utilisateur relatives \u00e0 toute partie de notre activit\u00e9 transf\u00e9r\u00e9e seront transmises au nouveau propri\u00e9taire ou \u00e0 la partie contr\u00f4lante. Ils seront autoris\u00e9s, conform\u00e9ment \u00e0 la pr\u00e9sente politique de confidentialit\u00e9, \u00e0 utiliser les donn\u00e9es aux fins pour lesquelles elles ont \u00e9t\u00e9 collect\u00e9es \u00e0 l'origine.<\/p><p><span style=\"text-decoration: underline;\">En cas de changement de propri\u00e9taire, nous nous efforcerons de garantir la protection de votre vie priv\u00e9e.<\/span><\/p><p><strong>3.8. Utilisation de cookies.<\/strong> Notre site web peut utiliser des cookies sur votre ordinateur. Ces cookies sont mis en \u0153uvre pour am\u00e9liorer votre exp\u00e9rience sur le site web. Nous avons s\u00e9lectionn\u00e9 ces cookies m\u00e9ticuleusement, en veillant \u00e0 ce que votre vie priv\u00e9e soit sauvegard\u00e9e et respect\u00e9e \u00e0 tout moment.<\/p><ul><li>Tous les cookies utilis\u00e9s par notre site Web sont conformes \u00e0 la l\u00e9gislation europ\u00e9enne en vigueur sur les cookies.<\/li><li>Vous avez la possibilit\u00e9 d'activer ou de d\u00e9sactiver les cookies dans votre navigateur internet. La plupart des navigateurs sont configur\u00e9s pour accepter les cookies par d\u00e9faut, mais ce param\u00e8tre peut \u00eatre modifi\u00e9.<\/li><li>Vous avez \u00e9galement la possibilit\u00e9 de supprimer les cookies \u00e0 tout moment, mais sachez que cela peut entra\u00eener la perte d'informations sauvegard\u00e9es qui facilitent un acc\u00e8s plus rapide et plus efficace au site web.<\/li><li>Des informations d\u00e9taill\u00e9es sur l'utilisation des cookies sont fournies dans la version int\u00e9grale de notre site web. <a href=\"https:\/\/lottoplay.net\/fr\/cookies\/\">Politique en mati\u00e8re de cookies<\/a>.<\/li><\/ul><p><strong>3.9. Dispositions finales. <\/strong>En cas de divergence entre la version anglaise du contenu et les versions en fran\u00e7ais, la version anglaise pr\u00e9vaut. Ces conditions sont susceptibles d'\u00eatre modifi\u00e9es \u00e0 tout moment, sans notification pr\u00e9alable.<\/p><p><strong>Publi\u00e9 : 01.01.2024<\/strong><\/p>\t\t\t\t\t\t\t\t<\/div>\n\t\t\t\t<\/div>\n\t\t\t\t\t<\/div>\n\t\t<\/div>\n\t\t\t\t\t<\/div>\n\t\t<\/section>\n\t\t\t\t<\/div>","protected":false},"excerpt":{"rendered":"<p>Les \"conditions\" d\u00e9crites ici \u00e9tablissent les droits et responsabilit\u00e9s r\u00e9ciproques relatifs \u00e0 l'utilisation du site web par ses utilisateurs. Nous nous r\u00e9servons le droit de modifier ces conditions \u00e0 notre discr\u00e9tion, sans notification pr\u00e9alable aux utilisateurs. Les modifications des conditions seront publi\u00e9es sur le site web et, le cas \u00e9ch\u00e9ant, communiqu\u00e9es aux utilisateurs par courrier \u00e9lectronique. [...]<\/p>","protected":false},"author":1,"featured_media":0,"parent":0,"menu_order":0,"comment_status":"closed","ping_status":"closed","template":"","meta":{"footnotes":""},"class_list":["post-2357","page","type-page","status-publish","hentry"],"_links":{"self":[{"href":"https:\/\/lottoplay.net\/fr\/wp-json\/wp\/v2\/pages\/2357","targetHints":{"allow":["GET"]}}],"collection":[{"href":"https:\/\/lottoplay.net\/fr\/wp-json\/wp\/v2\/pages"}],"about":[{"href":"https:\/\/lottoplay.net\/fr\/wp-json\/wp\/v2\/types\/page"}],"author":[{"embeddable":true,"href":"https:\/\/lottoplay.net\/fr\/wp-json\/wp\/v2\/users\/1"}],"replies":[{"embeddable":true,"href":"https:\/\/lottoplay.net\/fr\/wp-json\/wp\/v2\/comments?post=2357"}],"version-history":[{"count":19,"href":"https:\/\/lottoplay.net\/fr\/wp-json\/wp\/v2\/pages\/2357\/revisions"}],"predecessor-version":[{"id":10616,"href":"https:\/\/lottoplay.net\/fr\/wp-json\/wp\/v2\/pages\/2357\/revisions\/10616"}],"wp:attachment":[{"href":"https:\/\/lottoplay.net\/fr\/wp-json\/wp\/v2\/media?parent=2357"}],"curies":[{"name":"wp","href":"https:\/\/api.w.org\/{rel}","templated":true}]}}