{"id":2352,"date":"2023-01-27T01:28:46","date_gmt":"2023-01-27T01:28:46","guid":{"rendered":"https:\/\/lottoplay.net\/?page_id=2352"},"modified":"2023-12-09T22:26:57","modified_gmt":"2023-12-09T22:26:57","slug":"cookies","status":"publish","type":"page","link":"https:\/\/lottoplay.net\/fr\/cookies\/","title":{"rendered":"Cookies"},"content":{"rendered":"<div data-elementor-type=\"wp-page\" data-elementor-id=\"2352\" class=\"elementor elementor-2352\" data-elementor-post-type=\"page\">\n\t\t\t\t\t\t<section class=\"elementor-section elementor-top-section elementor-element elementor-element-30931b8 elementor-section-boxed elementor-section-height-default elementor-section-height-default\" data-id=\"30931b8\" data-element_type=\"section\">\n\t\t\t\t\t\t<div class=\"elementor-container elementor-column-gap-default\">\n\t\t\t\t\t<div class=\"elementor-column elementor-col-100 elementor-top-column elementor-element elementor-element-364325d\" data-id=\"364325d\" data-element_type=\"column\">\n\t\t\t<div class=\"elementor-widget-wrap elementor-element-populated\">\n\t\t\t\t\t\t<div class=\"elementor-element elementor-element-6af2486 elementor-widget elementor-widget-heading\" data-id=\"6af2486\" data-element_type=\"widget\" data-widget_type=\"heading.default\">\n\t\t\t\t<div class=\"elementor-widget-container\">\n\t\t\t\t\t<h2 class=\"elementor-heading-title elementor-size-default\">Politique de cookies de LottoPlay.net<\/h2>\t\t\t\t<\/div>\n\t\t\t\t<\/div>\n\t\t\t\t<div class=\"elementor-element elementor-element-466e30b elementor-widget elementor-widget-text-editor\" data-id=\"466e30b\" data-element_type=\"widget\" data-widget_type=\"text-editor.default\">\n\t\t\t\t<div class=\"elementor-widget-container\">\n\t\t\t\t\t\t\t\t\t<p><a href=\"https:\/\/lottoplay.net\/fr\">Lottoplay.net<\/a> (<strong>\"Nous<\/strong>, <strong>\"Nous\"<\/strong>, <strong>\"Notre<\/strong>, le <strong>\"Site web\"<\/strong>) utilise des cookies. En acc\u00e9dant au site web et en l'utilisant avec des param\u00e8tres de navigateur acceptant les cookies, vous acceptez nos pratiques en mati\u00e8re de cookies, telles qu'elles vous ont \u00e9t\u00e9 communiqu\u00e9es lors de votre premi\u00e8re visite sur notre site web.<\/p><p>La pr\u00e9sente politique en mati\u00e8re de cookies d\u00e9crit ce que sont les cookies, la raison d'\u00eatre et les m\u00e9thodes qui sous-tendent l'utilisation de nos propres cookies et de ceux de tiers sur notre site web, et d\u00e9taille vos pr\u00e9f\u00e9rences en mati\u00e8re de cookies, en particulier les options dont vous disposez si vous choisissez de ne pas accepter les cookies que nous vous proposons.<\/p>\t\t\t\t\t\t\t\t<\/div>\n\t\t\t\t<\/div>\n\t\t\t\t<div class=\"elementor-element elementor-element-c4bf732 elementor-widget elementor-widget-heading\" data-id=\"c4bf732\" data-element_type=\"widget\" data-widget_type=\"heading.default\">\n\t\t\t\t<div class=\"elementor-widget-container\">\n\t\t\t\t\t<h2 class=\"elementor-heading-title elementor-size-default\">Qu'est-ce qu'un cookie ?<\/h2>\t\t\t\t<\/div>\n\t\t\t\t<\/div>\n\t\t\t\t<div class=\"elementor-element elementor-element-1bc4160 elementor-widget elementor-widget-text-editor\" data-id=\"1bc4160\" data-element_type=\"widget\" data-widget_type=\"text-editor.default\">\n\t\t\t\t<div class=\"elementor-widget-container\">\n\t\t\t\t\t\t\t\t\t<p>Les cookies sont de minuscules fichiers texte que les sites web que vous visitez envoient et stockent dans votre navigateur web. Ils permettent aux sites web (ou \u00e0 des tiers) de reconna\u00eetre vos visites (mais pas votre identit\u00e9 individuelle), de recueillir des donn\u00e9es analytiques et d'am\u00e9liorer leurs services et l'exp\u00e9rience des utilisateurs.<\/p><p>Les cookies se r\u00e9partissent en deux cat\u00e9gories : les \"cookies persistants\" et les \"cookies de session\". Les cookies persistants sont enregistr\u00e9s sur votre disque et y restent jusqu'\u00e0 leur expiration (selon la dur\u00e9e fix\u00e9e) ou jusqu'\u00e0 ce que vous les supprimiez manuellement. Les cookies de session, quant \u00e0 eux, sont temporairement stock\u00e9s en m\u00e9moire pour la dur\u00e9e de votre visite. Ils sont supprim\u00e9s lorsque vous quittez le site web (ou fermez le navigateur), ce qui met fin \u00e0 votre \"session\".<\/p><p>En outre, les cookies peuvent \u00eatre class\u00e9s en tant que \"premi\u00e8re partie\" ou \"tierce partie\". Les cookies de premi\u00e8re partie sont plac\u00e9s dans votre navigateur directement par le site web que vous visitez. En revanche, les cookies de tiers sont plac\u00e9s par des entit\u00e9s ou des services externes, tels que des r\u00e9seaux publicitaires ou des outils d'analyse utilis\u00e9s par le site web.<\/p>\t\t\t\t\t\t\t\t<\/div>\n\t\t\t\t<\/div>\n\t\t\t\t<div class=\"elementor-element elementor-element-3d43aec elementor-widget elementor-widget-heading\" data-id=\"3d43aec\" data-element_type=\"widget\" data-widget_type=\"heading.default\">\n\t\t\t\t<div class=\"elementor-widget-container\">\n\t\t\t\t\t<h2 class=\"elementor-heading-title elementor-size-default\">Comment utilisons-nous les cookies ?<\/h2>\t\t\t\t<\/div>\n\t\t\t\t<\/div>\n\t\t\t\t<div class=\"elementor-element elementor-element-5973a8e elementor-widget elementor-widget-text-editor\" data-id=\"5973a8e\" data-element_type=\"widget\" data-widget_type=\"text-editor.default\">\n\t\t\t\t<div class=\"elementor-widget-container\">\n\t\t\t\t\t\t\t\t\t<p>Les cookies ont de nombreuses fonctions. Selon leur fonction, ils peuvent \u00eatre class\u00e9s en quatre cat\u00e9gories :<\/p><ul><li><strong>Cookies strictement n\u00e9cessaires :<\/strong> Ils sont indispensables \u00e0 la navigation et \u00e0 l'utilisation des fonctionnalit\u00e9s du site web. Sans eux, les sites web ne fonctionneraient pas correctement.<\/li><li><strong>Cookies de performance :<\/strong> Ces cookies recueillent des donn\u00e9es sur la mani\u00e8re dont les visiteurs utilisent un site web, fournissant aux op\u00e9rateurs des informations sur les interactions avec les visiteurs. Ces informations sont utilis\u00e9es pour am\u00e9liorer la fonctionnalit\u00e9 du site web.<\/li><li><strong>Cookies de fonctionnalit\u00e9 :<\/strong> Ces cookies m\u00e9morisent vos choix, comme les pr\u00e9f\u00e9rences linguistiques, afin que vous n'ayez pas \u00e0 les r\u00e9initialiser \u00e0 chaque visite. Ils contribuent \u00e0 personnaliser votre exp\u00e9rience sur le site web.<\/li><li><strong>Cookies de ciblage et\/ou de publicit\u00e9 :<\/strong> Ils sont utilis\u00e9s pour afficher des publicit\u00e9s qui correspondent mieux \u00e0 vos centres d'int\u00e9r\u00eat.<\/li><\/ul><p>Vous trouverez ci-dessous un tableau \u00e9num\u00e9rant les cookies que nous utilisons, accompagn\u00e9s d'une br\u00e8ve description et de leur classification. Notez que ce tableau comprend \u00e0 la fois les cookies de premi\u00e8re et de troisi\u00e8me partie. De plus amples d\u00e9tails sur les cookies de tierce partie sont fournis dans une section d\u00e9di\u00e9e \u00e0 la suite du tableau.<\/p>\t\t\t\t\t\t\t\t<\/div>\n\t\t\t\t<\/div>\n\t\t\t\t\t<\/div>\n\t\t<\/div>\n\t\t\t\t\t<\/div>\n\t\t<\/section>\n\t\t\t\t<section class=\"elementor-section elementor-top-section elementor-element elementor-element-3ce5aae elementor-section-boxed elementor-section-height-default elementor-section-height-default\" data-id=\"3ce5aae\" data-element_type=\"section\">\n\t\t\t\t\t\t<div class=\"elementor-container elementor-column-gap-default\">\n\t\t\t\t\t<div class=\"elementor-column elementor-col-100 elementor-top-column elementor-element elementor-element-8f30f57\" data-id=\"8f30f57\" data-element_type=\"column\">\n\t\t\t<div class=\"elementor-widget-wrap elementor-element-populated\">\n\t\t\t\t\t\t<div class=\"elementor-element elementor-element-801047f pp-table-center elementor-widget elementor-widget-pp-table\" data-id=\"801047f\" data-element_type=\"widget\" data-settings=\"{&quot;table_type&quot;:&quot;responsive&quot;,&quot;scrollable&quot;:&quot;no&quot;}\" data-widget_type=\"pp-table.default\">\n\t\t\t\t<div class=\"elementor-widget-container\">\n\t\t\t\t\t\t\t<div class=\"pp-table-container\">\n\t\t\t<table \n\t\t\tclass=\"pp-table tablesaw\" data-tablesaw-mode=\"stack\"\t\t\t\t>\n\t\t\t\t\t\t\t<colgroup>\n\t\t\t\t\t\t\t\t<col\n\t\t\t\t\tspan=\"1\"\n\t\t\t\t\tclass=\"elementor-repeater-item-c7976eb\"\n\t\t\t\t\t\t\t\t\t\t\tstyle=\"\t\t\t\t\t\t\t\t\t\t\t\t\t\t\t\t\t\t\t\t\"\n\t\t\t\t\t\t\t\t\t\t>\n\t\t\t\t\t\t\t<\/colgroup>\n\t\t\t\t\t\t<thead>\n\t\t\t\t<tr class=\"pp-table-row\">\n\t\t\t\t\t<th class=\"pp-table-cell pp-table-cell-77d3176\"><span class=\"pp-table-cell-content\"><span class=\"pp-table-cell-text\">Cookie<\/span><\/span><\/th><th class=\"pp-table-cell pp-table-cell-13e357d\"><span class=\"pp-table-cell-content\"><span class=\"pp-table-cell-text\">Objectif<\/span><\/span><\/th><th class=\"pp-table-cell pp-table-cell-c32b226\"><span class=\"pp-table-cell-content\"><span class=\"pp-table-cell-text\">Premi\u00e8re ou troisi\u00e8me partie<\/span><\/span><\/th>\t\t\t\t<\/tr>\n\t\t\t<\/thead>\n\t\t\t\t\t<tfoot>\n\t\t\t<\/tr>\t\t<\/tfoot>\n\t\t\t\t<tbody>\n\t\t\t<tr ><td class=\"pp-table-cell pp-table-cell-6814ad4\"><span class=\"pp-table-cell-content\"><span class=\"pp-table-cell-text\">landingPageType<\/span><\/span><\/td><td class=\"pp-table-cell pp-table-cell-8908d4b\"><span class=\"pp-table-cell-content\"><span class=\"pp-table-cell-text\">Nous utilisons ce cookie pour enregistrer le type de page par laquelle vous \u00eates entr\u00e9 sur notre site web, \u00e0 des fins d'analyse.<\/span><\/span><\/td><td class=\"pp-table-cell pp-table-cell-4e35dd5\"><span class=\"pp-table-cell-content\"><span class=\"pp-table-cell-text\">Premi\u00e8re partie<\/span><\/span><\/td><\/tr><tr ><td class=\"pp-table-cell pp-table-cell-8a1c726\"><span class=\"pp-table-cell-content\"><span class=\"pp-table-cell-text\">pays de l'utilisateur<\/span><\/span><\/td><td class=\"pp-table-cell pp-table-cell-c3ab917\"><span class=\"pp-table-cell-content\"><span class=\"pp-table-cell-text\">Ce cookie nous permet de stocker le pays de chaque visiteur et de nous en souvenir pour les visites ult\u00e9rieures.<\/span><\/span><\/td><td class=\"pp-table-cell pp-table-cell-b7cb67f\"><span class=\"pp-table-cell-content\"><span class=\"pp-table-cell-text\">Premi\u00e8re partie<\/span><\/span><\/td><\/tr><tr ><td class=\"pp-table-cell pp-table-cell-afbc475\"><span class=\"pp-table-cell-content\"><span class=\"pp-table-cell-text\">countrySelection-\nModalDisplayed<\/span><\/span><\/td><td class=\"pp-table-cell pp-table-cell-9076165\"><span class=\"pp-table-cell-content\"><span class=\"pp-table-cell-text\">Lorsqu'un visiteur entre sur notre site et que son adresse IP ne correspond pas \u00e0 la localisation linguistique du site web sur lequel il est entr\u00e9, nous affichons une fen\u00eatre contextuelle avec l'option d'aller vers la localisation linguistique qui pourrait \u00eatre la plus appropri\u00e9e. Ce cookie nous aide \u00e0 nous souvenir que nous avons d\u00e9j\u00e0 affich\u00e9 cette fen\u00eatre contextuelle.<\/span><\/span><\/td><td class=\"pp-table-cell pp-table-cell-3ba4220\"><span class=\"pp-table-cell-content\"><span class=\"pp-table-cell-text\">Premi\u00e8re partie<\/span><\/span><\/td><\/tr><tr ><td class=\"pp-table-cell pp-table-cell-4516813\"><span class=\"pp-table-cell-content\"><span class=\"pp-table-cell-text\">langues pr\u00e9f\u00e9r\u00e9es<\/span><\/span><\/td><td class=\"pp-table-cell pp-table-cell-8471844\"><span class=\"pp-table-cell-content\"><span class=\"pp-table-cell-text\">Ce cookie nous permet d'enregistrer les langues pr\u00e9f\u00e9r\u00e9es de chaque visiteur et de les m\u00e9moriser pour les visites ult\u00e9rieures.<\/span><\/span><\/td><td class=\"pp-table-cell pp-table-cell-48f1771\"><span class=\"pp-table-cell-content\"><span class=\"pp-table-cell-text\">Premi\u00e8re partie<\/span><\/span><\/td><\/tr><tr ><td class=\"pp-table-cell pp-table-cell-3c65004\"><span class=\"pp-table-cell-content\"><span class=\"pp-table-cell-text\">visitorIdIgnore<\/span><\/span><\/td><td class=\"pp-table-cell pp-table-cell-857dccb\"><span class=\"pp-table-cell-content\"><span class=\"pp-table-cell-text\">Nous utilisons ce cookie pour identifier les visiteurs que nous ne voulons pas suivre. Il est utile, par exemple, pour identifier les robots que nous voulons exclure de nos analyses.<\/span><\/span><\/td><td class=\"pp-table-cell pp-table-cell-4c17c53\"><span class=\"pp-table-cell-content\"><span class=\"pp-table-cell-text\">Premi\u00e8re partie<\/span><\/span><\/td><\/tr><tr ><td class=\"pp-table-cell pp-table-cell-53db172\"><span class=\"pp-table-cell-content\"><span class=\"pp-table-cell-text\">visitorId<\/span><\/span><\/td><td class=\"pp-table-cell pp-table-cell-824693d\"><span class=\"pp-table-cell-content\"><span class=\"pp-table-cell-text\">Nous utilisons ce cookie pour attribuer un identifiant \u00e0 chaque visiteur, ce qui nous aide \u00e0 les identifier et \u00e0 utiliser les bons param\u00e8tres lors de visites r\u00e9p\u00e9t\u00e9es.<\/span><\/span><\/td><td class=\"pp-table-cell pp-table-cell-0f305b6\"><span class=\"pp-table-cell-content\"><span class=\"pp-table-cell-text\">Premi\u00e8re partie<\/span><\/span><\/td><\/tr><tr ><td class=\"pp-table-cell pp-table-cell-43c7cc0\"><span class=\"pp-table-cell-content\"><span class=\"pp-table-cell-text\">dernier coup<\/span><\/span><\/td><td class=\"pp-table-cell pp-table-cell-49095e8\"><span class=\"pp-table-cell-content\"><span class=\"pp-table-cell-text\">Nous utilisons ce cookie pour stocker l'horodatage de votre derni\u00e8re action effectu\u00e9e sur notre site web.<\/span><\/span><\/td><td class=\"pp-table-cell pp-table-cell-fd5261e\"><span class=\"pp-table-cell-content\"><span class=\"pp-table-cell-text\">Premi\u00e8re partie<\/span><\/span><\/td><\/tr><tr ><td class=\"pp-table-cell pp-table-cell-4a2841b\"><span class=\"pp-table-cell-content\"><span class=\"pp-table-cell-text\">CookieConsent<\/span><\/span><\/td><td class=\"pp-table-cell pp-table-cell-78fe46b\"><span class=\"pp-table-cell-content\"><span class=\"pp-table-cell-text\">Ce cookie nous permet de nous rappeler que vous avez d\u00e9j\u00e0 re\u00e7u notre message sur les cookies et que vous l'avez accept\u00e9.<\/span><\/span><\/td><td class=\"pp-table-cell pp-table-cell-db1235d\"><span class=\"pp-table-cell-content\"><span class=\"pp-table-cell-text\">Premi\u00e8re partie<\/span><\/span><\/td><\/tr><tr ><td class=\"pp-table-cell pp-table-cell-cd3628d\"><span class=\"pp-table-cell-content\"><span class=\"pp-table-cell-text\">NID<\/span><\/span><\/td><td class=\"pp-table-cell pp-table-cell-5df817d\"><span class=\"pp-table-cell-content\"><span class=\"pp-table-cell-text\">Cookie utilis\u00e9 par Google pour m\u00e9moriser les pr\u00e9f\u00e9rences de l'utilisateur et d'autres informations, telles que le pays pr\u00e9f\u00e9r\u00e9, le nombre de r\u00e9sultats de recherche par page et les pr\u00e9f\u00e9rences SafeSearch.<\/span><\/span><\/td><td class=\"pp-table-cell pp-table-cell-784543d\"><span class=\"pp-table-cell-content\"><span class=\"pp-table-cell-text\">Tiers<\/span><\/span><\/td><\/tr><tr ><td class=\"pp-table-cell pp-table-cell-dd61d30\"><span class=\"pp-table-cell-content\"><span class=\"pp-table-cell-text\">collecter<\/span><\/span><\/td><td class=\"pp-table-cell pp-table-cell-12931fd\"><span class=\"pp-table-cell-content\"><span class=\"pp-table-cell-text\">Cookie utilis\u00e9 pour envoyer des donn\u00e9es \u00e0 Google Analytics.<\/span><\/span><\/td><td class=\"pp-table-cell pp-table-cell-fcb3cc6\"><span class=\"pp-table-cell-content\"><span class=\"pp-table-cell-text\">Tiers<\/span><\/span><\/td><\/tr><tr ><td class=\"pp-table-cell pp-table-cell-1cbf8b9\"><span class=\"pp-table-cell-content\"><span class=\"pp-table-cell-text\">_gid<\/span><\/span><\/td><td class=\"pp-table-cell pp-table-cell-fb13299\"><span class=\"pp-table-cell-content\"><span class=\"pp-table-cell-text\">Cookie utilis\u00e9 par Google Analytics pour distinguer les utilisateurs.<\/span><\/span><\/td><td class=\"pp-table-cell pp-table-cell-8adfd8d\"><span class=\"pp-table-cell-content\"><span class=\"pp-table-cell-text\">Tiers<\/span><\/span><\/td><\/tr><tr ><td class=\"pp-table-cell pp-table-cell-41db835\"><span class=\"pp-table-cell-content\"><span class=\"pp-table-cell-text\">_gat<\/span><\/span><\/td><td class=\"pp-table-cell pp-table-cell-ef8fe59\"><span class=\"pp-table-cell-content\"><span class=\"pp-table-cell-text\">Cookie utilis\u00e9 par Google Analytics pour limiter le nombre de requ\u00eates.<\/span><\/span><\/td><td class=\"pp-table-cell pp-table-cell-157c237\"><span class=\"pp-table-cell-content\"><span class=\"pp-table-cell-text\">Tiers<\/span><\/span><\/td><\/tr><tr ><td class=\"pp-table-cell pp-table-cell-ba9dec7\"><span class=\"pp-table-cell-content\"><span class=\"pp-table-cell-text\">_ga<\/span><\/span><\/td><td class=\"pp-table-cell pp-table-cell-80cd1d5\"><span class=\"pp-table-cell-content\"><span class=\"pp-table-cell-text\">Cookie utilis\u00e9 par Google Analytics pour distinguer les utilisateurs.<\/span><\/span><\/td><td class=\"pp-table-cell pp-table-cell-7318ae9\"><span class=\"pp-table-cell-content\"><span class=\"pp-table-cell-text\">Tiers<\/span><\/span><\/td><\/tr>\t\t<\/tbody>\n\t\t\t\t\t<\/table>\n\t\t<\/div>\n\t\t\t\t\t\t<\/div>\n\t\t\t\t<\/div>\n\t\t\t\t<div class=\"elementor-element elementor-element-fa2fd69 elementor-widget elementor-widget-spacer\" data-id=\"fa2fd69\" data-element_type=\"widget\" data-widget_type=\"spacer.default\">\n\t\t\t\t<div class=\"elementor-widget-container\">\n\t\t\t\t\t\t\t<div class=\"elementor-spacer\">\n\t\t\t<div class=\"elementor-spacer-inner\"><\/div>\n\t\t<\/div>\n\t\t\t\t\t\t<\/div>\n\t\t\t\t<\/div>\n\t\t\t\t<div class=\"elementor-element elementor-element-25dabe6 elementor-widget elementor-widget-heading\" data-id=\"25dabe6\" data-element_type=\"widget\" data-widget_type=\"heading.default\">\n\t\t\t\t<div class=\"elementor-widget-container\">\n\t\t\t\t\t<h2 class=\"elementor-heading-title elementor-size-default\">Cookies de tiers<\/h2>\t\t\t\t<\/div>\n\t\t\t\t<\/div>\n\t\t\t\t<div class=\"elementor-element elementor-element-8f9186f elementor-widget elementor-widget-text-editor\" data-id=\"8f9186f\" data-element_type=\"widget\" data-widget_type=\"text-editor.default\">\n\t\t\t\t<div class=\"elementor-widget-container\">\n\t\t\t\t\t\t\t\t\t<p>Comme indiqu\u00e9 dans le tableau, notre site Web utilise des cookies de tiers provenant de sources externes. Cela est d\u00fb \u00e0 l'int\u00e9gration de services tiers \u00e0 notre site web. L'un des principaux services int\u00e9gr\u00e9s est <strong>Google Analytics.<\/strong><\/p><p><strong>Google Analytics. <\/strong>Ce service utilise des cookies pour suivre et rendre compte du trafic sur le site web, ce qui nous aide \u00e0 comprendre comment les visiteurs interagissent avec notre site web. Cette analyse est essentielle pour am\u00e9liorer l'exp\u00e9rience de l'utilisateur et les performances du site web.<\/p><p>Google Analytics recueille des donn\u00e9es analytiques sur les visiteurs de notre site web, y compris des d\u00e9tails sur leurs visites individuelles et leurs interactions avec le site web. Pour plus d'informations sur Google Analytics et les cookies associ\u00e9s, vous pouvez consulter les sites suivants <a href=\"https:\/\/developers.google.com\/analytics\/devguides\/collection\/analyticsjs\/cookie-usage\" rel=\"nofollow noopener\" target=\"_blank\">Utilisation des cookies Google Analytics sur les sites web<\/a>. Cette ressource fournit des informations d\u00e9taill\u00e9es sur le fonctionnement de Google Analytics et sur le r\u00f4le que jouent ses cookies dans le suivi et l'analyse de l'utilisation des sites web.<\/p>\t\t\t\t\t\t\t\t<\/div>\n\t\t\t\t<\/div>\n\t\t\t\t\t<\/div>\n\t\t<\/div>\n\t\t\t\t\t<\/div>\n\t\t<\/section>\n\t\t\t\t<\/div>","protected":false},"excerpt":{"rendered":"<p>LottoPlay.net Politique en mati\u00e8re de cookies Lottoplay.net (\" Nous \", \" Notre \", \" Nos \", le \" Site Internet \") utilise des cookies. En acc\u00e9dant et en utilisant le site Web avec des param\u00e8tres de navigateur acceptant les cookies, votre utilisation implique un consentement \u00e0 nos pratiques en mati\u00e8re de cookies, telles qu'elles ont \u00e9t\u00e9 communiqu\u00e9es lors de votre premi\u00e8re visite sur notre site Web. La pr\u00e9sente politique en mati\u00e8re de cookies d\u00e9crit ce que sont les cookies, la raison d'\u00eatre et les m\u00e9thodes qui sous-tendent notre utilisation des deux [...]<\/p>","protected":false},"author":1,"featured_media":0,"parent":0,"menu_order":0,"comment_status":"closed","ping_status":"closed","template":"","meta":{"footnotes":""},"class_list":["post-2352","page","type-page","status-publish","hentry"],"_links":{"self":[{"href":"https:\/\/lottoplay.net\/fr\/wp-json\/wp\/v2\/pages\/2352","targetHints":{"allow":["GET"]}}],"collection":[{"href":"https:\/\/lottoplay.net\/fr\/wp-json\/wp\/v2\/pages"}],"about":[{"href":"https:\/\/lottoplay.net\/fr\/wp-json\/wp\/v2\/types\/page"}],"author":[{"embeddable":true,"href":"https:\/\/lottoplay.net\/fr\/wp-json\/wp\/v2\/users\/1"}],"replies":[{"embeddable":true,"href":"https:\/\/lottoplay.net\/fr\/wp-json\/wp\/v2\/comments?post=2352"}],"version-history":[{"count":7,"href":"https:\/\/lottoplay.net\/fr\/wp-json\/wp\/v2\/pages\/2352\/revisions"}],"predecessor-version":[{"id":8735,"href":"https:\/\/lottoplay.net\/fr\/wp-json\/wp\/v2\/pages\/2352\/revisions\/8735"}],"wp:attachment":[{"href":"https:\/\/lottoplay.net\/fr\/wp-json\/wp\/v2\/media?parent=2352"}],"curies":[{"name":"wp","href":"https:\/\/api.w.org\/{rel}","templated":true}]}}